{"id":1073,"date":"2018-05-31T22:16:15","date_gmt":"2018-05-31T20:16:15","guid":{"rendered":"http:\/\/www.schule-finowfurt.de\/site\/?page_id=1073"},"modified":"2018-05-31T22:23:19","modified_gmt":"2018-05-31T20:23:19","slug":"2013-schule-finowfurt-auf-europa-reise","status":"publish","type":"page","link":"https:\/\/www.schule-finowfurt.de\/site\/?page_id=1073","title":{"rendered":"2013: Schule Finowfurt auf Europa-Reise"},"content":{"rendered":"<p class=\"rtejustify\">\u201eStreets of Europe \u2013 Stra\u00dfen Europas\u201c so lautete das Thema unserer diesj\u00e4hrigen Projektwoche. Die Sch\u00fclerinnen und Sch\u00fcler erkundigten sich zun\u00e4chst \u00fcber Kultur, Tradition und Geographie der Comenius-Partnerl\u00e4nder Griechenland, Polen, T\u00fcrkei, Bulgarien und Norwegen. Es wurden landestypische Materialien von zuhause mitgebracht, es\u00a0 entstanden L\u00e4nder-Puzzle und Plakate.<br \/>\nDa Finowfurt reich mit Wasserstra\u00dfen umgeben ist, bot es sich nat\u00fcrlich an, \u00fcber Wasserverbindungen zu den Partnerl\u00e4ndern zu recherchieren. Das Ergebnis: Man kann alle L\u00e4nder \u00fcber den Wasserweg erreichen! Es wurden kleine und gro\u00dfe Fl\u00f6\u00dfe gebaut und ausprobiert. Mitglieder des Finowfurter\u00a0 Fl\u00f6\u00dferverein unterst\u00fctzten, indem sie interessant \u00fcber Geschichte, Tradition und Bedeutung des Fl\u00f6\u00dfens sprachen und letztendlich auch zum Fl\u00f6\u00dferplatz einluden.<br \/>\nAndere Klassen besch\u00e4ftigten sich\u00a0 intensiv mit der Entwicklung unserer Wasserstra\u00dfen oder mit den vielen Schleusen innerhalb unserer Region. Die Entwicklung von Wasserfahrzeugen wurde sehr eindrucksvoll auf Plakaten festgehalten.<br \/>\nEine Herausforderung f\u00fcr die \u00e4lteren Jahrg\u00e4nge war die Aufgabe, Ergebnisse in deutscher und in englischer Sprache festzuhalten. So entstanden Power Point Pr\u00e4sentationen, Plakate und Wandbilder in zwei Sprachen. Einige Ergebnisse- wie die Recherchen \u00fcber unsere Schule, unseren Ort, Bildungssystem und typisch deutsche Stra\u00dfenspiele &#8211;\u00a0 konnten somit f\u00fcr die ersten Workshops nach Polen mitgenommen werden.<br \/>\n\u201eW\u00fcrdest du gern an einer \u00e4hnlichen Projektwoche teilnehmen?\u201c, die meisten Sch\u00fclersprecher \u00e4u\u00dferten in der Auswertung \u201eauf jeden Fall!\u201c. \u201eHattest du die M\u00f6glichkeit, \u00fcber Ablauf und Inhalt innerhalb deines Teams mitzuentscheiden?\u201c Die gr\u00f6\u00dferen als auch kleineren Jahrg\u00e4nge gaben \u00fcberwiegend die 5 (auf jeden Fall) oder die Nummer 4 an. Bez\u00fcglich eigener Mitarbeit und Engagement bewerteten sich fast alle Klassensprecher mit einer Zwei oder einer Eins.<\/p>\n<p class=\"rtejustify\"><em>M. Lange<\/em><\/p>\n<p>&nbsp;<\/p>\n<p>&#8222;Dieses Projekt wurde mit Unterst\u00fctzung der Europ\u00e4ischen Kommission finanziert. Die Verantwortung f\u00fcr den Inhalt dieser Ver\u00f6ffentlichung (Mitteilung) tr\u00e4gt allein der Verfasser; die Kommission haftet nicht f\u00fcr die weitere Verwendung der darin enthaltenen Angaben.\u201c<br \/>\n<a href=\"http:\/\/ec.europa.eu\/dgs\/education_culture\/publ\/graphics\/identity_en.html\">http:\/\/ec.europa.eu\/dgs\/education_culture\/publ\/graphics\/identity_en.html<\/a><\/p>\n<h4>Downloadbereich:<\/h4>\n<p><a href=\"https:\/\/www.schule-finowfurt.de\/site\/wp-content\/uploads\/2018\/05\/1-Finowfurt-School.pptx\">1 Finowfurt School<\/a><\/p>\n<p><a href=\"https:\/\/www.schule-finowfurt.de\/site\/wp-content\/uploads\/2018\/05\/2-Theatre-in-Germany.pptx\">2 Theatre in Germany<\/a><\/p>\n<p><a href=\"https:\/\/www.schule-finowfurt.de\/site\/wp-content\/uploads\/2018\/05\/3-Comeniusolympiade.pptx\">3 Comeniusolympiade<\/a><\/p>\n<p><a href=\"https:\/\/www.schule-finowfurt.de\/site\/wp-content\/uploads\/2018\/05\/4-Streets-connecting-people-The-Finow-Canal.pptx\">4 Streets connecting people &#8211; The Finow Canal<\/a><\/p>\n","protected":false},"excerpt":{"rendered":"<p>\u201eStreets of Europe \u2013 Stra\u00dfen Europas\u201c so lautete das Thema unserer diesj\u00e4hrigen Projektwoche. Die Sch\u00fclerinnen und Sch\u00fcler erkundigten sich zun\u00e4chst<\/p>\n","protected":false},"author":1,"featured_media":0,"parent":0,"menu_order":0,"comment_status":"closed","ping_status":"closed","template":"","meta":{"footnotes":""},"class_list":["post-1073","page","type-page","status-publish","hentry"],"_links":{"self":[{"href":"https:\/\/www.schule-finowfurt.de\/site\/index.php?rest_route=\/wp\/v2\/pages\/1073","targetHints":{"allow":["GET"]}}],"collection":[{"href":"https:\/\/www.schule-finowfurt.de\/site\/index.php?rest_route=\/wp\/v2\/pages"}],"about":[{"href":"https:\/\/www.schule-finowfurt.de\/site\/index.php?rest_route=\/wp\/v2\/types\/page"}],"author":[{"embeddable":true,"href":"https:\/\/www.schule-finowfurt.de\/site\/index.php?rest_route=\/wp\/v2\/users\/1"}],"replies":[{"embeddable":true,"href":"https:\/\/www.schule-finowfurt.de\/site\/index.php?rest_route=%2Fwp%2Fv2%2Fcomments&post=1073"}],"version-history":[{"count":4,"href":"https:\/\/www.schule-finowfurt.de\/site\/index.php?rest_route=\/wp\/v2\/pages\/1073\/revisions"}],"predecessor-version":[{"id":1101,"href":"https:\/\/www.schule-finowfurt.de\/site\/index.php?rest_route=\/wp\/v2\/pages\/1073\/revisions\/1101"}],"wp:attachment":[{"href":"https:\/\/www.schule-finowfurt.de\/site\/index.php?rest_route=%2Fwp%2Fv2%2Fmedia&parent=1073"}],"curies":[{"name":"wp","href":"https:\/\/api.w.org\/{rel}","templated":true}]}}