{"id":1145,"date":"2018-05-31T22:38:33","date_gmt":"2018-05-31T20:38:33","guid":{"rendered":"http:\/\/www.schule-finowfurt.de\/site\/?page_id=1145"},"modified":"2018-05-31T22:38:33","modified_gmt":"2018-05-31T20:38:33","slug":"jugendtreffen-2016","status":"publish","type":"page","link":"https:\/\/www.schule-finowfurt.de\/site\/?page_id=1145","title":{"rendered":"Jugendtreffen 2016"},"content":{"rendered":"<h4 style=\"font-weight: 400;\"><strong>Bericht \u00fcber das Deutsch-Polnische Partnertreffen am \u00dcdersee 22.09.2016 \u2013 25.09.2016<\/strong><\/h4>\n<p style=\"font-weight: 400;\"><strong>Anreise:<\/strong>\u00a0Die deutschen aus der Schule Finowfurt sind selbstst\u00e4ndig zum Partnertreffen gefahren die aus Korschenbroich sind mit dem Bus zusammen und die aus Polen die beiden Schulen sind auch mit dem Bus gekommen<\/p>\n<p style=\"font-weight: 400;\"><strong style=\"font-size: 1.125rem;\">1. Tag:<\/strong><span style=\"font-size: 1.125rem;\">Wir sind Abendbrot essen gegangen das essen war richtig lecker. Wir haben Spiele gespielt mit den anderen Schulen. Es war ein langer Tag uns wurden abends die Handys weggenommen das fanden wir bl\u00f6d aber wir haben sie am fr\u00fchen Morgen vor dem Fr\u00fchst\u00fcck wiederbekommen.<\/span><\/p>\n<p style=\"font-weight: 400;\"><strong>2.\u00a0<\/strong><strong style=\"font-size: 1.125rem;\">Tag:<\/strong><span style=\"font-size: 1.125rem;\">Wir sind um 7:30 Uhr aufgestanden und um 8:00 Uhr gab es Fr\u00fchst\u00fcck. Nach dem Fr\u00fchst\u00fcck sind wir alle in den Kletterwald gefahren wir wurden in 2 Gruppen aufgeteilt eine war\u00a0 Klettern und die andere war im Wildpark zur Halbzeit sind wir in den Jugendclub Gro\u00df Sch\u00f6nebeck gefahren und haben dort Mittag gegessen.<\/span><\/p>\n<p style=\"font-weight: 400;\"><strong>3. Tag:<\/strong>Das Schloss Lichterfelde stand auf dem Schirm, wir konnten uns Gruppen aussuchen in denen wir unbedingt mitmachen wollten unter anderem: Rockband, Hip-Hop, Break Dance, Fotografie, den eigenen Rap erstellen, oder St\u00fchle bauen.<\/p>\n<p style=\"font-weight: 400;\">Das haben wir vor gro\u00dfem Publikum vorgetragen. Leider gab es auch einen Unfall und Justin aus Korschenbroich hat sich das Schienbein gebrochen. Zum Abendbrot gab es leckere Nudeln aus der Gulaschkanone dr\u00fcben im Schlosspark und am Abend auf der Disco, die am \u00dcdersee im gro\u00dfen Saal stattfand, haben wir ordentlich getanzt.<\/p>\n<p style=\"font-weight: 400;\"><strong>Am n\u00e4chsten Morgen:<\/strong>\u00a0es flossen sehr viele Tr\u00e4nen als es zum Abschied ging, letztes Mal Zimmer angesehen, Betten abgezogen, Fr\u00fchst\u00fcck gegessen und das letzte Foto geschossen. Es haben sich gute Freundschaften gebildet und wir alle sind heute noch in Kontakt. Zum Letzen Mal die Abschiedsrunde und Schokolade und einen Stick mit allen Bildern gab es als Geschenk. N\u00e4chstes Jahr sehen wir uns wieder, waren klare Worte der Deutschen sowohl auch bei den Polen.<\/p>\n","protected":false},"excerpt":{"rendered":"<p>Bericht \u00fcber das Deutsch-Polnische Partnertreffen am \u00dcdersee 22.09.2016 \u2013 25.09.2016 Anreise:\u00a0Die deutschen aus der Schule Finowfurt sind selbstst\u00e4ndig zum Partnertreffen<\/p>\n","protected":false},"author":1,"featured_media":0,"parent":0,"menu_order":0,"comment_status":"closed","ping_status":"closed","template":"","meta":{"footnotes":""},"class_list":["post-1145","page","type-page","status-publish","hentry"],"_links":{"self":[{"href":"https:\/\/www.schule-finowfurt.de\/site\/index.php?rest_route=\/wp\/v2\/pages\/1145","targetHints":{"allow":["GET"]}}],"collection":[{"href":"https:\/\/www.schule-finowfurt.de\/site\/index.php?rest_route=\/wp\/v2\/pages"}],"about":[{"href":"https:\/\/www.schule-finowfurt.de\/site\/index.php?rest_route=\/wp\/v2\/types\/page"}],"author":[{"embeddable":true,"href":"https:\/\/www.schule-finowfurt.de\/site\/index.php?rest_route=\/wp\/v2\/users\/1"}],"replies":[{"embeddable":true,"href":"https:\/\/www.schule-finowfurt.de\/site\/index.php?rest_route=%2Fwp%2Fv2%2Fcomments&post=1145"}],"version-history":[{"count":1,"href":"https:\/\/www.schule-finowfurt.de\/site\/index.php?rest_route=\/wp\/v2\/pages\/1145\/revisions"}],"predecessor-version":[{"id":1146,"href":"https:\/\/www.schule-finowfurt.de\/site\/index.php?rest_route=\/wp\/v2\/pages\/1145\/revisions\/1146"}],"wp:attachment":[{"href":"https:\/\/www.schule-finowfurt.de\/site\/index.php?rest_route=%2Fwp%2Fv2%2Fmedia&parent=1145"}],"curies":[{"name":"wp","href":"https:\/\/api.w.org\/{rel}","templated":true}]}}