{"id":123,"date":"2018-05-30T15:01:07","date_gmt":"2018-05-30T13:01:07","guid":{"rendered":"http:\/\/www.schule-finowfurt.de\/site\/?page_id=123"},"modified":"2024-12-03T21:34:40","modified_gmt":"2024-12-03T20:34:40","slug":"impressum","status":"publish","type":"page","link":"https:\/\/www.schule-finowfurt.de\/site\/?page_id=123","title":{"rendered":"Impressum"},"content":{"rendered":"<p>Der vorliegende Internetauftritt wird verantwortlich herausgegeben von der<\/p>\n<p><strong>Schule Finowfurt<\/strong><br \/>\nSpechthausener Str. 1 &#8211; 3<br \/>\nOT Finowfurt<br \/>\n16244 Schorfheide<br \/>\nTel. 03335 \/ 74 65<br \/>\nFax. 03335 \/ 3 13 16<br \/>\nE-Mail: <a href=\"mailto:schule.finowfurt@lk.brandenburg.de\">schule.finowfurt@lk.brandenburg.de<\/a><\/p>\n<p><strong>Schulleitung:<\/strong><br \/>\nAnja Gehrke-Witthuhn<\/p>\n<p><strong>Schultr\u00e4ger:<\/strong><br \/>\nGemeinde Schorfheide<\/p>\n<p><strong>Datenschutzbeauftragter:<\/strong>\u00a0\u00a0\u00a0\u00a0\u00a0\u00a0\u00a0\u00a0\u00a0\u00a0\u00a0\u00a0\u00a0\u00a0\u00a0\u00a0\u00a0\u00a0\u00a0\u00a0\u00a0\u00a0\u00a0\u00a0\u00a0\u00a0\u00a0\u00a0\u00a0\u00a0\u00a0\u00a0\u00a0\u00a0\u00a0\u00a0\u00a0\u00a0\u00a0\u00a0\u00a0\u00a0\u00a0\u00a0\u00a0\u00a0\u00a0\u00a0\u00a0\u00a0\u00a0\u00a0\u00a0\u00a0\u00a0\u00a0\u00a0\u00a0\u00a0\u00a0\u00a0\u00a0\u00a0\u00a0\u00a0\u00a0\u00a0\u00a0\u00a0\u00a0\u00a0\u00a0\u00a0\u00a0\u00a0\u00a0\u00a0\u00a0\u00a0\u00a0\u00a0\u00a0 Hr. S. Wiedenh\u00f6ft, Staatliches Schulamt Frankfurt (Oder) \u00a0\u00a0 \u00a0\u00a0 \u00a0\u00a0 \u00a0\u00a0 \u00a0\u00a0 \u00a0\u00a0 \u00a0\u00a0 \u00a0\u00a0 \u00a0\u00a0 \u00a0\u00a0 \u00a0\u00a0 \u00a0\u00a0 \u00a0\u00a0 \u00a0\u00a0 \u00a0 \u00a0\u00a0 <a href=\"mailto:Datenschutz-Schulen-FF@schulaemter.brandenburg.de\">Datenschutz-Schulen-FF@schulaemter.brandenburg.de<\/a><\/p>\n<p><strong>Verantwortlicher Redakteur:<br \/>\n<\/strong>Thilo Reffert<\/p>\n<p><strong>Wichtiger Hinweis zu allen Links auf dieser Homepage!<\/strong><br \/>\nMit Urteil vom 12. Mai 1998 (312 O 85\/98 &#8222;Haftung f\u00fcr Links&#8220;) hat das Landgericht Hamburg entschieden, dass man durch die Einbindung eines Links gegebenenfalls f\u00fcr die Inhalte der gelinkten Seiten mit verantwortlich ist. Dies kann &#8211; laut Landgericht Hamburg &#8211; nur dadurch verhindert werden, dass man sich ausdr\u00fccklich von diesen Inhalten distanziert.<\/p>\n<p>Die Schule Finowfurt distanziert sich hiermit ausdr\u00fccklich von allen gelinkten Seiten. Wir m\u00f6chten ausdr\u00fccklich betonen, dass wir keinerlei Einfluss auf die Gestaltung und die Inhalte der gelinkten Seiten haben. Diese Erkl\u00e4rung gilt f\u00fcr alle auf dieser Homepage eingebundenen Links.<\/p>\n","protected":false},"excerpt":{"rendered":"<p>Der vorliegende Internetauftritt wird verantwortlich herausgegeben von der Schule Finowfurt Spechthausener Str. 1 &#8211; 3 OT Finowfurt 16244 Schorfheide Tel.<\/p>\n","protected":false},"author":1,"featured_media":0,"parent":0,"menu_order":0,"comment_status":"closed","ping_status":"closed","template":"","meta":{"footnotes":""},"class_list":["post-123","page","type-page","status-publish","hentry"],"_links":{"self":[{"href":"https:\/\/www.schule-finowfurt.de\/site\/index.php?rest_route=\/wp\/v2\/pages\/123","targetHints":{"allow":["GET"]}}],"collection":[{"href":"https:\/\/www.schule-finowfurt.de\/site\/index.php?rest_route=\/wp\/v2\/pages"}],"about":[{"href":"https:\/\/www.schule-finowfurt.de\/site\/index.php?rest_route=\/wp\/v2\/types\/page"}],"author":[{"embeddable":true,"href":"https:\/\/www.schule-finowfurt.de\/site\/index.php?rest_route=\/wp\/v2\/users\/1"}],"replies":[{"embeddable":true,"href":"https:\/\/www.schule-finowfurt.de\/site\/index.php?rest_route=%2Fwp%2Fv2%2Fcomments&post=123"}],"version-history":[{"count":11,"href":"https:\/\/www.schule-finowfurt.de\/site\/index.php?rest_route=\/wp\/v2\/pages\/123\/revisions"}],"predecessor-version":[{"id":4023,"href":"https:\/\/www.schule-finowfurt.de\/site\/index.php?rest_route=\/wp\/v2\/pages\/123\/revisions\/4023"}],"wp:attachment":[{"href":"https:\/\/www.schule-finowfurt.de\/site\/index.php?rest_route=%2Fwp%2Fv2%2Fmedia&parent=123"}],"curies":[{"name":"wp","href":"https:\/\/api.w.org\/{rel}","templated":true}]}}