{"id":1236,"date":"2018-05-31T23:09:33","date_gmt":"2018-05-31T21:09:33","guid":{"rendered":"http:\/\/www.schule-finowfurt.de\/site\/?page_id=1236"},"modified":"2018-05-31T23:13:02","modified_gmt":"2018-05-31T21:13:02","slug":"2-internationales-erasmus-treffen-in-griechenland-2017","status":"publish","type":"page","link":"https:\/\/www.schule-finowfurt.de\/site\/?page_id=1236","title":{"rendered":"2. Internationales Erasmus+ Treffen in Griechenland 2017"},"content":{"rendered":"<h4 class=\"rtejustify\"><strong>Erasmus + Projekt der Schule Finowfurt: EDUCATION- the key for you future!<br \/>\n&#8211; 2. Internationales Treffen in Griechenland &#8211;<\/strong><\/h4>\n<p class=\"rtejustify\">Im Rahmen des von der EU gef\u00f6rderten internationalen Erasmus Austauschprogramms verbrachte eine Delegation der Schule Finowfurt eine Woche in Athen. Gemeinsam mit Lehrern und Sch\u00fclern aus unseren Partnerl\u00e4ndern Griechenland, Ungarn, der T\u00fcrkei, der Niederlande und Spanien besch\u00e4ftigten wir uns mit dem Thema: \u201eErh\u00f6hung der Lesekompetenz \u2013 Erarbeitung von verschiedenen motivierenden Techniken zur Aneignung und Verbesserung der Fertigkeit Lesen\u201c.<\/p>\n<p class=\"rtejustify\">Zoe Mehlfeld aus der Klasse 10a notiert ihre Eindr\u00fccke:<\/p>\n<p class=\"rtejustify\">\u201eSchon gleich am ersten Tag begannen wir mit den Workshops. Wir wurden verschiedenen Teams zugeteilt, um uns mit den anderen f\u00fcnf Delegationen besser kennenzulernen und Projektaufgaben umzusetzen. Lesen, Leseverstehen und Lesestrategien waren einige unserer Themen.<\/p>\n<p class=\"rtejustify\">Der Dienstag wurde Tag des \u201eLaufmarsches\u201c genannt. Wir liefen zu der ber\u00fchmtem Akropolis. Dort hatten wir einen wundersch\u00f6nen Ausblick \u00fcber Athen. Der Besuch im Akropolismuseum, der Rundgang auf der Akropolis und auch der Besuch des Parthenon durften nicht fehlen. Am Nachmittag bereisten wir mit dem Citysightseeingbus das historische Zentrum von Athen.<\/p>\n<p class=\"rtejustify\">Am n\u00e4chsten Tag fuhren wir mit dem Bus zum Kanal von Korinth. Der Kanal von Korinth trennt das griechische Festland von der Halbinsel Peloponnes. Um eine Durchfahrtsm\u00f6glichkeit zu schaffen und dem Schiffsverkehr so die etwa 400 km lange Fahrt rund um die Peloponnes zu ersparen, nahm man es auf sich, sich bis zu 84 m in die Tiefe durch Felsgestein hindurchzuarbeiten. Da wir so einen Kanal noch nie gesehen hatten, fanden wir die Besichtigung sehr beeindruckend. Nun ging die Reise weiter zum antiken Theater in Epidaurus.\u00a0 Nachdem wir diese zwei sch\u00f6nen Sehensw\u00fcrdigkeiten erkundeten, hatten wir noch Freizeit im Ort Nafplion. Wir waren alle von diesen drei wundersch\u00f6nen Orten\u00a0 so fasziniert und haben viele Erinnerungsfotos geschossen. Nach dieser letzten Aktivit\u00e4t traten wir die Heimfahrt zu unseren Gastfamilien an. Den Abend verbrachten wir gemeinsam mit vielen anderen Austauschsch\u00fclern und unseren griechischen Gastgeschwistern.<\/p>\n<p class=\"rtejustify\">Donnerstagvormittag f\u00fchrten wir wieder interessante Workshops an der Schule durch, u.a. haben wir verschiedene S\u00e4tze in jede andere Sprache der sechs Nationen \u00fcbersetzt. Auch wurde uns der griechische Nationaltanz beigebracht. Am Nachmittag fuhren wir mit den \u00f6ffentlichen Verkehrsmitteln an den Marina Flisvos Hafen. Hier erwartete uns ein traumhafter Ausblick und wir genossen ihn sehr. Das Beste an diesem Tag war jedoch der wundersch\u00f6ne Sonnenuntergang, diesen Moment hielten wir auch gleich in Bilder fest. Nachdem wir wieder zu Hause ankamen, machten wir uns etwas frisch und trafen uns noch mit anderen Sch\u00fclern in einem Kaffee und lie\u00dfen den Abend gemeinsam ausklingen.<\/p>\n<p class=\"rtejustify\">Der n\u00e4chste Tag war nun der letzte gemeinsame Tag, den wir mit unseren Gastgeschwistern verbringen konnten. Am Vormittag trafen wir uns an der Schule und es ging mit dem Bus auf die Reise nach Sounion, um den Poseidontempel zu besichtigen. Nach dieser interessanten Begehung, fuhren wir zum Monastiraki- Platz und verbrachten unsere Freizeit dort. Somit hatten wir noch die Chance, Geschenke f\u00fcr unsere Familien in Deutschland zu kaufen. Am Abend fand in der Schule die Abschlussveranstaltung des Erasmus Treffens statt. Alle sechs Nationen haben zusammen getanzt, gesungen und es wurden Geschenke \u00fcbergeben. Wir hatten sehr viel Spa\u00df miteinander und h\u00e4tten sehr gerne noch viel l\u00e4nger zusammen gefeiert. Aber leider stand schon am n\u00e4chsten Tag die Heimreise an.<\/p>\n<p class=\"rtejustify\">Ich m\u00f6chte mich bei Frau Lange und allen anderen Lehrern bedanken, dass ich die M\u00f6glichkeit erhalten habe am Comenius &#8211; Projekt und am Erasmus &#8211; Projekt teilzunehmen. Dank des Erasmus Treffens,\u00a0 welches im Oktober 2016 in Finowfurt stattfand, werde ich in diesen Sommerferien zu meiner ungarischen Tauschschwester Virag fliegen, mit der ich seit ihrem ersten Besuch hier in Deutschland in Kontakt stehe.\u201c<\/p>\n<p class=\"rtejustify\">Zoe Mehlfeld, Klasse 10a, Schule Finowfurt<\/p>\n<div class=\"rl-gallery-container rl-loading\" id=\"rl-gallery-container-1\" data-gallery_id=\"1238\"> <div class=\"rl-gallery rl-basicgrid-gallery \" id=\"rl-gallery-1\" data-gallery_no=\"1\"> <div class=\"rl-gallery-item\"><a href=\"https:\/\/www.schule-finowfurt.de\/site\/wp-content\/uploads\/2018\/05\/DSC_1330.jpg\" title=\"\" data-rl_title=\"\" class=\"rl-gallery-link\" data-rl_caption=\"\" data-rel=\"lightbox-gallery-1\"><img loading=\"lazy\" decoding=\"async\" src=\"https:\/\/www.schule-finowfurt.de\/site\/wp-content\/uploads\/2018\/05\/DSC_1330-300x200.jpg\" width=\"300\" height=\"200\" alt=\"\" \/><\/a><\/div><div class=\"rl-gallery-item\"><a href=\"https:\/\/www.schule-finowfurt.de\/site\/wp-content\/uploads\/2018\/05\/DSC_1342.jpg\" title=\"\" data-rl_title=\"\" class=\"rl-gallery-link\" data-rl_caption=\"\" data-rel=\"lightbox-gallery-1\"><img loading=\"lazy\" decoding=\"async\" src=\"https:\/\/www.schule-finowfurt.de\/site\/wp-content\/uploads\/2018\/05\/DSC_1342-300x200.jpg\" width=\"300\" height=\"200\" alt=\"\" \/><\/a><\/div><div class=\"rl-gallery-item\"><a href=\"https:\/\/www.schule-finowfurt.de\/site\/wp-content\/uploads\/2018\/05\/DSC_1386.jpg\" title=\"\" data-rl_title=\"\" class=\"rl-gallery-link\" data-rl_caption=\"\" data-rel=\"lightbox-gallery-1\"><img loading=\"lazy\" decoding=\"async\" src=\"https:\/\/www.schule-finowfurt.de\/site\/wp-content\/uploads\/2018\/05\/DSC_1386-300x200.jpg\" width=\"300\" height=\"200\" alt=\"\" \/><\/a><\/div><div class=\"rl-gallery-item\"><a href=\"https:\/\/www.schule-finowfurt.de\/site\/wp-content\/uploads\/2018\/05\/DSC_1393.jpg\" title=\"\" data-rl_title=\"\" class=\"rl-gallery-link\" data-rl_caption=\"\" data-rel=\"lightbox-gallery-1\"><img loading=\"lazy\" decoding=\"async\" src=\"https:\/\/www.schule-finowfurt.de\/site\/wp-content\/uploads\/2018\/05\/DSC_1393-300x200.jpg\" width=\"300\" height=\"200\" alt=\"\" \/><\/a><\/div><div class=\"rl-gallery-item\"><a href=\"https:\/\/www.schule-finowfurt.de\/site\/wp-content\/uploads\/2018\/05\/DSC_1464.jpg\" title=\"\" data-rl_title=\"\" class=\"rl-gallery-link\" data-rl_caption=\"\" data-rel=\"lightbox-gallery-1\"><img loading=\"lazy\" decoding=\"async\" src=\"https:\/\/www.schule-finowfurt.de\/site\/wp-content\/uploads\/2018\/05\/DSC_1464-300x200.jpg\" width=\"300\" height=\"200\" alt=\"\" \/><\/a><\/div><div class=\"rl-gallery-item\"><a href=\"https:\/\/www.schule-finowfurt.de\/site\/wp-content\/uploads\/2018\/05\/DSC_1477.jpg\" title=\"\" data-rl_title=\"\" class=\"rl-gallery-link\" data-rl_caption=\"\" data-rel=\"lightbox-gallery-1\"><img loading=\"lazy\" decoding=\"async\" src=\"https:\/\/www.schule-finowfurt.de\/site\/wp-content\/uploads\/2018\/05\/DSC_1477-300x200.jpg\" width=\"300\" height=\"200\" alt=\"\" \/><\/a><\/div><div class=\"rl-gallery-item\"><a href=\"https:\/\/www.schule-finowfurt.de\/site\/wp-content\/uploads\/2018\/05\/DSC_1484.jpg\" title=\"\" data-rl_title=\"\" class=\"rl-gallery-link\" data-rl_caption=\"\" data-rel=\"lightbox-gallery-1\"><img loading=\"lazy\" decoding=\"async\" src=\"https:\/\/www.schule-finowfurt.de\/site\/wp-content\/uploads\/2018\/05\/DSC_1484-300x200.jpg\" width=\"300\" height=\"200\" alt=\"\" \/><\/a><\/div><div class=\"rl-gallery-item\"><a href=\"https:\/\/www.schule-finowfurt.de\/site\/wp-content\/uploads\/2018\/05\/DSC_1504.jpg\" title=\"\" data-rl_title=\"\" class=\"rl-gallery-link\" data-rl_caption=\"\" data-rel=\"lightbox-gallery-1\"><img loading=\"lazy\" decoding=\"async\" src=\"https:\/\/www.schule-finowfurt.de\/site\/wp-content\/uploads\/2018\/05\/DSC_1504-300x200.jpg\" width=\"300\" height=\"200\" alt=\"\" \/><\/a><\/div><div class=\"rl-gallery-item\"><a href=\"https:\/\/www.schule-finowfurt.de\/site\/wp-content\/uploads\/2018\/05\/DSC_1613.jpg\" title=\"\" data-rl_title=\"\" class=\"rl-gallery-link\" data-rl_caption=\"\" data-rel=\"lightbox-gallery-1\"><img loading=\"lazy\" decoding=\"async\" src=\"https:\/\/www.schule-finowfurt.de\/site\/wp-content\/uploads\/2018\/05\/DSC_1613-300x200.jpg\" width=\"300\" height=\"200\" alt=\"\" \/><\/a><\/div><div class=\"rl-gallery-item\"><a href=\"https:\/\/www.schule-finowfurt.de\/site\/wp-content\/uploads\/2018\/05\/DSC_1632.jpg\" title=\"\" data-rl_title=\"\" class=\"rl-gallery-link\" data-rl_caption=\"\" data-rel=\"lightbox-gallery-1\"><img loading=\"lazy\" decoding=\"async\" src=\"https:\/\/www.schule-finowfurt.de\/site\/wp-content\/uploads\/2018\/05\/DSC_1632-300x200.jpg\" width=\"300\" height=\"200\" alt=\"\" \/><\/a><\/div><div class=\"rl-gallery-item\"><a href=\"https:\/\/www.schule-finowfurt.de\/site\/wp-content\/uploads\/2018\/05\/DSC_1719.jpg\" title=\"\" data-rl_title=\"\" class=\"rl-gallery-link\" data-rl_caption=\"\" data-rel=\"lightbox-gallery-1\"><img loading=\"lazy\" decoding=\"async\" src=\"https:\/\/www.schule-finowfurt.de\/site\/wp-content\/uploads\/2018\/05\/DSC_1719-300x200.jpg\" width=\"300\" height=\"200\" alt=\"\" \/><\/a><\/div><div class=\"rl-gallery-item\"><a href=\"https:\/\/www.schule-finowfurt.de\/site\/wp-content\/uploads\/2018\/05\/DSC_1760.jpg\" title=\"\" data-rl_title=\"\" class=\"rl-gallery-link\" data-rl_caption=\"\" data-rel=\"lightbox-gallery-1\"><img loading=\"lazy\" decoding=\"async\" src=\"https:\/\/www.schule-finowfurt.de\/site\/wp-content\/uploads\/2018\/05\/DSC_1760-300x200.jpg\" width=\"300\" height=\"200\" alt=\"\" \/><\/a><\/div><div class=\"rl-gallery-item\"><a href=\"https:\/\/www.schule-finowfurt.de\/site\/wp-content\/uploads\/2018\/05\/IMG_0397.jpg\" title=\"\" data-rl_title=\"\" class=\"rl-gallery-link\" data-rl_caption=\"\" data-rel=\"lightbox-gallery-1\"><img loading=\"lazy\" decoding=\"async\" src=\"https:\/\/www.schule-finowfurt.de\/site\/wp-content\/uploads\/2018\/05\/IMG_0397-225x300.jpg\" width=\"225\" height=\"300\" alt=\"\" \/><\/a><\/div><div class=\"rl-gallery-item\"><a href=\"https:\/\/www.schule-finowfurt.de\/site\/wp-content\/uploads\/2018\/05\/IMG_0398.jpg\" title=\"\" data-rl_title=\"\" class=\"rl-gallery-link\" data-rl_caption=\"\" data-rel=\"lightbox-gallery-1\"><img loading=\"lazy\" decoding=\"async\" src=\"https:\/\/www.schule-finowfurt.de\/site\/wp-content\/uploads\/2018\/05\/IMG_0398-300x225.jpg\" width=\"300\" height=\"225\" alt=\"\" \/><\/a><\/div><div class=\"rl-gallery-item\"><a href=\"https:\/\/www.schule-finowfurt.de\/site\/wp-content\/uploads\/2018\/05\/IMG_0408.jpg\" title=\"\" data-rl_title=\"\" class=\"rl-gallery-link\" data-rl_caption=\"\" data-rel=\"lightbox-gallery-1\"><img loading=\"lazy\" decoding=\"async\" src=\"https:\/\/www.schule-finowfurt.de\/site\/wp-content\/uploads\/2018\/05\/IMG_0408-300x225.jpg\" width=\"300\" height=\"225\" alt=\"\" \/><\/a><\/div><div class=\"rl-gallery-item\"><a href=\"https:\/\/www.schule-finowfurt.de\/site\/wp-content\/uploads\/2018\/05\/IMG_0409.jpg\" title=\"\" data-rl_title=\"\" class=\"rl-gallery-link\" data-rl_caption=\"\" data-rel=\"lightbox-gallery-1\"><img loading=\"lazy\" decoding=\"async\" src=\"https:\/\/www.schule-finowfurt.de\/site\/wp-content\/uploads\/2018\/05\/IMG_0409-300x225.jpg\" width=\"300\" height=\"225\" alt=\"\" \/><\/a><\/div><div class=\"rl-gallery-item\"><a href=\"https:\/\/www.schule-finowfurt.de\/site\/wp-content\/uploads\/2018\/05\/IMG_0414.jpg\" title=\"\" data-rl_title=\"\" class=\"rl-gallery-link\" data-rl_caption=\"\" data-rel=\"lightbox-gallery-1\"><img loading=\"lazy\" decoding=\"async\" src=\"https:\/\/www.schule-finowfurt.de\/site\/wp-content\/uploads\/2018\/05\/IMG_0414-300x225.jpg\" width=\"300\" height=\"225\" alt=\"\" \/><\/a><\/div><div class=\"rl-gallery-item\"><a href=\"https:\/\/www.schule-finowfurt.de\/site\/wp-content\/uploads\/2018\/05\/IMG_0444.jpg\" title=\"\" data-rl_title=\"\" class=\"rl-gallery-link\" data-rl_caption=\"\" data-rel=\"lightbox-gallery-1\"><img loading=\"lazy\" decoding=\"async\" src=\"https:\/\/www.schule-finowfurt.de\/site\/wp-content\/uploads\/2018\/05\/IMG_0444-300x225.jpg\" width=\"300\" height=\"225\" alt=\"\" \/><\/a><\/div><div class=\"rl-gallery-item\"><a href=\"https:\/\/www.schule-finowfurt.de\/site\/wp-content\/uploads\/2018\/05\/IMG_0469.jpg\" title=\"\" data-rl_title=\"\" class=\"rl-gallery-link\" data-rl_caption=\"\" data-rel=\"lightbox-gallery-1\"><img loading=\"lazy\" decoding=\"async\" src=\"https:\/\/www.schule-finowfurt.de\/site\/wp-content\/uploads\/2018\/05\/IMG_0469-225x300.jpg\" width=\"225\" height=\"300\" alt=\"\" \/><\/a><\/div><div class=\"rl-gallery-item\"><a href=\"https:\/\/www.schule-finowfurt.de\/site\/wp-content\/uploads\/2018\/05\/IMG_0496.jpg\" title=\"\" data-rl_title=\"\" class=\"rl-gallery-link\" data-rl_caption=\"\" data-rel=\"lightbox-gallery-1\"><img loading=\"lazy\" decoding=\"async\" src=\"https:\/\/www.schule-finowfurt.de\/site\/wp-content\/uploads\/2018\/05\/IMG_0496-300x225.jpg\" width=\"300\" height=\"225\" alt=\"\" \/><\/a><\/div><div class=\"rl-gallery-item\"><a href=\"https:\/\/www.schule-finowfurt.de\/site\/wp-content\/uploads\/2018\/05\/IMG_0502.jpg\" title=\"\" data-rl_title=\"\" class=\"rl-gallery-link\" data-rl_caption=\"\" data-rel=\"lightbox-gallery-1\"><img loading=\"lazy\" decoding=\"async\" src=\"https:\/\/www.schule-finowfurt.de\/site\/wp-content\/uploads\/2018\/05\/IMG_0502-300x225.jpg\" width=\"300\" height=\"225\" alt=\"\" \/><\/a><\/div><div class=\"rl-gallery-item\"><a href=\"https:\/\/www.schule-finowfurt.de\/site\/wp-content\/uploads\/2018\/05\/IMG_0533.jpg\" title=\"\" data-rl_title=\"\" class=\"rl-gallery-link\" data-rl_caption=\"\" data-rel=\"lightbox-gallery-1\"><img loading=\"lazy\" decoding=\"async\" src=\"https:\/\/www.schule-finowfurt.de\/site\/wp-content\/uploads\/2018\/05\/IMG_0533-300x225.jpg\" width=\"300\" height=\"225\" alt=\"\" \/><\/a><\/div><div class=\"rl-gallery-item\"><a href=\"https:\/\/www.schule-finowfurt.de\/site\/wp-content\/uploads\/2018\/05\/IMG_0562.jpg\" title=\"\" data-rl_title=\"\" class=\"rl-gallery-link\" data-rl_caption=\"\" data-rel=\"lightbox-gallery-1\"><img loading=\"lazy\" decoding=\"async\" src=\"https:\/\/www.schule-finowfurt.de\/site\/wp-content\/uploads\/2018\/05\/IMG_0562-300x225.jpg\" width=\"300\" height=\"225\" alt=\"\" \/><\/a><\/div> <\/div> <\/div>\n<p>&nbsp;<\/p>\n","protected":false},"excerpt":{"rendered":"<p>Erasmus + Projekt der Schule Finowfurt: EDUCATION- the key for you future! &#8211; 2. Internationales Treffen in Griechenland &#8211; Im<\/p>\n","protected":false},"author":1,"featured_media":0,"parent":0,"menu_order":0,"comment_status":"closed","ping_status":"closed","template":"","meta":{"footnotes":""},"class_list":["post-1236","page","type-page","status-publish","hentry"],"_links":{"self":[{"href":"https:\/\/www.schule-finowfurt.de\/site\/index.php?rest_route=\/wp\/v2\/pages\/1236","targetHints":{"allow":["GET"]}}],"collection":[{"href":"https:\/\/www.schule-finowfurt.de\/site\/index.php?rest_route=\/wp\/v2\/pages"}],"about":[{"href":"https:\/\/www.schule-finowfurt.de\/site\/index.php?rest_route=\/wp\/v2\/types\/page"}],"author":[{"embeddable":true,"href":"https:\/\/www.schule-finowfurt.de\/site\/index.php?rest_route=\/wp\/v2\/users\/1"}],"replies":[{"embeddable":true,"href":"https:\/\/www.schule-finowfurt.de\/site\/index.php?rest_route=%2Fwp%2Fv2%2Fcomments&post=1236"}],"version-history":[{"count":2,"href":"https:\/\/www.schule-finowfurt.de\/site\/index.php?rest_route=\/wp\/v2\/pages\/1236\/revisions"}],"predecessor-version":[{"id":1262,"href":"https:\/\/www.schule-finowfurt.de\/site\/index.php?rest_route=\/wp\/v2\/pages\/1236\/revisions\/1262"}],"wp:attachment":[{"href":"https:\/\/www.schule-finowfurt.de\/site\/index.php?rest_route=%2Fwp%2Fv2%2Fmedia&parent=1236"}],"curies":[{"name":"wp","href":"https:\/\/api.w.org\/{rel}","templated":true}]}}