{"id":1473,"date":"2018-05-31T23:52:25","date_gmt":"2018-05-31T21:52:25","guid":{"rendered":"http:\/\/www.schule-finowfurt.de\/site\/?page_id=1473"},"modified":"2018-05-31T23:54:08","modified_gmt":"2018-05-31T21:54:08","slug":"wasserski-projekt","status":"publish","type":"page","link":"https:\/\/www.schule-finowfurt.de\/site\/?page_id=1473","title":{"rendered":"Wasserski-Projekt"},"content":{"rendered":"<p>Seit 2004 bietet die Schule Finowfurt, den Sch\u00fclern des Wahlpflichtbereichs Sport, ein ganz besonderes Erlebnis an. Die Sch\u00fcler der 10. Klassen haben die Chance in der Wassersportanlage am Ruhlesee einen Wasserskikurs zu machen. Dabei erlernen die Sch\u00fcler das Fahren auf Ski und Board. Der Kurs nimmt f\u00fcnf Sportstunden zu Beginn jeden Schuljahres in Anspruch und alle Sch\u00fcler sind begeistert.<\/p>\n<div class=\"rl-gallery-container rl-loading\" id=\"rl-gallery-container-1\" data-gallery_id=\"1475\"> <div class=\"rl-gallery rl-basicgrid-gallery \" id=\"rl-gallery-1\" data-gallery_no=\"1\"> <div class=\"rl-gallery-item\"><a href=\"https:\/\/www.schule-finowfurt.de\/site\/wp-content\/uploads\/2018\/05\/Wasserski-1.jpg\" title=\"\" data-rl_title=\"\" class=\"rl-gallery-link\" data-rl_caption=\"\" data-rel=\"lightbox-gallery-1\"><img loading=\"lazy\" decoding=\"async\" src=\"https:\/\/www.schule-finowfurt.de\/site\/wp-content\/uploads\/2018\/05\/Wasserski-1-300x200.jpg\" width=\"300\" height=\"200\" alt=\"\" \/><\/a><\/div><div class=\"rl-gallery-item\"><a href=\"https:\/\/www.schule-finowfurt.de\/site\/wp-content\/uploads\/2018\/05\/Wasserski-2.jpg\" title=\"\" data-rl_title=\"\" class=\"rl-gallery-link\" data-rl_caption=\"\" data-rel=\"lightbox-gallery-1\"><img loading=\"lazy\" decoding=\"async\" src=\"https:\/\/www.schule-finowfurt.de\/site\/wp-content\/uploads\/2018\/05\/Wasserski-2-300x200.jpg\" width=\"300\" height=\"200\" alt=\"\" \/><\/a><\/div><div class=\"rl-gallery-item\"><a href=\"https:\/\/www.schule-finowfurt.de\/site\/wp-content\/uploads\/2018\/05\/Wasserski-3.jpg\" title=\"\" data-rl_title=\"\" class=\"rl-gallery-link\" data-rl_caption=\"\" data-rel=\"lightbox-gallery-1\"><img loading=\"lazy\" decoding=\"async\" src=\"https:\/\/www.schule-finowfurt.de\/site\/wp-content\/uploads\/2018\/05\/Wasserski-3-300x200.jpg\" width=\"300\" height=\"200\" alt=\"\" \/><\/a><\/div><div class=\"rl-gallery-item\"><a href=\"https:\/\/www.schule-finowfurt.de\/site\/wp-content\/uploads\/2018\/05\/Wasserski-4.jpg\" title=\"\" data-rl_title=\"\" class=\"rl-gallery-link\" data-rl_caption=\"\" data-rel=\"lightbox-gallery-1\"><img loading=\"lazy\" decoding=\"async\" src=\"https:\/\/www.schule-finowfurt.de\/site\/wp-content\/uploads\/2018\/05\/Wasserski-4-300x200.jpg\" width=\"300\" height=\"200\" alt=\"\" \/><\/a><\/div><div class=\"rl-gallery-item\"><a href=\"https:\/\/www.schule-finowfurt.de\/site\/wp-content\/uploads\/2018\/05\/Wasserski-10.jpg\" title=\"\" data-rl_title=\"\" class=\"rl-gallery-link\" data-rl_caption=\"\" data-rel=\"lightbox-gallery-1\"><img loading=\"lazy\" decoding=\"async\" src=\"https:\/\/www.schule-finowfurt.de\/site\/wp-content\/uploads\/2018\/05\/Wasserski-10-300x200.jpg\" width=\"300\" height=\"200\" alt=\"\" \/><\/a><\/div><div class=\"rl-gallery-item\"><a href=\"https:\/\/www.schule-finowfurt.de\/site\/wp-content\/uploads\/2018\/05\/Wasserski-11.jpg\" title=\"\" data-rl_title=\"\" class=\"rl-gallery-link\" data-rl_caption=\"\" data-rel=\"lightbox-gallery-1\"><img loading=\"lazy\" decoding=\"async\" src=\"https:\/\/www.schule-finowfurt.de\/site\/wp-content\/uploads\/2018\/05\/Wasserski-11-300x200.jpg\" width=\"300\" height=\"200\" alt=\"\" \/><\/a><\/div><div class=\"rl-gallery-item\"><a href=\"https:\/\/www.schule-finowfurt.de\/site\/wp-content\/uploads\/2018\/05\/Wasserski-15.jpg\" title=\"\" data-rl_title=\"\" class=\"rl-gallery-link\" data-rl_caption=\"\" data-rel=\"lightbox-gallery-1\"><img loading=\"lazy\" decoding=\"async\" src=\"https:\/\/www.schule-finowfurt.de\/site\/wp-content\/uploads\/2018\/05\/Wasserski-15-300x200.jpg\" width=\"300\" height=\"200\" alt=\"\" \/><\/a><\/div><div class=\"rl-gallery-item\"><a href=\"https:\/\/www.schule-finowfurt.de\/site\/wp-content\/uploads\/2018\/05\/Wasserski-16.jpg\" title=\"\" data-rl_title=\"\" class=\"rl-gallery-link\" data-rl_caption=\"\" data-rel=\"lightbox-gallery-1\"><img loading=\"lazy\" decoding=\"async\" src=\"https:\/\/www.schule-finowfurt.de\/site\/wp-content\/uploads\/2018\/05\/Wasserski-16-300x200.jpg\" width=\"300\" height=\"200\" alt=\"\" \/><\/a><\/div><div class=\"rl-gallery-item\"><a href=\"https:\/\/www.schule-finowfurt.de\/site\/wp-content\/uploads\/2018\/05\/Wasserski-18.jpg\" title=\"\" data-rl_title=\"\" class=\"rl-gallery-link\" data-rl_caption=\"\" data-rel=\"lightbox-gallery-1\"><img loading=\"lazy\" decoding=\"async\" src=\"https:\/\/www.schule-finowfurt.de\/site\/wp-content\/uploads\/2018\/05\/Wasserski-18-200x300.jpg\" width=\"200\" height=\"300\" alt=\"\" \/><\/a><\/div><div class=\"rl-gallery-item\"><a href=\"https:\/\/www.schule-finowfurt.de\/site\/wp-content\/uploads\/2018\/05\/Wasserski-19.jpg\" title=\"\" data-rl_title=\"\" class=\"rl-gallery-link\" data-rl_caption=\"\" data-rel=\"lightbox-gallery-1\"><img loading=\"lazy\" decoding=\"async\" src=\"https:\/\/www.schule-finowfurt.de\/site\/wp-content\/uploads\/2018\/05\/Wasserski-19-300x200.jpg\" width=\"300\" height=\"200\" alt=\"\" \/><\/a><\/div><div class=\"rl-gallery-item\"><a href=\"https:\/\/www.schule-finowfurt.de\/site\/wp-content\/uploads\/2018\/05\/Wasserski-20.jpg\" title=\"\" data-rl_title=\"\" class=\"rl-gallery-link\" data-rl_caption=\"\" data-rel=\"lightbox-gallery-1\"><img loading=\"lazy\" decoding=\"async\" src=\"https:\/\/www.schule-finowfurt.de\/site\/wp-content\/uploads\/2018\/05\/Wasserski-20-300x200.jpg\" width=\"300\" height=\"200\" alt=\"\" \/><\/a><\/div><div class=\"rl-gallery-item\"><a href=\"https:\/\/www.schule-finowfurt.de\/site\/wp-content\/uploads\/2018\/05\/Wasserski-23.jpg\" title=\"\" data-rl_title=\"\" class=\"rl-gallery-link\" data-rl_caption=\"\" data-rel=\"lightbox-gallery-1\"><img loading=\"lazy\" decoding=\"async\" src=\"https:\/\/www.schule-finowfurt.de\/site\/wp-content\/uploads\/2018\/05\/Wasserski-23-300x200.jpg\" width=\"300\" height=\"200\" alt=\"\" \/><\/a><\/div><div class=\"rl-gallery-item\"><a href=\"https:\/\/www.schule-finowfurt.de\/site\/wp-content\/uploads\/2018\/05\/Wasserski-29.jpg\" title=\"\" data-rl_title=\"\" class=\"rl-gallery-link\" data-rl_caption=\"\" data-rel=\"lightbox-gallery-1\"><img loading=\"lazy\" decoding=\"async\" src=\"https:\/\/www.schule-finowfurt.de\/site\/wp-content\/uploads\/2018\/05\/Wasserski-29-200x300.jpg\" width=\"200\" height=\"300\" alt=\"\" \/><\/a><\/div><div class=\"rl-gallery-item\"><a href=\"https:\/\/www.schule-finowfurt.de\/site\/wp-content\/uploads\/2018\/05\/Wasserski-30.jpg\" title=\"\" data-rl_title=\"\" class=\"rl-gallery-link\" data-rl_caption=\"\" data-rel=\"lightbox-gallery-1\"><img loading=\"lazy\" decoding=\"async\" src=\"https:\/\/www.schule-finowfurt.de\/site\/wp-content\/uploads\/2018\/05\/Wasserski-30-300x200.jpg\" width=\"300\" height=\"200\" alt=\"\" \/><\/a><\/div> <\/div> <\/div>\n<p><a href=\"https:\/\/www.moz.de\/galerie\/uebersicht\/g3\/413893\/413894\/\">Weitere Bilder finden sie hier<\/a><\/p>\n","protected":false},"excerpt":{"rendered":"<p>Seit 2004 bietet die Schule Finowfurt, den Sch\u00fclern des Wahlpflichtbereichs Sport, ein ganz besonderes Erlebnis an. Die Sch\u00fcler der 10.<\/p>\n","protected":false},"author":1,"featured_media":0,"parent":0,"menu_order":0,"comment_status":"closed","ping_status":"closed","template":"","meta":{"footnotes":""},"class_list":["post-1473","page","type-page","status-publish","hentry"],"_links":{"self":[{"href":"https:\/\/www.schule-finowfurt.de\/site\/index.php?rest_route=\/wp\/v2\/pages\/1473","targetHints":{"allow":["GET"]}}],"collection":[{"href":"https:\/\/www.schule-finowfurt.de\/site\/index.php?rest_route=\/wp\/v2\/pages"}],"about":[{"href":"https:\/\/www.schule-finowfurt.de\/site\/index.php?rest_route=\/wp\/v2\/types\/page"}],"author":[{"embeddable":true,"href":"https:\/\/www.schule-finowfurt.de\/site\/index.php?rest_route=\/wp\/v2\/users\/1"}],"replies":[{"embeddable":true,"href":"https:\/\/www.schule-finowfurt.de\/site\/index.php?rest_route=%2Fwp%2Fv2%2Fcomments&post=1473"}],"version-history":[{"count":2,"href":"https:\/\/www.schule-finowfurt.de\/site\/index.php?rest_route=\/wp\/v2\/pages\/1473\/revisions"}],"predecessor-version":[{"id":1490,"href":"https:\/\/www.schule-finowfurt.de\/site\/index.php?rest_route=\/wp\/v2\/pages\/1473\/revisions\/1490"}],"wp:attachment":[{"href":"https:\/\/www.schule-finowfurt.de\/site\/index.php?rest_route=%2Fwp%2Fv2%2Fmedia&parent=1473"}],"curies":[{"name":"wp","href":"https:\/\/api.w.org\/{rel}","templated":true}]}}