{"id":1491,"date":"2018-05-31T23:57:01","date_gmt":"2018-05-31T21:57:01","guid":{"rendered":"http:\/\/www.schule-finowfurt.de\/site\/?page_id=1491"},"modified":"2018-05-31T23:57:01","modified_gmt":"2018-05-31T21:57:01","slug":"teambildung-klassenstufe-7-inisek-projekt","status":"publish","type":"page","link":"https:\/\/www.schule-finowfurt.de\/site\/?page_id=1491","title":{"rendered":"Teambildung Klassenstufe 7 (INISEK-Projekt)"},"content":{"rendered":"<h4>Erlebnisp\u00e4dagogische Projekttage der 7. Klassen der Schule Finowfurt<\/h4>\n<p><img loading=\"lazy\" decoding=\"async\" class=\"alignnone wp-image-1492 size-large\" src=\"https:\/\/www.schule-finowfurt.de\/site\/wp-content\/uploads\/2018\/05\/image2-1-1024x768.jpg\" alt=\"\" width=\"810\" height=\"608\" srcset=\"https:\/\/www.schule-finowfurt.de\/site\/wp-content\/uploads\/2018\/05\/image2-1.jpg 1024w, https:\/\/www.schule-finowfurt.de\/site\/wp-content\/uploads\/2018\/05\/image2-1-300x225.jpg 300w, https:\/\/www.schule-finowfurt.de\/site\/wp-content\/uploads\/2018\/05\/image2-1-768x576.jpg 768w, https:\/\/www.schule-finowfurt.de\/site\/wp-content\/uploads\/2018\/05\/image2-1-880x660.jpg 880w\" sizes=\"auto, (max-width: 810px) 100vw, 810px\" \/><\/p>\n<p class=\"rtejustify\">Vom 12. Bis 16. Juni 2017 haben die 75 Sch\u00fclerInnen der 7. Klassen der Schule Finowfurt erlebnisp\u00e4dagogische Projekttage im \u00dcdersee Camp erlebt. Sechs TrainerInnen der Fahrten-Ferne-Abenteuer gGmbH haben f\u00fcr die Sch\u00fclerInnen ein intensives erlebnisp\u00e4dagogisches Programm durchgef\u00fchrt. Schwerpunktthema der Projekttage war das L\u00f6sen von Aufgaben im Team und ein r\u00fccksichtsvoller Umgang miteinander.<\/p>\n<p class=\"rtejustify\">Im Vorfeld wurden in der Schule mit den Sch\u00fclerInnen und LehrerInnen besprochen, welche Erwartungen sie an die Projekttage haben und welche Regeln w\u00e4hrenddessen eingehalten werden. Gemeinsam wurde das Programm f\u00fcr die Fahrt geplant.<\/p>\n<p class=\"rtejustify\">Das 5-t\u00e4gige Programm beinhaltete zahlreiche \u00dcbungen und Aktionen zur St\u00e4rkung des Zusammenhalts der Sch\u00fclerInnen und zur Verbesserung ihrer Team-, und Konfliktf\u00e4higkeit. Highlights waren eine Klettereinheit &#8211; bei dem die Jugendlichen sich gegenseitig gesichert haben &#8211; und das Bogenschie\u00dfen.<\/p>\n<p class=\"rtejustify\">Die 5 Tage sind so spannend und angenehm verlaufen, dass TrainerInnen wie auch Sch\u00fclerInnen der Abschied etwas schwerfiel. Es gibt aber kein Grund f\u00fcr Trauer: in K\u00fcrze werden die TrainerInnen wieder die Klasse besuchen, um zu reflektieren, welche Ver\u00e4nderungen im Schul-Alltag zu beobachten sind und wie das Gelernte langfristig angewendet werden kann.<\/p>\n<p class=\"rtejustify\">Dank der F\u00f6rderung des Ministeriums f\u00fcr Bildung, Jugend und Sport, das aus Mitteln des Europ\u00e4ischen Sozialfonds und des Landes Brandenburg finanziert wird, war dieses Projekt der INITIATIVE Sekundarstufe I f\u00fcr die Eltern der Sch\u00fclerInnen kostenlos.<\/p>\n<p class=\"rtejustify\">Die Projekte der \u201eInitiativen Sekundarstufe I\u201c (INISEK) dienen der F\u00f6rderung der Ausbildungsreife von Sch\u00fclerInnen. Dieses F\u00f6rderprogramm ist bundesweit einmalig, und gilt nur f\u00fcr Brandenburger Schulen im Sekundarbereich I.<\/p>\n","protected":false},"excerpt":{"rendered":"<p>Erlebnisp\u00e4dagogische Projekttage der 7. Klassen der Schule Finowfurt Vom 12. Bis 16. Juni 2017 haben die 75 Sch\u00fclerInnen der 7.<\/p>\n","protected":false},"author":1,"featured_media":0,"parent":0,"menu_order":0,"comment_status":"closed","ping_status":"closed","template":"","meta":{"footnotes":""},"class_list":["post-1491","page","type-page","status-publish","hentry"],"_links":{"self":[{"href":"https:\/\/www.schule-finowfurt.de\/site\/index.php?rest_route=\/wp\/v2\/pages\/1491","targetHints":{"allow":["GET"]}}],"collection":[{"href":"https:\/\/www.schule-finowfurt.de\/site\/index.php?rest_route=\/wp\/v2\/pages"}],"about":[{"href":"https:\/\/www.schule-finowfurt.de\/site\/index.php?rest_route=\/wp\/v2\/types\/page"}],"author":[{"embeddable":true,"href":"https:\/\/www.schule-finowfurt.de\/site\/index.php?rest_route=\/wp\/v2\/users\/1"}],"replies":[{"embeddable":true,"href":"https:\/\/www.schule-finowfurt.de\/site\/index.php?rest_route=%2Fwp%2Fv2%2Fcomments&post=1491"}],"version-history":[{"count":1,"href":"https:\/\/www.schule-finowfurt.de\/site\/index.php?rest_route=\/wp\/v2\/pages\/1491\/revisions"}],"predecessor-version":[{"id":1493,"href":"https:\/\/www.schule-finowfurt.de\/site\/index.php?rest_route=\/wp\/v2\/pages\/1491\/revisions\/1493"}],"wp:attachment":[{"href":"https:\/\/www.schule-finowfurt.de\/site\/index.php?rest_route=%2Fwp%2Fv2%2Fmedia&parent=1491"}],"curies":[{"name":"wp","href":"https:\/\/api.w.org\/{rel}","templated":true}]}}