{"id":208,"date":"2018-05-31T13:07:12","date_gmt":"2018-05-31T11:07:12","guid":{"rendered":"http:\/\/www.schule-finowfurt.de\/site\/?page_id=208"},"modified":"2022-02-14T22:15:51","modified_gmt":"2022-02-14T21:15:51","slug":"grundschule","status":"publish","type":"page","link":"https:\/\/www.schule-finowfurt.de\/site\/?page_id=208","title":{"rendered":"Grundschule"},"content":{"rendered":"<h4>Die Fachkonferenz Grundschule\/Eingangsstufe<\/h4>\n<p>Hier sind gerade unsere Kleinsten in den besten H\u00e4nden. Neben Rechnen, Schreiben und Lesen lernen sie, was es hei\u00dft, in die Schule zu gehen und dass es Spa\u00df macht, jeden Tag etwas Neues zu entdecken.<\/p>\n<p>&nbsp;<\/p>\n<p>&nbsp;<\/p>\n","protected":false},"excerpt":{"rendered":"<p>Die Fachkonferenz Grundschule\/Eingangsstufe Hier sind gerade unsere Kleinsten in den besten H\u00e4nden. Neben Rechnen, Schreiben und Lesen lernen sie, was<\/p>\n","protected":false},"author":1,"featured_media":0,"parent":0,"menu_order":0,"comment_status":"closed","ping_status":"closed","template":"","meta":{"footnotes":""},"class_list":["post-208","page","type-page","status-publish","hentry"],"_links":{"self":[{"href":"https:\/\/www.schule-finowfurt.de\/site\/index.php?rest_route=\/wp\/v2\/pages\/208","targetHints":{"allow":["GET"]}}],"collection":[{"href":"https:\/\/www.schule-finowfurt.de\/site\/index.php?rest_route=\/wp\/v2\/pages"}],"about":[{"href":"https:\/\/www.schule-finowfurt.de\/site\/index.php?rest_route=\/wp\/v2\/types\/page"}],"author":[{"embeddable":true,"href":"https:\/\/www.schule-finowfurt.de\/site\/index.php?rest_route=\/wp\/v2\/users\/1"}],"replies":[{"embeddable":true,"href":"https:\/\/www.schule-finowfurt.de\/site\/index.php?rest_route=%2Fwp%2Fv2%2Fcomments&post=208"}],"version-history":[{"count":2,"href":"https:\/\/www.schule-finowfurt.de\/site\/index.php?rest_route=\/wp\/v2\/pages\/208\/revisions"}],"predecessor-version":[{"id":2967,"href":"https:\/\/www.schule-finowfurt.de\/site\/index.php?rest_route=\/wp\/v2\/pages\/208\/revisions\/2967"}],"wp:attachment":[{"href":"https:\/\/www.schule-finowfurt.de\/site\/index.php?rest_route=%2Fwp%2Fv2%2Fmedia&parent=208"}],"curies":[{"name":"wp","href":"https:\/\/api.w.org\/{rel}","templated":true}]}}