{"id":2103,"date":"2019-04-25T15:10:09","date_gmt":"2019-04-25T13:10:09","guid":{"rendered":"http:\/\/www.schule-finowfurt.de\/site\/?page_id=2103"},"modified":"2024-09-21T12:03:11","modified_gmt":"2024-09-21T10:03:11","slug":"schulleiter","status":"publish","type":"page","link":"https:\/\/www.schule-finowfurt.de\/site\/?page_id=2103","title":{"rendered":"Schulleitung"},"content":{"rendered":"<figure id=\"attachment_3940\" aria-describedby=\"caption-attachment-3940\" style=\"width: 400px\" class=\"wp-caption alignnone\"><img loading=\"lazy\" decoding=\"async\" class=\"wp-image-3940\" src=\"https:\/\/www.schule-finowfurt.de\/site\/wp-content\/uploads\/2024\/09\/agw2-300x225.jpg\" alt=\"Portr\u00e4t von Anja Gehrke-Witthuhn\" width=\"400\" height=\"300\" srcset=\"https:\/\/www.schule-finowfurt.de\/site\/wp-content\/uploads\/2024\/09\/agw2-300x225.jpg 300w, https:\/\/www.schule-finowfurt.de\/site\/wp-content\/uploads\/2024\/09\/agw2-1024x768.jpg 1024w, https:\/\/www.schule-finowfurt.de\/site\/wp-content\/uploads\/2024\/09\/agw2-768x576.jpg 768w, https:\/\/www.schule-finowfurt.de\/site\/wp-content\/uploads\/2024\/09\/agw2-1536x1152.jpg 1536w, https:\/\/www.schule-finowfurt.de\/site\/wp-content\/uploads\/2024\/09\/agw2-880x660.jpg 880w, https:\/\/www.schule-finowfurt.de\/site\/wp-content\/uploads\/2024\/09\/agw2.jpg 2000w\" sizes=\"auto, (max-width: 400px) 100vw, 400px\" \/><figcaption id=\"caption-attachment-3940\" class=\"wp-caption-text\">Direktorin Anja Gehrke-Witthuhn<\/figcaption><\/figure>\n<p><strong>Anja Gehrke-Witthuhn<\/strong> wurde in Berlin-Lichtenberg geboren. Nach dem Abitur studierte sie Lehramt an der Humboldt-Universit\u00e4t zu Berlin und absolvierte dort auch ihr Referendariat. Zudem engagierte sie sich \u00fcber mehrere Jahre als Trainerin f\u00fcr Jugend- und Frauen-Handballmannschaften bei den F\u00fcchsen Berlin. Im Jahr 2013 trat sie ihre T\u00e4tigkeit an der Schule Finowfurt an. Heute lebt Anja Gehrke-Witthuhn mit ihrem Mann und ihren zwei Kindern in Bernau.<br \/>\nSeit September 2021 leitet sie die Schule Finowfurt. Ihr Motto lautet: \u201eVerantwortlich f\u00fcr eine Schule sind diejenigen, die sie gestalten.\u201c<\/p>\n<hr \/>\n<figure id=\"attachment_3941\" aria-describedby=\"caption-attachment-3941\" style=\"width: 400px\" class=\"wp-caption alignnone\"><img loading=\"lazy\" decoding=\"async\" class=\"wp-image-3941\" src=\"https:\/\/www.schule-finowfurt.de\/site\/wp-content\/uploads\/2024\/09\/jz3-300x225.jpg\" alt=\"Portr\u00e4t von J\u00f6rg Zaumseil\" width=\"400\" height=\"300\" srcset=\"https:\/\/www.schule-finowfurt.de\/site\/wp-content\/uploads\/2024\/09\/jz3-300x225.jpg 300w, https:\/\/www.schule-finowfurt.de\/site\/wp-content\/uploads\/2024\/09\/jz3-1024x768.jpg 1024w, https:\/\/www.schule-finowfurt.de\/site\/wp-content\/uploads\/2024\/09\/jz3-768x576.jpg 768w, https:\/\/www.schule-finowfurt.de\/site\/wp-content\/uploads\/2024\/09\/jz3-1536x1152.jpg 1536w, https:\/\/www.schule-finowfurt.de\/site\/wp-content\/uploads\/2024\/09\/jz3-880x660.jpg 880w, https:\/\/www.schule-finowfurt.de\/site\/wp-content\/uploads\/2024\/09\/jz3.jpg 2000w\" sizes=\"auto, (max-width: 400px) 100vw, 400px\" \/><figcaption id=\"caption-attachment-3941\" class=\"wp-caption-text\">Stellvertretender Direktor J\u00f6rg Zaumseil<\/figcaption><\/figure>\n<p><strong>J\u00f6rg Zaumseil<\/strong> ist seit 2022 Stellvertretender Schulleiter der Schule Finowfurt. Sein Arbeitsleben begann er als Buchbinder. Nach dem Abitur studierte J\u00f6rg Zaumseil Lehramt an der Technischen Universit\u00e4t Dresden. F\u00fcr das Referendariat kam er 2009 an die Schule Finowfurt \u2013 und blieb. Heute lebt er mit seiner Frau und drei Kindern in Eberswalde.<br \/>\n\u201eSchule\u201c, sagt J\u00f6rg Zaumseil, \u201e ist f\u00fcr mich ein Ort, an dem Neugierde gef\u00f6rdert, Gemeinschaft gelebt und die Weichen f\u00fcr eine erfolgreiche Zukunft gestellt werden.\u201c<\/p>\n","protected":false},"excerpt":{"rendered":"<p>Anja Gehrke-Witthuhn wurde in Berlin-Lichtenberg geboren. Nach dem Abitur studierte sie Lehramt an der Humboldt-Universit\u00e4t zu Berlin und absolvierte dort<\/p>\n","protected":false},"author":1,"featured_media":0,"parent":0,"menu_order":0,"comment_status":"closed","ping_status":"closed","template":"","meta":{"footnotes":""},"class_list":["post-2103","page","type-page","status-publish","hentry"],"_links":{"self":[{"href":"https:\/\/www.schule-finowfurt.de\/site\/index.php?rest_route=\/wp\/v2\/pages\/2103","targetHints":{"allow":["GET"]}}],"collection":[{"href":"https:\/\/www.schule-finowfurt.de\/site\/index.php?rest_route=\/wp\/v2\/pages"}],"about":[{"href":"https:\/\/www.schule-finowfurt.de\/site\/index.php?rest_route=\/wp\/v2\/types\/page"}],"author":[{"embeddable":true,"href":"https:\/\/www.schule-finowfurt.de\/site\/index.php?rest_route=\/wp\/v2\/users\/1"}],"replies":[{"embeddable":true,"href":"https:\/\/www.schule-finowfurt.de\/site\/index.php?rest_route=%2Fwp%2Fv2%2Fcomments&post=2103"}],"version-history":[{"count":7,"href":"https:\/\/www.schule-finowfurt.de\/site\/index.php?rest_route=\/wp\/v2\/pages\/2103\/revisions"}],"predecessor-version":[{"id":3949,"href":"https:\/\/www.schule-finowfurt.de\/site\/index.php?rest_route=\/wp\/v2\/pages\/2103\/revisions\/3949"}],"wp:attachment":[{"href":"https:\/\/www.schule-finowfurt.de\/site\/index.php?rest_route=%2Fwp%2Fv2%2Fmedia&parent=2103"}],"curies":[{"name":"wp","href":"https:\/\/api.w.org\/{rel}","templated":true}]}}