{"id":218,"date":"2018-05-31T13:16:54","date_gmt":"2018-05-31T11:16:54","guid":{"rendered":"http:\/\/www.schule-finowfurt.de\/site\/?page_id=218"},"modified":"2018-08-17T13:20:42","modified_gmt":"2018-08-17T11:20:42","slug":"fremdsprachen","status":"publish","type":"page","link":"https:\/\/www.schule-finowfurt.de\/site\/?page_id=218","title":{"rendered":"Fremdsprachen"},"content":{"rendered":"<h4>Die Fachkonferenz Fremdsprachen<\/h4>\n<p><em>\u201eWer die Welt bereisen will, muss die anderen auch verstehen.\u201c<\/em><\/p>\n<p>Fremdsprachen gewinnen immer mehr an Bedeutung.<br \/>\nAn der Schule Finowfurt werden Englisch, Franz\u00f6sisch und Russisch gelehrt. In regelm\u00e4\u00dfigen Abst\u00e4nden finden Fahrten nach England und Frankreich statt.<\/p>\n<p><img loading=\"lazy\" decoding=\"async\" class=\"alignnone wp-image-1743 size-large\" src=\"https:\/\/www.schule-finowfurt.de\/site\/wp-content\/uploads\/2018\/08\/FK-Fremdsprachen-1024x768.jpg\" alt=\"\" width=\"810\" height=\"608\" srcset=\"https:\/\/www.schule-finowfurt.de\/site\/wp-content\/uploads\/2018\/08\/FK-Fremdsprachen-1024x768.jpg 1024w, https:\/\/www.schule-finowfurt.de\/site\/wp-content\/uploads\/2018\/08\/FK-Fremdsprachen-300x225.jpg 300w, https:\/\/www.schule-finowfurt.de\/site\/wp-content\/uploads\/2018\/08\/FK-Fremdsprachen-768x576.jpg 768w, https:\/\/www.schule-finowfurt.de\/site\/wp-content\/uploads\/2018\/08\/FK-Fremdsprachen-880x660.jpg 880w\" sizes=\"auto, (max-width: 810px) 100vw, 810px\" \/><\/p>\n<p>&nbsp;<\/p>\n","protected":false},"excerpt":{"rendered":"<p>Die Fachkonferenz Fremdsprachen \u201eWer die Welt bereisen will, muss die anderen auch verstehen.\u201c Fremdsprachen gewinnen immer mehr an Bedeutung. An<\/p>\n","protected":false},"author":1,"featured_media":0,"parent":0,"menu_order":0,"comment_status":"closed","ping_status":"closed","template":"","meta":{"footnotes":""},"class_list":["post-218","page","type-page","status-publish","hentry"],"_links":{"self":[{"href":"https:\/\/www.schule-finowfurt.de\/site\/index.php?rest_route=\/wp\/v2\/pages\/218","targetHints":{"allow":["GET"]}}],"collection":[{"href":"https:\/\/www.schule-finowfurt.de\/site\/index.php?rest_route=\/wp\/v2\/pages"}],"about":[{"href":"https:\/\/www.schule-finowfurt.de\/site\/index.php?rest_route=\/wp\/v2\/types\/page"}],"author":[{"embeddable":true,"href":"https:\/\/www.schule-finowfurt.de\/site\/index.php?rest_route=\/wp\/v2\/users\/1"}],"replies":[{"embeddable":true,"href":"https:\/\/www.schule-finowfurt.de\/site\/index.php?rest_route=%2Fwp%2Fv2%2Fcomments&post=218"}],"version-history":[{"count":4,"href":"https:\/\/www.schule-finowfurt.de\/site\/index.php?rest_route=\/wp\/v2\/pages\/218\/revisions"}],"predecessor-version":[{"id":1746,"href":"https:\/\/www.schule-finowfurt.de\/site\/index.php?rest_route=\/wp\/v2\/pages\/218\/revisions\/1746"}],"wp:attachment":[{"href":"https:\/\/www.schule-finowfurt.de\/site\/index.php?rest_route=%2Fwp%2Fv2%2Fmedia&parent=218"}],"curies":[{"name":"wp","href":"https:\/\/api.w.org\/{rel}","templated":true}]}}