{"id":2371,"date":"2019-11-20T21:16:23","date_gmt":"2019-11-20T20:16:23","guid":{"rendered":"http:\/\/www.schule-finowfurt.de\/site\/?page_id=2371"},"modified":"2019-11-20T21:25:02","modified_gmt":"2019-11-20T20:25:02","slug":"surfcamp-2019","status":"publish","type":"page","link":"https:\/\/www.schule-finowfurt.de\/site\/?page_id=2371","title":{"rendered":"Surfcamp 2019"},"content":{"rendered":"<p>Das erste Mal startete Ende September das neugewonnene Projekt ,,Surfen f\u00fcr Kids\u2018\u2018 der Schule Finowfurt. Die Jugendlichen, im Alter von 12- 16 Jahren, brachen auf, um sich einer neuen Herausforderung auf dem Element Wasser zu stellen. Der neue Rahmenlehrplanbereich im Teilgebiet \u201eFahren, Rollen und Gleiten\u201c machte es m\u00f6glich. Ziel dieser Projektfahrt war das Erwerben von F\u00e4higkeiten und Kenntnissen um sich mit dem Surfbrett und den Windb\u00f6en sicher auf dem Meer fortzubewegen zu k\u00f6nnen. F\u00fcr alle Sch\u00fcler war es die erste Erfahrung auf dem Wasser.<\/p>\n<p>Nach einer dreist\u00fcndigen Anfahrt erreichten die Jugendlichen voll motiviert und voller Tatendrang das Surfcamp \u201eSanPepelone\u201c. Dort wurden die Zimmer bezogen, die Neoprenanz\u00fcge verteilt und anschlie\u00dfend die ersten Wassererfahrungen gemacht. Bei Balancespielen, Wettrennen im Wasser und einigen Spr\u00fcngen ins Wasser blieb kein Teilnehmer trocken. Nach einem reichhaltigen Abendmahl und einem Fu\u00dfballspiel gegen ein anderes Surfteam endete der erste Tag im Camp. Der zweite Tag startete regnerisch. Daher nutzte das Sportteam die Zeit f\u00fcr eine kleine Einheit im Fitnessstudio. Am Nachmittag stand dann die 2. Einheit auf dem Wasser an. Ryk der ausgebildete Surflehrer unterrichtete sie in Theorie und Praxis. Die ersten \u201eStehversuche auf dem Brett\u201c sahen noch recht wackelig aus. Doch von Stunde zu Stunde konnte man den Fortschritt deutlich erkennen. Nach der Einheit, wenn auch etwas durchgefroren, kamen die Kids freudestrahlend und voll motiviert f\u00fcr die n\u00e4chste Einheit, aus dem kalten Nass. In den folgenden Tagen wurde das Wetter im herbstlicher. Temperaturen um die 13 \u2013 16 Grad begleiteten die Jugendlichen w\u00e4hrend ihrer Surferfahrungen. Dennoch blieben alle Sch\u00fcler am Ball. Ab dem 3. Tag begannen sie bereits mit den ersten Wendeman\u00f6vern, was die Jugendlichen noch st\u00e4rker motivierte. Am 4. Tag blies der Wind so stark, dass ein Surftag leider nicht m\u00f6glich war. Trotz dieser Gegebenheiten erlebten die Finowfurter einen tollen Tag. Das Erlebnisbad \u201eWonnemar\u201c in Wismar lies den Wasserspa\u00df an diesem windigen und regnerischen Tag nicht abbrechen. Am letzten Tag ging es trotz Nieselregen und k\u00fchlen Temperaturen nochmals auf das Wasser. Es stand die Bewertungsphase an. Die Kids surften durch einen durch Fahnen aufgestellten Parcours und meisterten ihn tadellos. Der Surflehrer und die Kids waren allesamt hochzufrieden und versprachen ihm, im n\u00e4chsten Jahr wieder teilzunehmen und dann eventuell den internationalen Surfschein zu erwerben. Insgesamt war das erste Surfcamp 2019 ein voller Erfolg!! Mit gro\u00dfer Freude schauen wir schon jetzt auf das n\u00e4chste Jahr und hoffen auf \u00e4hnlich-tolle Erfahrungen. (Redaktion Sport Fachbereich)<\/p>\n<div class=\"rl-gallery-container rl-loading\" id=\"rl-gallery-container-1\" data-gallery_id=\"2373\"> <div class=\"rl-gallery rl-basicgrid-gallery \" id=\"rl-gallery-1\" data-gallery_no=\"1\"> <div class=\"rl-gallery-item\"><a href=\"https:\/\/www.schule-finowfurt.de\/site\/wp-content\/uploads\/2019\/11\/WhatsApp-Image-2019-11-20-at-11.16.15.jpeg\" title=\"\" data-rl_title=\"\" class=\"rl-gallery-link\" data-rl_caption=\"\" data-rel=\"lightbox-gallery-1\"><img loading=\"lazy\" decoding=\"async\" src=\"https:\/\/www.schule-finowfurt.de\/site\/wp-content\/uploads\/2019\/11\/WhatsApp-Image-2019-11-20-at-11.16.15-286x300.jpeg\" width=\"286\" height=\"300\" alt=\"\" \/><\/a><\/div><div class=\"rl-gallery-item\"><a href=\"https:\/\/www.schule-finowfurt.de\/site\/wp-content\/uploads\/2019\/11\/WhatsApp-Image-2019-11-20-at-11.16.17-1.jpeg\" title=\"\" data-rl_title=\"\" class=\"rl-gallery-link\" data-rl_caption=\"\" data-rel=\"lightbox-gallery-1\"><img loading=\"lazy\" decoding=\"async\" src=\"https:\/\/www.schule-finowfurt.de\/site\/wp-content\/uploads\/2019\/11\/WhatsApp-Image-2019-11-20-at-11.16.17-1-300x225.jpeg\" width=\"300\" height=\"225\" alt=\"\" \/><\/a><\/div><div class=\"rl-gallery-item\"><a href=\"https:\/\/www.schule-finowfurt.de\/site\/wp-content\/uploads\/2019\/11\/WhatsApp-Image-2019-11-20-at-11.16.17.jpeg\" title=\"\" data-rl_title=\"\" class=\"rl-gallery-link\" data-rl_caption=\"\" data-rel=\"lightbox-gallery-1\"><img loading=\"lazy\" decoding=\"async\" src=\"https:\/\/www.schule-finowfurt.de\/site\/wp-content\/uploads\/2019\/11\/WhatsApp-Image-2019-11-20-at-11.16.17-300x225.jpeg\" width=\"300\" height=\"225\" alt=\"\" \/><\/a><\/div><div class=\"rl-gallery-item\"><a href=\"https:\/\/www.schule-finowfurt.de\/site\/wp-content\/uploads\/2019\/11\/WhatsApp-Image-2019-11-20-at-11.16.18-1.jpeg\" title=\"\" data-rl_title=\"\" class=\"rl-gallery-link\" data-rl_caption=\"\" data-rel=\"lightbox-gallery-1\"><img loading=\"lazy\" decoding=\"async\" src=\"https:\/\/www.schule-finowfurt.de\/site\/wp-content\/uploads\/2019\/11\/WhatsApp-Image-2019-11-20-at-11.16.18-1-300x225.jpeg\" width=\"300\" height=\"225\" alt=\"\" \/><\/a><\/div><div class=\"rl-gallery-item\"><a href=\"https:\/\/www.schule-finowfurt.de\/site\/wp-content\/uploads\/2019\/11\/WhatsApp-Image-2019-11-20-at-11.16.18-2.jpeg\" title=\"\" data-rl_title=\"\" class=\"rl-gallery-link\" data-rl_caption=\"\" data-rel=\"lightbox-gallery-1\"><img loading=\"lazy\" decoding=\"async\" src=\"https:\/\/www.schule-finowfurt.de\/site\/wp-content\/uploads\/2019\/11\/WhatsApp-Image-2019-11-20-at-11.16.18-2-300x225.jpeg\" width=\"300\" height=\"225\" alt=\"\" \/><\/a><\/div><div class=\"rl-gallery-item\"><a href=\"https:\/\/www.schule-finowfurt.de\/site\/wp-content\/uploads\/2019\/11\/WhatsApp-Image-2019-11-20-at-11.16.18-3.jpeg\" title=\"\" data-rl_title=\"\" class=\"rl-gallery-link\" data-rl_caption=\"\" data-rel=\"lightbox-gallery-1\"><img loading=\"lazy\" decoding=\"async\" src=\"https:\/\/www.schule-finowfurt.de\/site\/wp-content\/uploads\/2019\/11\/WhatsApp-Image-2019-11-20-at-11.16.18-3-225x300.jpeg\" width=\"225\" height=\"300\" alt=\"\" \/><\/a><\/div><div class=\"rl-gallery-item\"><a href=\"https:\/\/www.schule-finowfurt.de\/site\/wp-content\/uploads\/2019\/11\/WhatsApp-Image-2019-11-20-at-11.16.18.jpeg\" title=\"\" data-rl_title=\"\" class=\"rl-gallery-link\" data-rl_caption=\"\" data-rel=\"lightbox-gallery-1\"><img loading=\"lazy\" decoding=\"async\" src=\"https:\/\/www.schule-finowfurt.de\/site\/wp-content\/uploads\/2019\/11\/WhatsApp-Image-2019-11-20-at-11.16.18-300x225.jpeg\" width=\"300\" height=\"225\" alt=\"\" \/><\/a><\/div><div class=\"rl-gallery-item\"><a href=\"https:\/\/www.schule-finowfurt.de\/site\/wp-content\/uploads\/2019\/11\/WhatsApp-Image-2019-11-20-at-11.16.19-1.jpeg\" title=\"\" data-rl_title=\"\" class=\"rl-gallery-link\" data-rl_caption=\"\" data-rel=\"lightbox-gallery-1\"><img loading=\"lazy\" decoding=\"async\" src=\"https:\/\/www.schule-finowfurt.de\/site\/wp-content\/uploads\/2019\/11\/WhatsApp-Image-2019-11-20-at-11.16.19-1-300x225.jpeg\" width=\"300\" height=\"225\" alt=\"\" \/><\/a><\/div><div class=\"rl-gallery-item\"><a href=\"https:\/\/www.schule-finowfurt.de\/site\/wp-content\/uploads\/2019\/11\/WhatsApp-Image-2019-11-20-at-11.16.19.jpeg\" title=\"\" data-rl_title=\"\" class=\"rl-gallery-link\" data-rl_caption=\"\" data-rel=\"lightbox-gallery-1\"><img loading=\"lazy\" decoding=\"async\" src=\"https:\/\/www.schule-finowfurt.de\/site\/wp-content\/uploads\/2019\/11\/WhatsApp-Image-2019-11-20-at-11.16.19-300x225.jpeg\" width=\"300\" height=\"225\" alt=\"\" \/><\/a><\/div><div class=\"rl-gallery-item\"><a href=\"https:\/\/www.schule-finowfurt.de\/site\/wp-content\/uploads\/2019\/11\/WhatsApp-Image-2019-11-20-at-11.16.20.jpeg\" title=\"\" data-rl_title=\"\" class=\"rl-gallery-link\" data-rl_caption=\"\" data-rel=\"lightbox-gallery-1\"><img loading=\"lazy\" decoding=\"async\" src=\"https:\/\/www.schule-finowfurt.de\/site\/wp-content\/uploads\/2019\/11\/WhatsApp-Image-2019-11-20-at-11.16.20-300x225.jpeg\" width=\"300\" height=\"225\" alt=\"\" \/><\/a><\/div><div class=\"rl-gallery-item\"><a href=\"https:\/\/www.schule-finowfurt.de\/site\/wp-content\/uploads\/2019\/11\/WhatsApp-Image-2019-11-20-at-11.16.38.jpeg\" title=\"\" data-rl_title=\"\" class=\"rl-gallery-link\" data-rl_caption=\"\" data-rel=\"lightbox-gallery-1\"><img loading=\"lazy\" decoding=\"async\" src=\"https:\/\/www.schule-finowfurt.de\/site\/wp-content\/uploads\/2019\/11\/WhatsApp-Image-2019-11-20-at-11.16.38-300x225.jpeg\" width=\"300\" height=\"225\" alt=\"\" \/><\/a><\/div><div class=\"rl-gallery-item\"><a href=\"https:\/\/www.schule-finowfurt.de\/site\/wp-content\/uploads\/2019\/11\/WhatsApp-Image-2019-11-20-at-11.19.01.jpeg\" title=\"\" data-rl_title=\"\" class=\"rl-gallery-link\" data-rl_caption=\"\" data-rel=\"lightbox-gallery-1\"><img loading=\"lazy\" decoding=\"async\" src=\"https:\/\/www.schule-finowfurt.de\/site\/wp-content\/uploads\/2019\/11\/WhatsApp-Image-2019-11-20-at-11.19.01-300x225.jpeg\" width=\"300\" height=\"225\" alt=\"\" \/><\/a><\/div><div class=\"rl-gallery-item\"><a href=\"https:\/\/www.schule-finowfurt.de\/site\/wp-content\/uploads\/2019\/11\/WhatsApp-Image-2019-11-20-at-11.19.02-1.jpeg\" title=\"\" data-rl_title=\"\" class=\"rl-gallery-link\" data-rl_caption=\"\" data-rel=\"lightbox-gallery-1\"><img loading=\"lazy\" decoding=\"async\" src=\"https:\/\/www.schule-finowfurt.de\/site\/wp-content\/uploads\/2019\/11\/WhatsApp-Image-2019-11-20-at-11.19.02-1-225x300.jpeg\" width=\"225\" height=\"300\" alt=\"\" \/><\/a><\/div><div class=\"rl-gallery-item\"><a href=\"https:\/\/www.schule-finowfurt.de\/site\/wp-content\/uploads\/2019\/11\/WhatsApp-Image-2019-11-20-at-11.19.02-2.jpeg\" title=\"\" data-rl_title=\"\" class=\"rl-gallery-link\" data-rl_caption=\"\" data-rel=\"lightbox-gallery-1\"><img loading=\"lazy\" decoding=\"async\" src=\"https:\/\/www.schule-finowfurt.de\/site\/wp-content\/uploads\/2019\/11\/WhatsApp-Image-2019-11-20-at-11.19.02-2-225x300.jpeg\" width=\"225\" height=\"300\" alt=\"\" \/><\/a><\/div><div class=\"rl-gallery-item\"><a href=\"https:\/\/www.schule-finowfurt.de\/site\/wp-content\/uploads\/2019\/11\/WhatsApp-Image-2019-11-20-at-11.19.02-3.jpeg\" title=\"\" data-rl_title=\"\" class=\"rl-gallery-link\" data-rl_caption=\"\" data-rel=\"lightbox-gallery-1\"><img loading=\"lazy\" decoding=\"async\" src=\"https:\/\/www.schule-finowfurt.de\/site\/wp-content\/uploads\/2019\/11\/WhatsApp-Image-2019-11-20-at-11.19.02-3-225x300.jpeg\" width=\"225\" height=\"300\" alt=\"\" \/><\/a><\/div><div class=\"rl-gallery-item\"><a href=\"https:\/\/www.schule-finowfurt.de\/site\/wp-content\/uploads\/2019\/11\/WhatsApp-Image-2019-11-20-at-11.19.02-4.jpeg\" title=\"\" data-rl_title=\"\" class=\"rl-gallery-link\" data-rl_caption=\"\" data-rel=\"lightbox-gallery-1\"><img loading=\"lazy\" decoding=\"async\" src=\"https:\/\/www.schule-finowfurt.de\/site\/wp-content\/uploads\/2019\/11\/WhatsApp-Image-2019-11-20-at-11.19.02-4-225x300.jpeg\" width=\"225\" height=\"300\" alt=\"\" \/><\/a><\/div><div class=\"rl-gallery-item\"><a href=\"https:\/\/www.schule-finowfurt.de\/site\/wp-content\/uploads\/2019\/11\/WhatsApp-Image-2019-11-20-at-11.19.02.jpeg\" title=\"\" data-rl_title=\"\" class=\"rl-gallery-link\" data-rl_caption=\"\" data-rel=\"lightbox-gallery-1\"><img loading=\"lazy\" decoding=\"async\" src=\"https:\/\/www.schule-finowfurt.de\/site\/wp-content\/uploads\/2019\/11\/WhatsApp-Image-2019-11-20-at-11.19.02-225x300.jpeg\" width=\"225\" height=\"300\" alt=\"\" \/><\/a><\/div><div class=\"rl-gallery-item\"><a href=\"https:\/\/www.schule-finowfurt.de\/site\/wp-content\/uploads\/2019\/11\/WhatsApp-Image-2019-11-20-at-11.19.03-1.jpeg\" title=\"\" data-rl_title=\"\" class=\"rl-gallery-link\" data-rl_caption=\"\" data-rel=\"lightbox-gallery-1\"><img loading=\"lazy\" decoding=\"async\" src=\"https:\/\/www.schule-finowfurt.de\/site\/wp-content\/uploads\/2019\/11\/WhatsApp-Image-2019-11-20-at-11.19.03-1-225x300.jpeg\" width=\"225\" height=\"300\" alt=\"\" \/><\/a><\/div><div class=\"rl-gallery-item\"><a href=\"https:\/\/www.schule-finowfurt.de\/site\/wp-content\/uploads\/2019\/11\/WhatsApp-Image-2019-11-20-at-11.19.03-2.jpeg\" title=\"\" data-rl_title=\"\" class=\"rl-gallery-link\" data-rl_caption=\"\" data-rel=\"lightbox-gallery-1\"><img loading=\"lazy\" decoding=\"async\" src=\"https:\/\/www.schule-finowfurt.de\/site\/wp-content\/uploads\/2019\/11\/WhatsApp-Image-2019-11-20-at-11.19.03-2-225x300.jpeg\" width=\"225\" height=\"300\" alt=\"\" \/><\/a><\/div><div class=\"rl-gallery-item\"><a href=\"https:\/\/www.schule-finowfurt.de\/site\/wp-content\/uploads\/2019\/11\/WhatsApp-Image-2019-11-20-at-11.19.03-3.jpeg\" title=\"\" data-rl_title=\"\" class=\"rl-gallery-link\" data-rl_caption=\"\" data-rel=\"lightbox-gallery-1\"><img loading=\"lazy\" decoding=\"async\" src=\"https:\/\/www.schule-finowfurt.de\/site\/wp-content\/uploads\/2019\/11\/WhatsApp-Image-2019-11-20-at-11.19.03-3-300x225.jpeg\" width=\"300\" height=\"225\" alt=\"\" \/><\/a><\/div><div class=\"rl-gallery-item\"><a href=\"https:\/\/www.schule-finowfurt.de\/site\/wp-content\/uploads\/2019\/11\/WhatsApp-Image-2019-11-20-at-11.19.03-4.jpeg\" title=\"\" data-rl_title=\"\" class=\"rl-gallery-link\" data-rl_caption=\"\" data-rel=\"lightbox-gallery-1\"><img loading=\"lazy\" decoding=\"async\" src=\"https:\/\/www.schule-finowfurt.de\/site\/wp-content\/uploads\/2019\/11\/WhatsApp-Image-2019-11-20-at-11.19.03-4-300x225.jpeg\" width=\"300\" height=\"225\" alt=\"\" \/><\/a><\/div><div class=\"rl-gallery-item\"><a href=\"https:\/\/www.schule-finowfurt.de\/site\/wp-content\/uploads\/2019\/11\/WhatsApp-Image-2019-11-20-at-11.19.03.jpeg\" title=\"\" data-rl_title=\"\" class=\"rl-gallery-link\" data-rl_caption=\"\" data-rel=\"lightbox-gallery-1\"><img loading=\"lazy\" decoding=\"async\" src=\"https:\/\/www.schule-finowfurt.de\/site\/wp-content\/uploads\/2019\/11\/WhatsApp-Image-2019-11-20-at-11.19.03-225x300.jpeg\" width=\"225\" height=\"300\" alt=\"\" \/><\/a><\/div><div class=\"rl-gallery-item\"><a href=\"https:\/\/www.schule-finowfurt.de\/site\/wp-content\/uploads\/2019\/11\/WhatsApp-Image-2019-11-20-at-11.19.04-1.jpeg\" title=\"\" data-rl_title=\"\" class=\"rl-gallery-link\" data-rl_caption=\"\" data-rel=\"lightbox-gallery-1\"><img loading=\"lazy\" decoding=\"async\" src=\"https:\/\/www.schule-finowfurt.de\/site\/wp-content\/uploads\/2019\/11\/WhatsApp-Image-2019-11-20-at-11.19.04-1-300x225.jpeg\" width=\"300\" height=\"225\" alt=\"\" \/><\/a><\/div><div class=\"rl-gallery-item\"><a href=\"https:\/\/www.schule-finowfurt.de\/site\/wp-content\/uploads\/2019\/11\/WhatsApp-Image-2019-11-20-at-11.19.04-2.jpeg\" title=\"\" data-rl_title=\"\" class=\"rl-gallery-link\" data-rl_caption=\"\" data-rel=\"lightbox-gallery-1\"><img loading=\"lazy\" decoding=\"async\" src=\"https:\/\/www.schule-finowfurt.de\/site\/wp-content\/uploads\/2019\/11\/WhatsApp-Image-2019-11-20-at-11.19.04-2-300x225.jpeg\" width=\"300\" height=\"225\" alt=\"\" \/><\/a><\/div><div class=\"rl-gallery-item\"><a href=\"https:\/\/www.schule-finowfurt.de\/site\/wp-content\/uploads\/2019\/11\/WhatsApp-Image-2019-11-20-at-11.19.04-3.jpeg\" title=\"\" data-rl_title=\"\" class=\"rl-gallery-link\" data-rl_caption=\"\" data-rel=\"lightbox-gallery-1\"><img loading=\"lazy\" decoding=\"async\" src=\"https:\/\/www.schule-finowfurt.de\/site\/wp-content\/uploads\/2019\/11\/WhatsApp-Image-2019-11-20-at-11.19.04-3-300x225.jpeg\" width=\"300\" height=\"225\" alt=\"\" \/><\/a><\/div><div class=\"rl-gallery-item\"><a href=\"https:\/\/www.schule-finowfurt.de\/site\/wp-content\/uploads\/2019\/11\/WhatsApp-Image-2019-11-20-at-11.19.04-4.jpeg\" title=\"\" data-rl_title=\"\" class=\"rl-gallery-link\" data-rl_caption=\"\" data-rel=\"lightbox-gallery-1\"><img loading=\"lazy\" decoding=\"async\" src=\"https:\/\/www.schule-finowfurt.de\/site\/wp-content\/uploads\/2019\/11\/WhatsApp-Image-2019-11-20-at-11.19.04-4-300x225.jpeg\" width=\"300\" height=\"225\" alt=\"\" \/><\/a><\/div><div class=\"rl-gallery-item\"><a href=\"https:\/\/www.schule-finowfurt.de\/site\/wp-content\/uploads\/2019\/11\/WhatsApp-Image-2019-11-20-at-11.19.04.jpeg\" title=\"\" data-rl_title=\"\" class=\"rl-gallery-link\" data-rl_caption=\"\" data-rel=\"lightbox-gallery-1\"><img loading=\"lazy\" decoding=\"async\" src=\"https:\/\/www.schule-finowfurt.de\/site\/wp-content\/uploads\/2019\/11\/WhatsApp-Image-2019-11-20-at-11.19.04-300x225.jpeg\" width=\"300\" height=\"225\" alt=\"\" \/><\/a><\/div><div class=\"rl-gallery-item\"><a href=\"https:\/\/www.schule-finowfurt.de\/site\/wp-content\/uploads\/2019\/11\/WhatsApp-Image-2019-11-20-at-11.19.05-1.jpeg\" title=\"\" data-rl_title=\"\" class=\"rl-gallery-link\" data-rl_caption=\"\" data-rel=\"lightbox-gallery-1\"><img loading=\"lazy\" decoding=\"async\" src=\"https:\/\/www.schule-finowfurt.de\/site\/wp-content\/uploads\/2019\/11\/WhatsApp-Image-2019-11-20-at-11.19.05-1-300x225.jpeg\" width=\"300\" height=\"225\" alt=\"\" \/><\/a><\/div><div class=\"rl-gallery-item\"><a href=\"https:\/\/www.schule-finowfurt.de\/site\/wp-content\/uploads\/2019\/11\/WhatsApp-Image-2019-11-20-at-11.19.05-2.jpeg\" title=\"\" data-rl_title=\"\" class=\"rl-gallery-link\" data-rl_caption=\"\" data-rel=\"lightbox-gallery-1\"><img loading=\"lazy\" decoding=\"async\" src=\"https:\/\/www.schule-finowfurt.de\/site\/wp-content\/uploads\/2019\/11\/WhatsApp-Image-2019-11-20-at-11.19.05-2-300x225.jpeg\" width=\"300\" height=\"225\" alt=\"\" \/><\/a><\/div><div class=\"rl-gallery-item\"><a href=\"https:\/\/www.schule-finowfurt.de\/site\/wp-content\/uploads\/2019\/11\/WhatsApp-Image-2019-11-20-at-11.19.05-3.jpeg\" title=\"\" data-rl_title=\"\" class=\"rl-gallery-link\" data-rl_caption=\"\" data-rel=\"lightbox-gallery-1\"><img loading=\"lazy\" decoding=\"async\" src=\"https:\/\/www.schule-finowfurt.de\/site\/wp-content\/uploads\/2019\/11\/WhatsApp-Image-2019-11-20-at-11.19.05-3-300x225.jpeg\" width=\"300\" height=\"225\" alt=\"\" \/><\/a><\/div><div class=\"rl-gallery-item\"><a href=\"https:\/\/www.schule-finowfurt.de\/site\/wp-content\/uploads\/2019\/11\/WhatsApp-Image-2019-11-20-at-11.19.05-4.jpeg\" title=\"\" data-rl_title=\"\" class=\"rl-gallery-link\" data-rl_caption=\"\" data-rel=\"lightbox-gallery-1\"><img loading=\"lazy\" decoding=\"async\" src=\"https:\/\/www.schule-finowfurt.de\/site\/wp-content\/uploads\/2019\/11\/WhatsApp-Image-2019-11-20-at-11.19.05-4-300x225.jpeg\" width=\"300\" height=\"225\" alt=\"\" \/><\/a><\/div><div class=\"rl-gallery-item\"><a href=\"https:\/\/www.schule-finowfurt.de\/site\/wp-content\/uploads\/2019\/11\/WhatsApp-Image-2019-11-20-at-11.19.05.jpeg\" title=\"\" data-rl_title=\"\" class=\"rl-gallery-link\" data-rl_caption=\"\" data-rel=\"lightbox-gallery-1\"><img loading=\"lazy\" decoding=\"async\" src=\"https:\/\/www.schule-finowfurt.de\/site\/wp-content\/uploads\/2019\/11\/WhatsApp-Image-2019-11-20-at-11.19.05-300x225.jpeg\" width=\"300\" height=\"225\" alt=\"\" \/><\/a><\/div><div class=\"rl-gallery-item\"><a href=\"https:\/\/www.schule-finowfurt.de\/site\/wp-content\/uploads\/2019\/11\/WhatsApp-Image-2019-11-20-at-11.19.06-1.jpeg\" title=\"\" data-rl_title=\"\" class=\"rl-gallery-link\" data-rl_caption=\"\" data-rel=\"lightbox-gallery-1\"><img loading=\"lazy\" decoding=\"async\" src=\"https:\/\/www.schule-finowfurt.de\/site\/wp-content\/uploads\/2019\/11\/WhatsApp-Image-2019-11-20-at-11.19.06-1-300x225.jpeg\" width=\"300\" height=\"225\" alt=\"\" \/><\/a><\/div><div class=\"rl-gallery-item\"><a href=\"https:\/\/www.schule-finowfurt.de\/site\/wp-content\/uploads\/2019\/11\/WhatsApp-Image-2019-11-20-at-11.19.06-2.jpeg\" title=\"\" data-rl_title=\"\" class=\"rl-gallery-link\" data-rl_caption=\"\" data-rel=\"lightbox-gallery-1\"><img loading=\"lazy\" decoding=\"async\" src=\"https:\/\/www.schule-finowfurt.de\/site\/wp-content\/uploads\/2019\/11\/WhatsApp-Image-2019-11-20-at-11.19.06-2-300x225.jpeg\" width=\"300\" height=\"225\" alt=\"\" \/><\/a><\/div><div class=\"rl-gallery-item\"><a href=\"https:\/\/www.schule-finowfurt.de\/site\/wp-content\/uploads\/2019\/11\/WhatsApp-Image-2019-11-20-at-11.19.06-3.jpeg\" title=\"\" data-rl_title=\"\" class=\"rl-gallery-link\" data-rl_caption=\"\" data-rel=\"lightbox-gallery-1\"><img loading=\"lazy\" decoding=\"async\" src=\"https:\/\/www.schule-finowfurt.de\/site\/wp-content\/uploads\/2019\/11\/WhatsApp-Image-2019-11-20-at-11.19.06-3-300x225.jpeg\" width=\"300\" height=\"225\" alt=\"\" \/><\/a><\/div><div class=\"rl-gallery-item\"><a href=\"https:\/\/www.schule-finowfurt.de\/site\/wp-content\/uploads\/2019\/11\/WhatsApp-Image-2019-11-20-at-11.19.06.jpeg\" title=\"\" data-rl_title=\"\" class=\"rl-gallery-link\" data-rl_caption=\"\" data-rel=\"lightbox-gallery-1\"><img loading=\"lazy\" decoding=\"async\" src=\"https:\/\/www.schule-finowfurt.de\/site\/wp-content\/uploads\/2019\/11\/WhatsApp-Image-2019-11-20-at-11.19.06-300x225.jpeg\" width=\"300\" height=\"225\" alt=\"\" \/><\/a><\/div><div class=\"rl-gallery-item\"><a href=\"https:\/\/www.schule-finowfurt.de\/site\/wp-content\/uploads\/2019\/11\/WhatsApp-Image-2019-11-20-at-11.19.07.jpeg\" title=\"\" data-rl_title=\"\" class=\"rl-gallery-link\" data-rl_caption=\"\" data-rel=\"lightbox-gallery-1\"><img loading=\"lazy\" decoding=\"async\" src=\"https:\/\/www.schule-finowfurt.de\/site\/wp-content\/uploads\/2019\/11\/WhatsApp-Image-2019-11-20-at-11.19.07-300x225.jpeg\" width=\"300\" height=\"225\" alt=\"\" \/><\/a><\/div><div class=\"rl-gallery-item\"><a href=\"https:\/\/www.schule-finowfurt.de\/site\/wp-content\/uploads\/2019\/11\/WhatsApp-Image-2019-11-20-at-11.19.38.jpeg\" title=\"\" data-rl_title=\"\" class=\"rl-gallery-link\" data-rl_caption=\"\" data-rel=\"lightbox-gallery-1\"><img loading=\"lazy\" decoding=\"async\" src=\"https:\/\/www.schule-finowfurt.de\/site\/wp-content\/uploads\/2019\/11\/WhatsApp-Image-2019-11-20-at-11.19.38-300x225.jpeg\" width=\"300\" height=\"225\" alt=\"\" \/><\/a><\/div><div class=\"rl-gallery-item\"><a href=\"https:\/\/www.schule-finowfurt.de\/site\/wp-content\/uploads\/2019\/11\/WhatsApp-Image-2019-11-20-at-11.20.24-1.jpeg\" title=\"\" data-rl_title=\"\" class=\"rl-gallery-link\" data-rl_caption=\"\" data-rel=\"lightbox-gallery-1\"><img loading=\"lazy\" decoding=\"async\" src=\"https:\/\/www.schule-finowfurt.de\/site\/wp-content\/uploads\/2019\/11\/WhatsApp-Image-2019-11-20-at-11.20.24-1-300x225.jpeg\" width=\"300\" height=\"225\" alt=\"\" \/><\/a><\/div><div class=\"rl-gallery-item\"><a href=\"https:\/\/www.schule-finowfurt.de\/site\/wp-content\/uploads\/2019\/11\/WhatsApp-Image-2019-11-20-at-11.20.24-2.jpeg\" title=\"\" data-rl_title=\"\" class=\"rl-gallery-link\" data-rl_caption=\"\" data-rel=\"lightbox-gallery-1\"><img loading=\"lazy\" decoding=\"async\" src=\"https:\/\/www.schule-finowfurt.de\/site\/wp-content\/uploads\/2019\/11\/WhatsApp-Image-2019-11-20-at-11.20.24-2-300x225.jpeg\" width=\"300\" height=\"225\" alt=\"\" \/><\/a><\/div><div class=\"rl-gallery-item\"><a href=\"https:\/\/www.schule-finowfurt.de\/site\/wp-content\/uploads\/2019\/11\/WhatsApp-Image-2019-11-20-at-11.20.24.jpeg\" title=\"\" data-rl_title=\"\" class=\"rl-gallery-link\" data-rl_caption=\"\" data-rel=\"lightbox-gallery-1\"><img loading=\"lazy\" decoding=\"async\" src=\"https:\/\/www.schule-finowfurt.de\/site\/wp-content\/uploads\/2019\/11\/WhatsApp-Image-2019-11-20-at-11.20.24-300x225.jpeg\" width=\"300\" height=\"225\" alt=\"\" \/><\/a><\/div> <\/div> <\/div>\n","protected":false},"excerpt":{"rendered":"<p>Das erste Mal startete Ende September das neugewonnene Projekt ,,Surfen f\u00fcr Kids\u2018\u2018 der Schule Finowfurt. Die Jugendlichen, im Alter von<\/p>\n","protected":false},"author":1,"featured_media":0,"parent":0,"menu_order":0,"comment_status":"closed","ping_status":"closed","template":"","meta":{"footnotes":""},"class_list":["post-2371","page","type-page","status-publish","hentry"],"_links":{"self":[{"href":"https:\/\/www.schule-finowfurt.de\/site\/index.php?rest_route=\/wp\/v2\/pages\/2371","targetHints":{"allow":["GET"]}}],"collection":[{"href":"https:\/\/www.schule-finowfurt.de\/site\/index.php?rest_route=\/wp\/v2\/pages"}],"about":[{"href":"https:\/\/www.schule-finowfurt.de\/site\/index.php?rest_route=\/wp\/v2\/types\/page"}],"author":[{"embeddable":true,"href":"https:\/\/www.schule-finowfurt.de\/site\/index.php?rest_route=\/wp\/v2\/users\/1"}],"replies":[{"embeddable":true,"href":"https:\/\/www.schule-finowfurt.de\/site\/index.php?rest_route=%2Fwp%2Fv2%2Fcomments&post=2371"}],"version-history":[{"count":2,"href":"https:\/\/www.schule-finowfurt.de\/site\/index.php?rest_route=\/wp\/v2\/pages\/2371\/revisions"}],"predecessor-version":[{"id":2417,"href":"https:\/\/www.schule-finowfurt.de\/site\/index.php?rest_route=\/wp\/v2\/pages\/2371\/revisions\/2417"}],"wp:attachment":[{"href":"https:\/\/www.schule-finowfurt.de\/site\/index.php?rest_route=%2Fwp%2Fv2%2Fmedia&parent=2371"}],"curies":[{"name":"wp","href":"https:\/\/api.w.org\/{rel}","templated":true}]}}