{"id":2429,"date":"2019-11-21T14:47:16","date_gmt":"2019-11-21T13:47:16","guid":{"rendered":"http:\/\/www.schule-finowfurt.de\/site\/?page_id=2429"},"modified":"2019-11-21T14:57:19","modified_gmt":"2019-11-21T13:57:19","slug":"jugendtreff-2019","status":"publish","type":"page","link":"https:\/\/www.schule-finowfurt.de\/site\/?page_id=2429","title":{"rendered":"Jugendtreffen 2019"},"content":{"rendered":"<p>Im September reisten unsere Sch\u00fcler und Sch\u00fclerinnen der Klassenstufe 8. und 9. nach Mielno an der der polnischen Ostsee. Diesmal lud die Polnische Gemeinde zum Jugendtreffen unter dem Motto \u201ePiraten und Meer\u201c ein. Die Kinder im Alter von 12-14 Jahren trafen dort auf gleichaltrige und verbrachten dort einige sch\u00f6ne Tage.<\/p>\n<p>Am ersten Tag stand das Kennenlernen auf dem Programm. Sowohl die Schulleiterin, der Hotelmanager, verschiedene Lehrkr\u00e4fte und die B\u00fcrgermeisterin begr\u00fc\u00dften die Teenager im gro\u00dfen Rahmen. Alle Sch\u00fcler sowohl die Polnischen als auch die Deutschen waren sehr erwartungsfreudig. Am Nachmittag spazierten die Kids am dortigen Strand und sammelten dabei Muscheln, Steine und den ein oder anderen Bernstein. Anschlie\u00dfend wurden die Sch\u00e4tze im Jugendhaus in kreativen Ideen als Talismane, Erinnerungstafeln und Andenken verarbeitet. Nach dem gemeinsamen Abendessen erlernten unsere Sch\u00fcler und Sch\u00fclerinnen einen Tanz, den sie von den Gastgebern beigebracht bekamen. Nach anf\u00e4nglichen Zur\u00fcckhaltungen tanzten alle gemeinsam und fr\u00f6hlich durch den Abend.<\/p>\n<p>Am folgenden Tag ging es nach Koloberg. Leider spielte das Wetter nicht mit und die geplante Bootstour mit einem Piratenschiff auf der Ostsee musste leider entfallen. Unsere Gastgeber waren nat\u00fcrlich vorbereitet und stellten kurzerhand eine Stadtralley auf die Beine. Mit Quizfragen, \u00dcbersetzungen und einem Stadtplan in der Hand ging es kreuz und quer durch die Stadt. Leicht durchn\u00e4sst und etwas entkr\u00e4ftet ging es zum Mittagessen. Dort konnten einige Erfahrungen ausgetauscht werden. Im Anschluss daran, fuhren alle gemeinsam zum historischen Stadtteil von Koloberg. Dort erwartete sie ein echter \u201ePirat\u201c der mit den Kindern diverse Gruppenspiele absolvierte. Bei Tauziehen, Wettl\u00e4ufen, Nageln und Balancespielen wurde viel gelacht und so manches Sp\u00e4\u00dfchen gemacht. Letztes Highlight des Tages war ein Schwerttraining, dass durch einen internationalen Schwertmeister durchgef\u00fchrt wurde. V\u00f6llig ersch\u00f6pft und mit einer Vielzahl von Erfahrungen im Gep\u00e4ck ging es nach dem Abendessen verdient in die \u201eFedern\u201c.<\/p>\n<p>Am Samstag ging es zur Mottoveranstaltung in das Jugendzentrum in Mielno. Dort wurde in verschiedenen Workshops das Thema \u201ePiraten und Meer\u201c und die damit einhergehende Show vorbereitet. Musikalische und t\u00e4nzerische Elemente wurden einge\u00fcbt, das Buffet vorbereitet, Requisiten hergestellt, Texte geschrieben und viel mit H\u00e4nden und F\u00fc\u00dfen kommuniziert. Alle Jugendlichen waren hochmotiviert und erwarteten voller Vorfreude auf ihren gro\u00dfen Moment. Am Abend war es dann so weit. Die gro\u00dfe Piratenshow wurde auf der B\u00fchne aufgef\u00fchrt. Das Publikum war hellauf begeistert und quittierten die Auftritte mit tosendem Beifall und Standing Ovation. Nach der Show und reichhaltigem Buffet war es Zeit f\u00fcr die Verabschiedung. Es flossen viele Tr\u00e4nen, es wurden Nummern ausgetauscht und so manche Freundschaften auf Facebook geschlossen. Mit dem Versprechen sich regelm\u00e4\u00dfig zu schreiben, verabschiedeten sich die polnischen Kinder von den Finowfurtern.<\/p>\n<p>R\u00fcckblickend schauen wir auf eine tolle und erlebnisreiche Zeit in Polen zur\u00fcck. Damit einhergehend bedanken wir uns bei unseren tollen Gastgebern mit einem gro\u00dfen \u201ediekuje barzo\u201c und freuen uns schon jetzt auf die n\u00e4chsten Deutsch-Polnischen-Treffen.<\/p>\n<p>(Patrick Joseph)<\/p>\n<div class=\"rl-gallery-container rl-loading\" id=\"rl-gallery-container-1\" data-gallery_id=\"2433\"> <div class=\"rl-gallery rl-basicgrid-gallery \" id=\"rl-gallery-1\" data-gallery_no=\"1\"> <div class=\"rl-gallery-item\"><a href=\"https:\/\/www.schule-finowfurt.de\/site\/wp-content\/uploads\/2019\/11\/WhatsApp-Image-2019-11-21-at-11.20.24.jpeg\" title=\"\" data-rl_title=\"\" class=\"rl-gallery-link\" data-rl_caption=\"\" data-rel=\"lightbox-gallery-1\"><img loading=\"lazy\" decoding=\"async\" src=\"https:\/\/www.schule-finowfurt.de\/site\/wp-content\/uploads\/2019\/11\/WhatsApp-Image-2019-11-21-at-11.20.24-225x300.jpeg\" width=\"225\" height=\"300\" alt=\"\" \/><\/a><\/div><div class=\"rl-gallery-item\"><a href=\"https:\/\/www.schule-finowfurt.de\/site\/wp-content\/uploads\/2019\/11\/WhatsApp-Image-2019-11-21-at-11.20.27-1.jpeg\" title=\"\" data-rl_title=\"\" class=\"rl-gallery-link\" data-rl_caption=\"\" data-rel=\"lightbox-gallery-1\"><img loading=\"lazy\" decoding=\"async\" src=\"https:\/\/www.schule-finowfurt.de\/site\/wp-content\/uploads\/2019\/11\/WhatsApp-Image-2019-11-21-at-11.20.27-1-300x225.jpeg\" width=\"300\" height=\"225\" alt=\"\" \/><\/a><\/div><div class=\"rl-gallery-item\"><a href=\"https:\/\/www.schule-finowfurt.de\/site\/wp-content\/uploads\/2019\/11\/WhatsApp-Image-2019-11-21-at-11.20.27-2.jpeg\" title=\"\" data-rl_title=\"\" class=\"rl-gallery-link\" data-rl_caption=\"\" data-rel=\"lightbox-gallery-1\"><img loading=\"lazy\" decoding=\"async\" src=\"https:\/\/www.schule-finowfurt.de\/site\/wp-content\/uploads\/2019\/11\/WhatsApp-Image-2019-11-21-at-11.20.27-2-225x300.jpeg\" width=\"225\" height=\"300\" alt=\"\" \/><\/a><\/div><div class=\"rl-gallery-item\"><a href=\"https:\/\/www.schule-finowfurt.de\/site\/wp-content\/uploads\/2019\/11\/WhatsApp-Image-2019-11-21-at-11.20.27-3.jpeg\" title=\"\" data-rl_title=\"\" class=\"rl-gallery-link\" data-rl_caption=\"\" data-rel=\"lightbox-gallery-1\"><img loading=\"lazy\" decoding=\"async\" src=\"https:\/\/www.schule-finowfurt.de\/site\/wp-content\/uploads\/2019\/11\/WhatsApp-Image-2019-11-21-at-11.20.27-3-225x300.jpeg\" width=\"225\" height=\"300\" alt=\"\" \/><\/a><\/div><div class=\"rl-gallery-item\"><a href=\"https:\/\/www.schule-finowfurt.de\/site\/wp-content\/uploads\/2019\/11\/WhatsApp-Image-2019-11-21-at-11.20.27-4.jpeg\" title=\"\" data-rl_title=\"\" class=\"rl-gallery-link\" data-rl_caption=\"\" data-rel=\"lightbox-gallery-1\"><img loading=\"lazy\" decoding=\"async\" src=\"https:\/\/www.schule-finowfurt.de\/site\/wp-content\/uploads\/2019\/11\/WhatsApp-Image-2019-11-21-at-11.20.27-4-300x225.jpeg\" width=\"300\" height=\"225\" alt=\"\" \/><\/a><\/div><div class=\"rl-gallery-item\"><a href=\"https:\/\/www.schule-finowfurt.de\/site\/wp-content\/uploads\/2019\/11\/WhatsApp-Image-2019-11-21-at-11.20.27.jpeg\" title=\"\" data-rl_title=\"\" class=\"rl-gallery-link\" data-rl_caption=\"\" data-rel=\"lightbox-gallery-1\"><img loading=\"lazy\" decoding=\"async\" src=\"https:\/\/www.schule-finowfurt.de\/site\/wp-content\/uploads\/2019\/11\/WhatsApp-Image-2019-11-21-at-11.20.27-225x300.jpeg\" width=\"225\" height=\"300\" alt=\"\" \/><\/a><\/div><div class=\"rl-gallery-item\"><a href=\"https:\/\/www.schule-finowfurt.de\/site\/wp-content\/uploads\/2019\/11\/WhatsApp-Image-2019-11-21-at-11.20.28-1.jpeg\" title=\"\" data-rl_title=\"\" class=\"rl-gallery-link\" data-rl_caption=\"\" data-rel=\"lightbox-gallery-1\"><img loading=\"lazy\" decoding=\"async\" src=\"https:\/\/www.schule-finowfurt.de\/site\/wp-content\/uploads\/2019\/11\/WhatsApp-Image-2019-11-21-at-11.20.28-1-225x300.jpeg\" width=\"225\" height=\"300\" alt=\"\" \/><\/a><\/div><div class=\"rl-gallery-item\"><a href=\"https:\/\/www.schule-finowfurt.de\/site\/wp-content\/uploads\/2019\/11\/WhatsApp-Image-2019-11-21-at-11.20.28-2.jpeg\" title=\"\" data-rl_title=\"\" class=\"rl-gallery-link\" data-rl_caption=\"\" data-rel=\"lightbox-gallery-1\"><img loading=\"lazy\" decoding=\"async\" src=\"https:\/\/www.schule-finowfurt.de\/site\/wp-content\/uploads\/2019\/11\/WhatsApp-Image-2019-11-21-at-11.20.28-2-300x225.jpeg\" width=\"300\" height=\"225\" alt=\"\" \/><\/a><\/div><div class=\"rl-gallery-item\"><a href=\"https:\/\/www.schule-finowfurt.de\/site\/wp-content\/uploads\/2019\/11\/WhatsApp-Image-2019-11-21-at-11.20.28-3.jpeg\" title=\"\" data-rl_title=\"\" class=\"rl-gallery-link\" data-rl_caption=\"\" data-rel=\"lightbox-gallery-1\"><img loading=\"lazy\" decoding=\"async\" src=\"https:\/\/www.schule-finowfurt.de\/site\/wp-content\/uploads\/2019\/11\/WhatsApp-Image-2019-11-21-at-11.20.28-3-300x225.jpeg\" width=\"300\" height=\"225\" alt=\"\" \/><\/a><\/div><div class=\"rl-gallery-item\"><a href=\"https:\/\/www.schule-finowfurt.de\/site\/wp-content\/uploads\/2019\/11\/WhatsApp-Image-2019-11-21-at-11.20.28.jpeg\" title=\"\" data-rl_title=\"\" class=\"rl-gallery-link\" data-rl_caption=\"\" data-rel=\"lightbox-gallery-1\"><img loading=\"lazy\" decoding=\"async\" src=\"https:\/\/www.schule-finowfurt.de\/site\/wp-content\/uploads\/2019\/11\/WhatsApp-Image-2019-11-21-at-11.20.28-300x225.jpeg\" width=\"300\" height=\"225\" alt=\"\" \/><\/a><\/div><div class=\"rl-gallery-item\"><a href=\"https:\/\/www.schule-finowfurt.de\/site\/wp-content\/uploads\/2019\/11\/WhatsApp-Image-2019-11-21-at-11.20.29-1.jpeg\" title=\"\" data-rl_title=\"\" class=\"rl-gallery-link\" data-rl_caption=\"\" data-rel=\"lightbox-gallery-1\"><img loading=\"lazy\" decoding=\"async\" src=\"https:\/\/www.schule-finowfurt.de\/site\/wp-content\/uploads\/2019\/11\/WhatsApp-Image-2019-11-21-at-11.20.29-1-225x300.jpeg\" width=\"225\" height=\"300\" alt=\"\" \/><\/a><\/div><div class=\"rl-gallery-item\"><a href=\"https:\/\/www.schule-finowfurt.de\/site\/wp-content\/uploads\/2019\/11\/WhatsApp-Image-2019-11-21-at-11.20.29.jpeg\" title=\"\" data-rl_title=\"\" class=\"rl-gallery-link\" data-rl_caption=\"\" data-rel=\"lightbox-gallery-1\"><img loading=\"lazy\" decoding=\"async\" src=\"https:\/\/www.schule-finowfurt.de\/site\/wp-content\/uploads\/2019\/11\/WhatsApp-Image-2019-11-21-at-11.20.29-225x300.jpeg\" width=\"225\" height=\"300\" alt=\"\" \/><\/a><\/div><div class=\"rl-gallery-item\"><a href=\"https:\/\/www.schule-finowfurt.de\/site\/wp-content\/uploads\/2019\/11\/WhatsApp-Image-2019-11-21-at-11.20.30-1.jpeg\" title=\"\" data-rl_title=\"\" class=\"rl-gallery-link\" data-rl_caption=\"\" data-rel=\"lightbox-gallery-1\"><img loading=\"lazy\" decoding=\"async\" src=\"https:\/\/www.schule-finowfurt.de\/site\/wp-content\/uploads\/2019\/11\/WhatsApp-Image-2019-11-21-at-11.20.30-1-300x225.jpeg\" width=\"300\" height=\"225\" alt=\"\" \/><\/a><\/div><div class=\"rl-gallery-item\"><a href=\"https:\/\/www.schule-finowfurt.de\/site\/wp-content\/uploads\/2019\/11\/WhatsApp-Image-2019-11-21-at-11.20.30.jpeg\" title=\"\" data-rl_title=\"\" class=\"rl-gallery-link\" data-rl_caption=\"\" data-rel=\"lightbox-gallery-1\"><img loading=\"lazy\" decoding=\"async\" src=\"https:\/\/www.schule-finowfurt.de\/site\/wp-content\/uploads\/2019\/11\/WhatsApp-Image-2019-11-21-at-11.20.30-225x300.jpeg\" width=\"225\" height=\"300\" alt=\"\" \/><\/a><\/div><div class=\"rl-gallery-item\"><a href=\"https:\/\/www.schule-finowfurt.de\/site\/wp-content\/uploads\/2019\/11\/WhatsApp-Image-2019-11-21-at-11.20.31-1.jpeg\" title=\"\" data-rl_title=\"\" class=\"rl-gallery-link\" data-rl_caption=\"\" data-rel=\"lightbox-gallery-1\"><img loading=\"lazy\" decoding=\"async\" src=\"https:\/\/www.schule-finowfurt.de\/site\/wp-content\/uploads\/2019\/11\/WhatsApp-Image-2019-11-21-at-11.20.31-1-300x225.jpeg\" width=\"300\" height=\"225\" alt=\"\" \/><\/a><\/div><div class=\"rl-gallery-item\"><a href=\"https:\/\/www.schule-finowfurt.de\/site\/wp-content\/uploads\/2019\/11\/WhatsApp-Image-2019-11-21-at-11.20.31.jpeg\" title=\"\" data-rl_title=\"\" class=\"rl-gallery-link\" data-rl_caption=\"\" data-rel=\"lightbox-gallery-1\"><img loading=\"lazy\" decoding=\"async\" src=\"https:\/\/www.schule-finowfurt.de\/site\/wp-content\/uploads\/2019\/11\/WhatsApp-Image-2019-11-21-at-11.20.31-300x225.jpeg\" width=\"300\" height=\"225\" alt=\"\" \/><\/a><\/div><div class=\"rl-gallery-item\"><a href=\"https:\/\/www.schule-finowfurt.de\/site\/wp-content\/uploads\/2019\/11\/WhatsApp-Image-2019-11-21-at-11.20.32-1.jpeg\" title=\"\" data-rl_title=\"\" class=\"rl-gallery-link\" data-rl_caption=\"\" data-rel=\"lightbox-gallery-1\"><img loading=\"lazy\" decoding=\"async\" src=\"https:\/\/www.schule-finowfurt.de\/site\/wp-content\/uploads\/2019\/11\/WhatsApp-Image-2019-11-21-at-11.20.32-1-225x300.jpeg\" width=\"225\" height=\"300\" alt=\"\" \/><\/a><\/div><div class=\"rl-gallery-item\"><a href=\"https:\/\/www.schule-finowfurt.de\/site\/wp-content\/uploads\/2019\/11\/WhatsApp-Image-2019-11-21-at-11.20.32.jpeg\" title=\"\" data-rl_title=\"\" class=\"rl-gallery-link\" data-rl_caption=\"\" data-rel=\"lightbox-gallery-1\"><img loading=\"lazy\" decoding=\"async\" src=\"https:\/\/www.schule-finowfurt.de\/site\/wp-content\/uploads\/2019\/11\/WhatsApp-Image-2019-11-21-at-11.20.32-300x225.jpeg\" width=\"300\" height=\"225\" alt=\"\" \/><\/a><\/div><div class=\"rl-gallery-item\"><a href=\"https:\/\/www.schule-finowfurt.de\/site\/wp-content\/uploads\/2019\/11\/WhatsApp-Image-2019-11-21-at-11.20.33-1.jpeg\" title=\"\" data-rl_title=\"\" class=\"rl-gallery-link\" data-rl_caption=\"\" data-rel=\"lightbox-gallery-1\"><img loading=\"lazy\" decoding=\"async\" src=\"https:\/\/www.schule-finowfurt.de\/site\/wp-content\/uploads\/2019\/11\/WhatsApp-Image-2019-11-21-at-11.20.33-1-225x300.jpeg\" width=\"225\" height=\"300\" alt=\"\" \/><\/a><\/div><div class=\"rl-gallery-item\"><a href=\"https:\/\/www.schule-finowfurt.de\/site\/wp-content\/uploads\/2019\/11\/WhatsApp-Image-2019-11-21-at-11.20.33.jpeg\" title=\"\" data-rl_title=\"\" class=\"rl-gallery-link\" data-rl_caption=\"\" data-rel=\"lightbox-gallery-1\"><img loading=\"lazy\" decoding=\"async\" src=\"https:\/\/www.schule-finowfurt.de\/site\/wp-content\/uploads\/2019\/11\/WhatsApp-Image-2019-11-21-at-11.20.33-300x225.jpeg\" width=\"300\" height=\"225\" alt=\"\" \/><\/a><\/div><div class=\"rl-gallery-item\"><a href=\"https:\/\/www.schule-finowfurt.de\/site\/wp-content\/uploads\/2019\/11\/WhatsApp-Image-2019-11-21-at-11.20.34-1.jpeg\" title=\"\" data-rl_title=\"\" class=\"rl-gallery-link\" data-rl_caption=\"\" data-rel=\"lightbox-gallery-1\"><img loading=\"lazy\" decoding=\"async\" src=\"https:\/\/www.schule-finowfurt.de\/site\/wp-content\/uploads\/2019\/11\/WhatsApp-Image-2019-11-21-at-11.20.34-1-300x194.jpeg\" width=\"300\" height=\"194\" alt=\"\" \/><\/a><\/div><div class=\"rl-gallery-item\"><a href=\"https:\/\/www.schule-finowfurt.de\/site\/wp-content\/uploads\/2019\/11\/WhatsApp-Image-2019-11-21-at-11.20.34.jpeg\" title=\"\" data-rl_title=\"\" class=\"rl-gallery-link\" data-rl_caption=\"\" data-rel=\"lightbox-gallery-1\"><img loading=\"lazy\" decoding=\"async\" src=\"https:\/\/www.schule-finowfurt.de\/site\/wp-content\/uploads\/2019\/11\/WhatsApp-Image-2019-11-21-at-11.20.34-225x300.jpeg\" width=\"225\" height=\"300\" alt=\"\" \/><\/a><\/div><div class=\"rl-gallery-item\"><a href=\"https:\/\/www.schule-finowfurt.de\/site\/wp-content\/uploads\/2019\/11\/WhatsApp-Image-2019-11-21-at-11.20.35-1.jpeg\" title=\"\" data-rl_title=\"\" class=\"rl-gallery-link\" data-rl_caption=\"\" data-rel=\"lightbox-gallery-1\"><img loading=\"lazy\" decoding=\"async\" src=\"https:\/\/www.schule-finowfurt.de\/site\/wp-content\/uploads\/2019\/11\/WhatsApp-Image-2019-11-21-at-11.20.35-1-300x252.jpeg\" width=\"300\" height=\"252\" alt=\"\" \/><\/a><\/div><div class=\"rl-gallery-item\"><a href=\"https:\/\/www.schule-finowfurt.de\/site\/wp-content\/uploads\/2019\/11\/WhatsApp-Image-2019-11-21-at-11.20.35.jpeg\" title=\"\" data-rl_title=\"\" class=\"rl-gallery-link\" data-rl_caption=\"\" data-rel=\"lightbox-gallery-1\"><img loading=\"lazy\" decoding=\"async\" src=\"https:\/\/www.schule-finowfurt.de\/site\/wp-content\/uploads\/2019\/11\/WhatsApp-Image-2019-11-21-at-11.20.35-300x191.jpeg\" width=\"300\" height=\"191\" alt=\"\" \/><\/a><\/div><div class=\"rl-gallery-item\"><a href=\"https:\/\/www.schule-finowfurt.de\/site\/wp-content\/uploads\/2019\/11\/WhatsApp-Image-2019-11-21-at-11.20.36-1.jpeg\" title=\"\" data-rl_title=\"\" class=\"rl-gallery-link\" data-rl_caption=\"\" data-rel=\"lightbox-gallery-1\"><img loading=\"lazy\" decoding=\"async\" src=\"https:\/\/www.schule-finowfurt.de\/site\/wp-content\/uploads\/2019\/11\/WhatsApp-Image-2019-11-21-at-11.20.36-1-225x300.jpeg\" width=\"225\" height=\"300\" alt=\"\" \/><\/a><\/div><div class=\"rl-gallery-item\"><a href=\"https:\/\/www.schule-finowfurt.de\/site\/wp-content\/uploads\/2019\/11\/WhatsApp-Image-2019-11-21-at-11.20.36.jpeg\" title=\"\" data-rl_title=\"\" class=\"rl-gallery-link\" data-rl_caption=\"\" data-rel=\"lightbox-gallery-1\"><img loading=\"lazy\" decoding=\"async\" src=\"https:\/\/www.schule-finowfurt.de\/site\/wp-content\/uploads\/2019\/11\/WhatsApp-Image-2019-11-21-at-11.20.36-300x170.jpeg\" width=\"300\" height=\"170\" alt=\"\" \/><\/a><\/div><div class=\"rl-gallery-item\"><a href=\"https:\/\/www.schule-finowfurt.de\/site\/wp-content\/uploads\/2019\/11\/WhatsApp-Image-2019-11-21-at-11.20.37-1.jpeg\" title=\"\" data-rl_title=\"\" class=\"rl-gallery-link\" data-rl_caption=\"\" data-rel=\"lightbox-gallery-1\"><img loading=\"lazy\" decoding=\"async\" src=\"https:\/\/www.schule-finowfurt.de\/site\/wp-content\/uploads\/2019\/11\/WhatsApp-Image-2019-11-21-at-11.20.37-1-300x225.jpeg\" width=\"300\" height=\"225\" alt=\"\" \/><\/a><\/div><div class=\"rl-gallery-item\"><a href=\"https:\/\/www.schule-finowfurt.de\/site\/wp-content\/uploads\/2019\/11\/WhatsApp-Image-2019-11-21-at-11.20.37.jpeg\" title=\"\" data-rl_title=\"\" class=\"rl-gallery-link\" data-rl_caption=\"\" data-rel=\"lightbox-gallery-1\"><img loading=\"lazy\" decoding=\"async\" src=\"https:\/\/www.schule-finowfurt.de\/site\/wp-content\/uploads\/2019\/11\/WhatsApp-Image-2019-11-21-at-11.20.37-225x300.jpeg\" width=\"225\" height=\"300\" alt=\"\" \/><\/a><\/div><div class=\"rl-gallery-item\"><a href=\"https:\/\/www.schule-finowfurt.de\/site\/wp-content\/uploads\/2019\/11\/WhatsApp-Image-2019-11-21-at-11.20.41.jpeg\" title=\"\" data-rl_title=\"\" class=\"rl-gallery-link\" data-rl_caption=\"\" data-rel=\"lightbox-gallery-1\"><img loading=\"lazy\" decoding=\"async\" src=\"https:\/\/www.schule-finowfurt.de\/site\/wp-content\/uploads\/2019\/11\/WhatsApp-Image-2019-11-21-at-11.20.41-300x101.jpeg\" width=\"300\" height=\"101\" alt=\"\" \/><\/a><\/div><div class=\"rl-gallery-item\"><a href=\"https:\/\/www.schule-finowfurt.de\/site\/wp-content\/uploads\/2019\/11\/WhatsApp-Image-2019-11-21-at-11.21.25.jpeg\" title=\"\" data-rl_title=\"\" class=\"rl-gallery-link\" data-rl_caption=\"\" data-rel=\"lightbox-gallery-1\"><img loading=\"lazy\" decoding=\"async\" src=\"https:\/\/www.schule-finowfurt.de\/site\/wp-content\/uploads\/2019\/11\/WhatsApp-Image-2019-11-21-at-11.21.25-200x300.jpeg\" width=\"200\" height=\"300\" alt=\"\" \/><\/a><\/div> <\/div> <\/div>\n","protected":false},"excerpt":{"rendered":"<p>Im September reisten unsere Sch\u00fcler und Sch\u00fclerinnen der Klassenstufe 8. und 9. nach Mielno an der der polnischen Ostsee. Diesmal<\/p>\n","protected":false},"author":1,"featured_media":0,"parent":0,"menu_order":0,"comment_status":"closed","ping_status":"closed","template":"","meta":{"footnotes":""},"class_list":["post-2429","page","type-page","status-publish","hentry"],"_links":{"self":[{"href":"https:\/\/www.schule-finowfurt.de\/site\/index.php?rest_route=\/wp\/v2\/pages\/2429","targetHints":{"allow":["GET"]}}],"collection":[{"href":"https:\/\/www.schule-finowfurt.de\/site\/index.php?rest_route=\/wp\/v2\/pages"}],"about":[{"href":"https:\/\/www.schule-finowfurt.de\/site\/index.php?rest_route=\/wp\/v2\/types\/page"}],"author":[{"embeddable":true,"href":"https:\/\/www.schule-finowfurt.de\/site\/index.php?rest_route=\/wp\/v2\/users\/1"}],"replies":[{"embeddable":true,"href":"https:\/\/www.schule-finowfurt.de\/site\/index.php?rest_route=%2Fwp%2Fv2%2Fcomments&post=2429"}],"version-history":[{"count":5,"href":"https:\/\/www.schule-finowfurt.de\/site\/index.php?rest_route=\/wp\/v2\/pages\/2429\/revisions"}],"predecessor-version":[{"id":2466,"href":"https:\/\/www.schule-finowfurt.de\/site\/index.php?rest_route=\/wp\/v2\/pages\/2429\/revisions\/2466"}],"wp:attachment":[{"href":"https:\/\/www.schule-finowfurt.de\/site\/index.php?rest_route=%2Fwp%2Fv2%2Fmedia&parent=2429"}],"curies":[{"name":"wp","href":"https:\/\/api.w.org\/{rel}","templated":true}]}}