{"id":259,"date":"2018-05-31T13:42:08","date_gmt":"2018-05-31T11:42:08","guid":{"rendered":"http:\/\/www.schule-finowfurt.de\/site\/?page_id=259"},"modified":"2026-04-27T17:10:22","modified_gmt":"2026-04-27T15:10:22","slug":"gute-seelen","status":"publish","type":"page","link":"https:\/\/www.schule-finowfurt.de\/site\/?page_id=259","title":{"rendered":"Hausmeister"},"content":{"rendered":"<h4><img loading=\"lazy\" decoding=\"async\" class=\"alignnone size-large wp-image-4753\" src=\"https:\/\/www.schule-finowfurt.de\/site\/wp-content\/uploads\/2026\/04\/IMG_8257-1024x768.jpeg\" alt=\"\" width=\"810\" height=\"608\" srcset=\"https:\/\/www.schule-finowfurt.de\/site\/wp-content\/uploads\/2026\/04\/IMG_8257-1024x768.jpeg 1024w, https:\/\/www.schule-finowfurt.de\/site\/wp-content\/uploads\/2026\/04\/IMG_8257-300x225.jpeg 300w, https:\/\/www.schule-finowfurt.de\/site\/wp-content\/uploads\/2026\/04\/IMG_8257-768x576.jpeg 768w, https:\/\/www.schule-finowfurt.de\/site\/wp-content\/uploads\/2026\/04\/IMG_8257-1536x1152.jpeg 1536w, https:\/\/www.schule-finowfurt.de\/site\/wp-content\/uploads\/2026\/04\/IMG_8257-2048x1536.jpeg 2048w, https:\/\/www.schule-finowfurt.de\/site\/wp-content\/uploads\/2026\/04\/IMG_8257-880x660.jpeg 880w\" sizes=\"auto, (max-width: 810px) 100vw, 810px\" \/>Herr Wulkow und Herr Krienke &#8211; unsere Hausmeister<\/h4>\n<p>Wo gehobelt wird, fallen Sp\u00e4ne. Im Schulbetrieb bei \u00fcber 500 Sch\u00fclern geht auch mal was kaputt, dann sind unser Hausmeister zur Stelle, Daniel Wulkow und Stephan Krienke.<\/p>\n<p>Michael Andr\u00e9, der seit 1974 an der Schule Finowfurt t\u00e4tig war, ging Ende des Jahres 2025 in Rente. Lesen Sie hier mehr <a href=\"https:\/\/www.schule-finowfurt.de\/site\/?p=4642\">\u00fcber seine Verabschiedung<\/a>.<\/p>\n<p>&nbsp;<\/p>\n","protected":false},"excerpt":{"rendered":"<p>Herr Wulkow und Herr Krienke &#8211; unsere Hausmeister Wo gehobelt wird, fallen Sp\u00e4ne. Im Schulbetrieb bei \u00fcber 500 Sch\u00fclern geht<\/p>\n","protected":false},"author":1,"featured_media":0,"parent":0,"menu_order":0,"comment_status":"closed","ping_status":"closed","template":"","meta":{"footnotes":""},"class_list":["post-259","page","type-page","status-publish","hentry"],"_links":{"self":[{"href":"https:\/\/www.schule-finowfurt.de\/site\/index.php?rest_route=\/wp\/v2\/pages\/259","targetHints":{"allow":["GET"]}}],"collection":[{"href":"https:\/\/www.schule-finowfurt.de\/site\/index.php?rest_route=\/wp\/v2\/pages"}],"about":[{"href":"https:\/\/www.schule-finowfurt.de\/site\/index.php?rest_route=\/wp\/v2\/types\/page"}],"author":[{"embeddable":true,"href":"https:\/\/www.schule-finowfurt.de\/site\/index.php?rest_route=\/wp\/v2\/users\/1"}],"replies":[{"embeddable":true,"href":"https:\/\/www.schule-finowfurt.de\/site\/index.php?rest_route=%2Fwp%2Fv2%2Fcomments&post=259"}],"version-history":[{"count":13,"href":"https:\/\/www.schule-finowfurt.de\/site\/index.php?rest_route=\/wp\/v2\/pages\/259\/revisions"}],"predecessor-version":[{"id":4776,"href":"https:\/\/www.schule-finowfurt.de\/site\/index.php?rest_route=\/wp\/v2\/pages\/259\/revisions\/4776"}],"wp:attachment":[{"href":"https:\/\/www.schule-finowfurt.de\/site\/index.php?rest_route=%2Fwp%2Fv2%2Fmedia&parent=259"}],"curies":[{"name":"wp","href":"https:\/\/api.w.org\/{rel}","templated":true}]}}