{"id":263,"date":"2018-05-31T13:44:40","date_gmt":"2018-05-31T11:44:40","guid":{"rendered":"http:\/\/www.schule-finowfurt.de\/site\/?page_id=263"},"modified":"2025-12-10T18:34:17","modified_gmt":"2025-12-10T17:34:17","slug":"elternvertreter","status":"publish","type":"page","link":"https:\/\/www.schule-finowfurt.de\/site\/?page_id=263","title":{"rendered":"Organigramm"},"content":{"rendered":"<p>Schule ist eine Mannschaftssportart. Sie finden hier eine \u00dcbersicht der Funktionen und \u00c4mter der Lehrkr\u00e4fte, inner- und au\u00dferschulische Ansprechpartner, sowie &#8211; auf der zweiten Seite &#8211; eine \u00dcbersicht der Mitwirkungsgremien der Schule Finowfurt, eben das <a href=\"https:\/\/www.schule-finowfurt.de\/site\/wp-content\/uploads\/2025\/12\/Organigramm-Schule-Finowfurt-2025_26.pdf\">Organigramm der Schule Finowfurt 2025_26<\/a>.<\/p>\n","protected":false},"excerpt":{"rendered":"<p>Schule ist eine Mannschaftssportart. Sie finden hier eine \u00dcbersicht der Funktionen und \u00c4mter der Lehrkr\u00e4fte, inner- und au\u00dferschulische Ansprechpartner, sowie<\/p>\n","protected":false},"author":1,"featured_media":0,"parent":0,"menu_order":0,"comment_status":"closed","ping_status":"closed","template":"","meta":{"footnotes":""},"class_list":["post-263","page","type-page","status-publish","hentry"],"_links":{"self":[{"href":"https:\/\/www.schule-finowfurt.de\/site\/index.php?rest_route=\/wp\/v2\/pages\/263","targetHints":{"allow":["GET"]}}],"collection":[{"href":"https:\/\/www.schule-finowfurt.de\/site\/index.php?rest_route=\/wp\/v2\/pages"}],"about":[{"href":"https:\/\/www.schule-finowfurt.de\/site\/index.php?rest_route=\/wp\/v2\/types\/page"}],"author":[{"embeddable":true,"href":"https:\/\/www.schule-finowfurt.de\/site\/index.php?rest_route=\/wp\/v2\/users\/1"}],"replies":[{"embeddable":true,"href":"https:\/\/www.schule-finowfurt.de\/site\/index.php?rest_route=%2Fwp%2Fv2%2Fcomments&post=263"}],"version-history":[{"count":12,"href":"https:\/\/www.schule-finowfurt.de\/site\/index.php?rest_route=\/wp\/v2\/pages\/263\/revisions"}],"predecessor-version":[{"id":4623,"href":"https:\/\/www.schule-finowfurt.de\/site\/index.php?rest_route=\/wp\/v2\/pages\/263\/revisions\/4623"}],"wp:attachment":[{"href":"https:\/\/www.schule-finowfurt.de\/site\/index.php?rest_route=%2Fwp%2Fv2%2Fmedia&parent=263"}],"curies":[{"name":"wp","href":"https:\/\/api.w.org\/{rel}","templated":true}]}}