{"id":2685,"date":"2020-09-29T14:03:54","date_gmt":"2020-09-29T12:03:54","guid":{"rendered":"http:\/\/www.schule-finowfurt.de\/site\/?page_id=2685"},"modified":"2020-09-29T14:03:54","modified_gmt":"2020-09-29T12:03:54","slug":"schuelersprecher-2","status":"publish","type":"page","link":"https:\/\/www.schule-finowfurt.de\/site\/?page_id=2685","title":{"rendered":"Sch\u00fclersprecher"},"content":{"rendered":"<p><strong>Wir sind das neue Sch\u00fclersprecher-Team der Schule Finowfurt<\/strong><\/p>\n<p><strong><img loading=\"lazy\" decoding=\"async\" class=\"alignnone wp-image-2686 size-large\" src=\"https:\/\/www.schule-finowfurt.de\/site\/wp-content\/uploads\/2020\/09\/Lisa-und-Lara-1024x576.jpg\" alt=\"\" width=\"810\" height=\"456\" srcset=\"https:\/\/www.schule-finowfurt.de\/site\/wp-content\/uploads\/2020\/09\/Lisa-und-Lara-1024x576.jpg 1024w, https:\/\/www.schule-finowfurt.de\/site\/wp-content\/uploads\/2020\/09\/Lisa-und-Lara-300x169.jpg 300w, https:\/\/www.schule-finowfurt.de\/site\/wp-content\/uploads\/2020\/09\/Lisa-und-Lara-768x432.jpg 768w, https:\/\/www.schule-finowfurt.de\/site\/wp-content\/uploads\/2020\/09\/Lisa-und-Lara.jpg 1386w\" sizes=\"auto, (max-width: 810px) 100vw, 810px\" \/><\/strong><\/p>\n<h6>Foto: rechts Lara, unsere neue Sch\u00fclersprecherin und links Lisa, unsere stellvertretende Sch\u00fclersprecherin; beide Klasse 10<\/h6>\n<p>Unter der Leitung unserer Vertrauenslehrer Frau Lange und Herr Alexander trafen sich Ende September die gew\u00e4hlten Sch\u00fclersprecher der Klassenstufen 4 bis 10. Zun\u00e4chst verst\u00e4ndigten wir uns \u00fcber die Aufgaben und Verantwortlichkeiten eines Klassensprechers. Dem folgte ein Wahlmarathon. So wurden aus unserer Mitte M\u00e4dchen und Jungen f\u00fcr die Schulkonferenz, f\u00fcr die Fachkonferenzen und f\u00fcr die Lehrer- und Elternkonferenz gew\u00e4hlt.<\/p>\n<p>Ja und wir sind das neue Sch\u00fclersprecher-Team der Schule Finowfurt. Gern stellen wir uns vor:<\/p>\n<p>Hallo! Ich bin Lara aus der 10a und bin die neue Sch\u00fclersprecherin der Schule Finowfurt. Ich durfte bisher einige gro\u00dfartige Ver\u00e4nderungen miterleben und hoffe, dass ich in Zusammenarbeit mit den Lehrern noch weitere neue Herausforderungen meistern werde.<\/p>\n<p>Ich bin sehr begeistert von der Schule und sehr froh, dass ich mich entschieden habe, nach Finowfurt zu gehen. Ich bin ein sehr verantwortungsvolles und vertrauensw\u00fcrdiges M\u00e4dchen. Ich denke, ich bin eine sehr gute Sch\u00fclersprecherin, da ich mich gut f\u00fcr die Schule einsetzen kann. Ich vertrete meine Meinung und habe oft gute Ideen. Ich bin bereit, mich mit voller Kraft f\u00fcr meine Schule und meine Mitsch\u00fcler einzusetzen.\u00a0 Ich stehe bei jedem Problem zur Seite und versuche eine L\u00f6sung zu finden. Ich bin jedem Menschen dankbar, der mir mit seiner Stimme und seinem Vertrauen dazu verholfen hat, dieses verantwortungsvolle Amt zu \u00fcbernehmen.<\/p>\n<p>Hallo, ich bin Lisa, gehe in die 10b und wurde zur stellvertretenden Sch\u00fclersprecherin gew\u00e4hlt. Ich wurde gew\u00e4hlt, weil ich sehr zuverl\u00e4ssig und hilfsbereit bin. Ich kann gut mit Konflikten umgehen und das L\u00f6sen von Problemen f\u00e4llt mir nicht schwer. F\u00fcr Ideen und Probleme habe ich immer ein offenes Ohr. Dar\u00fcber hinaus kann ich gut vor einem Publikum sprechen. Au\u00dferdem bin ich gern bereit, etwas zu ver\u00e4ndern.<\/p>\n<p>Wir freuen uns auf das Schuljahr 2020\/2021! Mit einem respektvollen und freundlichen Miteinander kann sich jeder an der Schule Finowfurt wohlf\u00fchlen.<\/p>\n<p>Wir w\u00fcnschen allen Sch\u00fclern und Lehrern ein erfolgreiches und gl\u00fcckliches Schuljahr!<\/p>\n","protected":false},"excerpt":{"rendered":"<p>Wir sind das neue Sch\u00fclersprecher-Team der Schule Finowfurt Foto: rechts Lara, unsere neue Sch\u00fclersprecherin und links Lisa, unsere stellvertretende Sch\u00fclersprecherin;<\/p>\n","protected":false},"author":1,"featured_media":0,"parent":0,"menu_order":0,"comment_status":"closed","ping_status":"closed","template":"","meta":{"footnotes":""},"class_list":["post-2685","page","type-page","status-publish","hentry"],"_links":{"self":[{"href":"https:\/\/www.schule-finowfurt.de\/site\/index.php?rest_route=\/wp\/v2\/pages\/2685","targetHints":{"allow":["GET"]}}],"collection":[{"href":"https:\/\/www.schule-finowfurt.de\/site\/index.php?rest_route=\/wp\/v2\/pages"}],"about":[{"href":"https:\/\/www.schule-finowfurt.de\/site\/index.php?rest_route=\/wp\/v2\/types\/page"}],"author":[{"embeddable":true,"href":"https:\/\/www.schule-finowfurt.de\/site\/index.php?rest_route=\/wp\/v2\/users\/1"}],"replies":[{"embeddable":true,"href":"https:\/\/www.schule-finowfurt.de\/site\/index.php?rest_route=%2Fwp%2Fv2%2Fcomments&post=2685"}],"version-history":[{"count":1,"href":"https:\/\/www.schule-finowfurt.de\/site\/index.php?rest_route=\/wp\/v2\/pages\/2685\/revisions"}],"predecessor-version":[{"id":2687,"href":"https:\/\/www.schule-finowfurt.de\/site\/index.php?rest_route=\/wp\/v2\/pages\/2685\/revisions\/2687"}],"wp:attachment":[{"href":"https:\/\/www.schule-finowfurt.de\/site\/index.php?rest_route=%2Fwp%2Fv2%2Fmedia&parent=2685"}],"curies":[{"name":"wp","href":"https:\/\/api.w.org\/{rel}","templated":true}]}}