{"id":269,"date":"2018-05-31T13:47:36","date_gmt":"2018-05-31T11:47:36","guid":{"rendered":"http:\/\/www.schule-finowfurt.de\/site\/?page_id=269"},"modified":"2018-05-31T13:47:36","modified_gmt":"2018-05-31T11:47:36","slug":"wahlpflichtbereiche","status":"publish","type":"page","link":"https:\/\/www.schule-finowfurt.de\/site\/?page_id=269","title":{"rendered":"Wahlpflichtbereiche"},"content":{"rendered":"<div class=\"art-box art-sheet\">\n<div class=\"art-box-body art-sheet-body\">\n<div class=\"art-layout-wrapper\">\n<div class=\"art-content-layout\">\n<div class=\"art-content-layout-row\">\n<div class=\"art-layout-cell art-content\">\n<div class=\"region region-content\">\n<div class=\"region region-content\">\n<div id=\"block-system-main\" class=\"block block-system\">\n<div id=\"node-86\" class=\"node node-page\">\n<div class=\"art-box art-post\">\n<div class=\"art-box-body art-post-body\">\n<div class=\"art-post-inner art-article\">\n<h4 class=\"art-postheader\">Wahlpflichtf\u00e4cher<\/h4>\n<div class=\"art-postcontent\">\n<div class=\"field field-name-body field-type-text-with-summary field-label-hidden\">\n<div class=\"field-items\">\n<div class=\"field-item even\">\n<p class=\"rtejustify\">Mit dem \u00dcbergang in die Klasse 7 haben die M\u00e4dchen und Jungen der Sekundarstufe I die M\u00f6glichkeit zwischen verschiedenen Wahlpflichtf\u00e4chern zu w\u00e4hlen. Dabei spielen Neigungen, Interessen und auch sp\u00e4tere Berufsw\u00fcnsche eine bedeutende Rolle.<\/p>\n<p class=\"rtejustify\">\n<p class=\"rtejustify\"><u><strong>Der Wahlpflichtbereich WAT (Wirtschaft-Arbeit-Technik) stellt sich vor:<\/strong><\/u><\/p>\n<p class=\"rtejustify\">Unsere neu gestalteten, ger\u00e4umigen und sehr gut ausgestatteten Fachkabinette (Werkstatt f\u00fcr Metall-und Holzbearbeitung, K\u00fcche\/ Hauswirtschaftsraum, Computerkabinett und das im n\u00e4chsten Jahr fertig gestellte Elektrokabinett) erm\u00f6glichen uns umfangreiche praktische T\u00e4tigkeiten im WAT-Unterricht. Es werden Gebrauchsgegenst\u00e4nde aus verschiedenen Werkstoffen geplant, konstruiert und von jedem Sch\u00fcler selbst hergestellt.<\/p>\n<p class=\"rtejustify\">Die Sch\u00fcler lernen verschiedene Arbeitstechniken und Werkzeuge kennen, eignen sich Fachwissen an und k\u00f6nnen eigene Ideen bei der Planung und Formgestaltung einbringen. In der K\u00fcche wird nicht nur gekocht und gebacken, sondern auch die Haushaltsplanung, der Einkauf und das Dekorieren der Tische geh\u00f6ren dazu. Die Themen Lebensmittelkunde und eine gesunde Ern\u00e4hrung sind uns wichtig. Der PC erm\u00f6glicht uns bei der Planung und bei der Beschreibung von Werkst\u00fccken und Arbeitsabl\u00e4ufen sehr anschaulich zu arbeiten. Wir freuen uns auf alle WAT-interessierten Sch\u00fcler und k\u00f6nnen teilweise pro Jahrgang 2 WAT-Kurse anbieten.<\/p>\n<p class=\"rtejustify\">WAT-Spruch: Gute Handwerker und technisches Interesse werden immer ben\u00f6tigt!<\/p>\n<p class=\"rtejustify\">\n<p class=\"rtejustify\"><u><strong>Der Wahlpflichtbereich Sport stellt sich\u00a0vor:<\/strong><\/u><\/p>\n<p class=\"rtejustify\"><strong><em>Allgemeines zum Wahlpflichtfach I Sport an der Schule Finowfurt<\/em><\/strong><\/p>\n<p class=\"rtejustify\">Der Unterricht im Wahlpflichtfach Sport verbindet in altersgerechter Weise die Praxis mit der Theorie. Dabei stellt die Vertiefung und Erweiterung im sportmotorischen Bereich den eigentlichen Zugewinn des Wahlpflichtfaches Sport dar. Jungen und M\u00e4dchen werden gemeinsam unterrichtet.<\/p>\n<p class=\"rtejustify\"><em><strong>\u201eSport \u2013 die wichtigste Nebensache der Welt\u201c<\/strong><\/em><\/p>\n<p class=\"rtejustify\"><em><strong>Voraussetzungen f\u00fcr das WPF Sport<\/strong><\/em><\/p>\n<p class=\"rtejustify\">Gute Voraussetzung f\u00fcr das Fach Sport sind sportliches Interesse, k\u00f6rperliche Belastbarkeit sowie die Bereitschaft, neue Sportarten kennen zu lernen.<\/p>\n<p class=\"rtejustify\"><strong><em>Inhalte des WPF Sport<\/em><\/strong><\/p>\n<p class=\"rtejustify\">In diesem Fach machen sich die Sch\u00fcler\/innen mit verschiedenen Sportarten und deren Techniken vertraut. Dabei steht nicht nur die Bewegung im Vordergrund, auch biologische und medizinische Aspekte werden thematisiert. Die gesundheitliche Bedeutung des Sports steht dabei stets im Vordergrund. Aufgabe des Wahlpflichtfaches Sport ist es zudem, soziale Verhaltensweisen zu entwickeln und zu f\u00f6rdern.<\/p>\n<p class=\"rtejustify\">Im praktischen Teil geht es um die Weiterentwicklung der sportlichen Handlungskompetenz unter dem Aspekt des pers\u00f6nlichen Erfolgserlebnisses. Die Sportpraxis wird jedoch um wesentliche Dimensionen erweitert und vertieft, indem auch die Vermittlung sporttheoretischer Inhalte st\u00e4rker Ber\u00fccksichtigung findet.<\/p>\n<p class=\"rtejustify\"><em><strong>Ziele des WPF Sport<\/strong><\/em><\/p>\n<ul>\n<li class=\"rtejustify\">Kompetenzen in Sportpraxis und Sporttheorie<\/li>\n<li class=\"rtejustify\">Fitness, Leistung, Gesundheit, Miteinander<\/li>\n<li class=\"rtejustify\">F\u00e4higkeiten und Fertigkeiten entwickeln und verbessern<\/li>\n<li class=\"rtejustify\">neigungsorientiertes Lernen<\/li>\n<\/ul>\n<p class=\"rtejustify\">Ziele sind die Verbesserung sportartspezifischer motorischer Fertigkeiten und koordinativer F\u00e4higkeiten sowie die Vermittlung und Vertiefung sport-theoretischen Wissens.<\/p>\n<p class=\"rtejustify\"><em><strong>Besonderheit im WPF Sport<\/strong><\/em><\/p>\n<p class=\"rtejustify\">Im ersten Halbjahr der Jahrgangsstufe 10 absolvieren die Sch\u00fcler\/innen einen Wasserskikurs am Ruhlsee. Wakeboard-, Knieboard- und Wasserski-fahren stehen hierbei auf dem Programm.<\/p>\n<p class=\"rtejustify\">\n<p class=\"rtejustify\"><u><strong>Der Wahlpflichtbereich Naturwissenschaften stellt sich vor:<\/strong><\/u><\/p>\n<p class=\"rtejustify\">In diesem WP-Unterricht vertiefen und erg\u00e4nzen wir Wissen und K\u00f6nnen aus den Unterrichtsf\u00e4chern Biologie, Chemie und Physik.<\/p>\n<p class=\"rtejustify\">Wir f\u00fchren in den Kursen Exkursionen in die Natur durch, beobachten Tiere und Pflanzen, sammeln und herbarisieren Heilpflanzen, f\u00fchren Experimente durch und arbeiten auch mit Lehrb\u00fcchern und dem Computer.<\/p>\n<p class=\"rtejustify\">In der 7. Klasse erlernen wir die Arbeitsmethoden der Naturwissenschaften und wenden sie an. Die Entwicklung der Naturwissenschaften versuchen wir zu verstehen, indem wir wichtige Erfindungen und ihre Entdecker betrachten und einige Dinge selbst nachbauen. Sucht und Drogen sind weitere Themen, die wir uns mit Videos, Arbeitsbl\u00e4ttern, Sch\u00fclervortr\u00e4gen und B\u00fcchern erarbeiten, um sie in einem Plakat zusammenzufassen.<\/p>\n<p class=\"rtejustify\">Die gesunde Ern\u00e4hrung, unsere BMI, Essst\u00f6rungen, Gesundheit, Haut und ihre Pflege besch\u00e4ftigen uns in der 7.und 8.Klasse. Wir vergessen dabei auch nicht \u00fcber Piercings, Tatoos und Sonnenstudios zu sprechen und Konsequenzen f\u00fcr unsere eigene Lebensf\u00fchrung zu ziehen. Was k\u00f6nnen wir f\u00fcr unsere Fitness tun? Wie sch\u00fctzen wir uns vor Infektionskrankheiten? Ist Impfen wirklich gesund? Was tun bei Allergien?<\/p>\n<p class=\"rtejustify\">In der 9. Klasse lernen wir einige Erste \u2013Hilfe-Ma\u00dfnahmen kennen und \u00fcben sie. Wir besch\u00e4ftigen uns mit Heilpflanzen, stellen daraus auch Tee, Salben und Bonbon her. Getr\u00e4nke untersuchen wir auf ihre Wirkung f\u00fcr unsere Gesundheit, dabei arbeiten wir auch mit dem Computer.<\/p>\n<p class=\"rtejustify\">Licht und Farben sowie das Verhalten von Menschen und Tieren sind Themen in der 10. Klasse.<\/p>\n<p class=\"rtejustify\">\n<p class=\"rtejustify\"><u><strong>Der Wahlpflichtbereich Franz\u00f6sisch stellt sich vor:<\/strong><\/u><\/p>\n<p class=\"rtejustify\">Mit dem Franz\u00f6sischlernen beginnen wir im Jahrgang 7 mit WP I.\u00a0Das hei\u00dft, die Sch\u00fclerinnen und Sch\u00fcler erlernen von Klasse 7 bis Klasse 10 die franz\u00f6sische Sprache.<\/p>\n<p class=\"rtejustify\">Franz\u00f6sisch lernen hei\u00dft nicht nur die Sprache erlernen, sondern beinhaltet auch das Erwerben von Kenntnissen in Landeskunde, Literatur, franz\u00f6sischer Lebensweise = \u201csavoir vivre\u201c,\u00a0 Musik, Geschichte und franz\u00f6sischer K\u00fcche. Die franz\u00f6sischen Rezepte k\u00f6nnen wir in unserer Schulk\u00fcche nat\u00fcrlich ausprobieren.<\/p>\n<p class=\"rtejustify\">H\u00f6hepunkt wird in diesem Schuljahr unsere Reise vom 4. M\u00e4rz 2013 bis 8. M\u00e4rz 2013 nach Paris sein. Jahrgangs\u00fcbergreifend fliegen die Sch\u00fcler und Lehrer von Berlin nach Paris.<\/p>\n<p class=\"rtejustify\">Wir werden in einem Hotel \u00fcbernachten und vor Ort unsere Kenntnisse und Fertigkeiten erweitern. Die Sch\u00fcler k\u00f6nnen sich einen eigenen Eindruck von der Faszination der Stadt Paris verschaffen und dadurch neue Motivation zum Erlernen der Sprache finden.<\/p>\n<\/div>\n<\/div>\n<\/div>\n<\/div>\n<\/div>\n<\/div>\n<\/div>\n<\/div>\n<\/div>\n<\/div>\n<\/div>\n<\/div>\n<\/div>\n<\/div>\n<\/div>\n<\/div>\n<\/div>\n","protected":false},"excerpt":{"rendered":"<p>Wahlpflichtf\u00e4cher Mit dem \u00dcbergang in die Klasse 7 haben die M\u00e4dchen und Jungen der Sekundarstufe I die M\u00f6glichkeit zwischen verschiedenen<\/p>\n","protected":false},"author":1,"featured_media":0,"parent":0,"menu_order":0,"comment_status":"closed","ping_status":"closed","template":"","meta":{"footnotes":""},"class_list":["post-269","page","type-page","status-publish","hentry"],"_links":{"self":[{"href":"https:\/\/www.schule-finowfurt.de\/site\/index.php?rest_route=\/wp\/v2\/pages\/269","targetHints":{"allow":["GET"]}}],"collection":[{"href":"https:\/\/www.schule-finowfurt.de\/site\/index.php?rest_route=\/wp\/v2\/pages"}],"about":[{"href":"https:\/\/www.schule-finowfurt.de\/site\/index.php?rest_route=\/wp\/v2\/types\/page"}],"author":[{"embeddable":true,"href":"https:\/\/www.schule-finowfurt.de\/site\/index.php?rest_route=\/wp\/v2\/users\/1"}],"replies":[{"embeddable":true,"href":"https:\/\/www.schule-finowfurt.de\/site\/index.php?rest_route=%2Fwp%2Fv2%2Fcomments&post=269"}],"version-history":[{"count":1,"href":"https:\/\/www.schule-finowfurt.de\/site\/index.php?rest_route=\/wp\/v2\/pages\/269\/revisions"}],"predecessor-version":[{"id":270,"href":"https:\/\/www.schule-finowfurt.de\/site\/index.php?rest_route=\/wp\/v2\/pages\/269\/revisions\/270"}],"wp:attachment":[{"href":"https:\/\/www.schule-finowfurt.de\/site\/index.php?rest_route=%2Fwp%2Fv2%2Fmedia&parent=269"}],"curies":[{"name":"wp","href":"https:\/\/api.w.org\/{rel}","templated":true}]}}