{"id":2796,"date":"2021-10-07T21:31:44","date_gmt":"2021-10-07T19:31:44","guid":{"rendered":"https:\/\/www.schule-finowfurt.de\/site\/?page_id=2796"},"modified":"2021-10-07T21:31:44","modified_gmt":"2021-10-07T19:31:44","slug":"solarexplorer","status":"publish","type":"page","link":"https:\/\/www.schule-finowfurt.de\/site\/?page_id=2796","title":{"rendered":"SolarExplorer"},"content":{"rendered":"<p>Exkursion Solarexplorer 7 D<\/p>\n<p>Am Freitag, den 01.10.2021 fuhren wir, die Klasse 7 D, mit dem Bus der BBG nach Altenhof. Dort gingen wir auf das Solarboot Explorer. Hier lernten wir, wie Klang und Windenergie zusammen funktionierten. Danach machten wir eine Mittagspause auf dem Festland und kehrten anschlie\u00dfend auf das Boot zur\u00fcck. Wir fuhren knapp eine Stunde mit dem Solarboot. Der Kapit\u00e4n lehrte uns, das Schiff zu steuern. Einige Sch\u00fcler probierten sich dabei. Mir wurde beim Zickzackfahren von Felix ganz \u00fcbel und schwindelig. Dennoch hatte es gro\u00dfen Spa\u00df gemacht. Die au\u00dferschulische Lernreise war eine ganz besondere Erfahrung f\u00fcr mich gewesen. Viele meiner neuen Freunde konnte ich dort noch besser kennenlernen. Ich w\u00fcnsche mir f\u00fcr die Zukunft noch zahlreiche Veranstaltungen mit meiner Klasse 7 D \u2013 wie Dortmund ? \u2013 Euer Ninja (Saktitouch 7D).<\/p>\n<div class=\"rl-gallery-container rl-loading\" id=\"rl-gallery-container-1\" data-gallery_id=\"2843\"> <div class=\"rl-gallery rl-basicgrid-gallery \" id=\"rl-gallery-1\" data-gallery_no=\"1\"> <div class=\"rl-gallery-item\"><a href=\"https:\/\/www.schule-finowfurt.de\/site\/wp-content\/uploads\/2021\/10\/feb38f53-2ee3-4825-9f20-96b825fb549a.jpg\" title=\"\" data-rl_title=\"\" class=\"rl-gallery-link\" data-rl_caption=\"\" data-rel=\"lightbox-gallery-1\"><img loading=\"lazy\" decoding=\"async\" src=\"https:\/\/www.schule-finowfurt.de\/site\/wp-content\/uploads\/2021\/10\/feb38f53-2ee3-4825-9f20-96b825fb549a-300x225.jpg\" width=\"300\" height=\"225\" alt=\"\" \/><\/a><\/div><div class=\"rl-gallery-item\"><a href=\"https:\/\/www.schule-finowfurt.de\/site\/wp-content\/uploads\/2021\/10\/f77e9483-9118-4442-8e00-e88efcdc3113.jpg\" title=\"\" data-rl_title=\"\" class=\"rl-gallery-link\" data-rl_caption=\"\" data-rel=\"lightbox-gallery-1\"><img loading=\"lazy\" decoding=\"async\" src=\"https:\/\/www.schule-finowfurt.de\/site\/wp-content\/uploads\/2021\/10\/f77e9483-9118-4442-8e00-e88efcdc3113-225x300.jpg\" width=\"225\" height=\"300\" alt=\"\" \/><\/a><\/div><div class=\"rl-gallery-item\"><a href=\"https:\/\/www.schule-finowfurt.de\/site\/wp-content\/uploads\/2021\/10\/f17bb177-d9b3-4612-8d7a-701c4bc80620.jpg\" title=\"\" data-rl_title=\"\" class=\"rl-gallery-link\" data-rl_caption=\"\" data-rel=\"lightbox-gallery-1\"><img loading=\"lazy\" decoding=\"async\" src=\"https:\/\/www.schule-finowfurt.de\/site\/wp-content\/uploads\/2021\/10\/f17bb177-d9b3-4612-8d7a-701c4bc80620-300x225.jpg\" width=\"300\" height=\"225\" alt=\"\" \/><\/a><\/div><div class=\"rl-gallery-item\"><a href=\"https:\/\/www.schule-finowfurt.de\/site\/wp-content\/uploads\/2021\/10\/e9c32bfd-4ed9-4b6b-9f21-88b4ab827cf4.jpg\" title=\"\" data-rl_title=\"\" class=\"rl-gallery-link\" data-rl_caption=\"\" data-rel=\"lightbox-gallery-1\"><img loading=\"lazy\" decoding=\"async\" src=\"https:\/\/www.schule-finowfurt.de\/site\/wp-content\/uploads\/2021\/10\/e9c32bfd-4ed9-4b6b-9f21-88b4ab827cf4-300x225.jpg\" width=\"300\" height=\"225\" alt=\"\" \/><\/a><\/div><div class=\"rl-gallery-item\"><a href=\"https:\/\/www.schule-finowfurt.de\/site\/wp-content\/uploads\/2021\/10\/d22bb8ca-3f00-4b74-9d31-c37d214e1e7e.jpg\" title=\"\" data-rl_title=\"\" class=\"rl-gallery-link\" data-rl_caption=\"\" data-rel=\"lightbox-gallery-1\"><img loading=\"lazy\" decoding=\"async\" src=\"https:\/\/www.schule-finowfurt.de\/site\/wp-content\/uploads\/2021\/10\/d22bb8ca-3f00-4b74-9d31-c37d214e1e7e-225x300.jpg\" width=\"225\" height=\"300\" alt=\"\" \/><\/a><\/div><div class=\"rl-gallery-item\"><a href=\"https:\/\/www.schule-finowfurt.de\/site\/wp-content\/uploads\/2021\/10\/cdb5441c-893a-4d31-b5fc-bdd2961c16f3.jpg\" title=\"\" data-rl_title=\"\" class=\"rl-gallery-link\" data-rl_caption=\"\" data-rel=\"lightbox-gallery-1\"><img loading=\"lazy\" decoding=\"async\" src=\"https:\/\/www.schule-finowfurt.de\/site\/wp-content\/uploads\/2021\/10\/cdb5441c-893a-4d31-b5fc-bdd2961c16f3-225x300.jpg\" width=\"225\" height=\"300\" alt=\"\" \/><\/a><\/div><div class=\"rl-gallery-item\"><a href=\"https:\/\/www.schule-finowfurt.de\/site\/wp-content\/uploads\/2021\/10\/c4243862-dde9-4113-8bbd-8055b7d49d8e.jpg\" title=\"\" data-rl_title=\"\" class=\"rl-gallery-link\" data-rl_caption=\"\" data-rel=\"lightbox-gallery-1\"><img loading=\"lazy\" decoding=\"async\" src=\"https:\/\/www.schule-finowfurt.de\/site\/wp-content\/uploads\/2021\/10\/c4243862-dde9-4113-8bbd-8055b7d49d8e-225x300.jpg\" width=\"225\" height=\"300\" alt=\"\" \/><\/a><\/div><div class=\"rl-gallery-item\"><a href=\"https:\/\/www.schule-finowfurt.de\/site\/wp-content\/uploads\/2021\/10\/c6a0701f-35e7-410b-947b-75f4c4f207c0.jpg\" title=\"\" data-rl_title=\"\" class=\"rl-gallery-link\" data-rl_caption=\"\" data-rel=\"lightbox-gallery-1\"><img loading=\"lazy\" decoding=\"async\" src=\"https:\/\/www.schule-finowfurt.de\/site\/wp-content\/uploads\/2021\/10\/c6a0701f-35e7-410b-947b-75f4c4f207c0-300x225.jpg\" width=\"300\" height=\"225\" alt=\"\" \/><\/a><\/div><div class=\"rl-gallery-item\"><a href=\"https:\/\/www.schule-finowfurt.de\/site\/wp-content\/uploads\/2021\/10\/b6852cda-bf34-42df-8991-3736916e6edc.jpg\" title=\"\" data-rl_title=\"\" class=\"rl-gallery-link\" data-rl_caption=\"\" data-rel=\"lightbox-gallery-1\"><img loading=\"lazy\" decoding=\"async\" src=\"https:\/\/www.schule-finowfurt.de\/site\/wp-content\/uploads\/2021\/10\/b6852cda-bf34-42df-8991-3736916e6edc-300x225.jpg\" width=\"300\" height=\"225\" alt=\"\" \/><\/a><\/div><div class=\"rl-gallery-item\"><a href=\"https:\/\/www.schule-finowfurt.de\/site\/wp-content\/uploads\/2021\/10\/b605a59d-d230-46f7-8e9d-0453f099e4e0.jpg\" title=\"\" data-rl_title=\"\" class=\"rl-gallery-link\" data-rl_caption=\"\" data-rel=\"lightbox-gallery-1\"><img loading=\"lazy\" decoding=\"async\" src=\"https:\/\/www.schule-finowfurt.de\/site\/wp-content\/uploads\/2021\/10\/b605a59d-d230-46f7-8e9d-0453f099e4e0-225x300.jpg\" width=\"225\" height=\"300\" alt=\"\" \/><\/a><\/div><div class=\"rl-gallery-item\"><a href=\"https:\/\/www.schule-finowfurt.de\/site\/wp-content\/uploads\/2021\/10\/a3430c6a-55ab-4611-911b-420aa9ba11dd.jpg\" title=\"\" data-rl_title=\"\" class=\"rl-gallery-link\" data-rl_caption=\"\" data-rel=\"lightbox-gallery-1\"><img loading=\"lazy\" decoding=\"async\" src=\"https:\/\/www.schule-finowfurt.de\/site\/wp-content\/uploads\/2021\/10\/a3430c6a-55ab-4611-911b-420aa9ba11dd-300x225.jpg\" width=\"300\" height=\"225\" alt=\"\" \/><\/a><\/div><div class=\"rl-gallery-item\"><a href=\"https:\/\/www.schule-finowfurt.de\/site\/wp-content\/uploads\/2021\/10\/a7aacb58-3f49-4851-a5b4-6b7a00d37194.jpg\" title=\"\" data-rl_title=\"\" class=\"rl-gallery-link\" data-rl_caption=\"\" data-rel=\"lightbox-gallery-1\"><img loading=\"lazy\" decoding=\"async\" src=\"https:\/\/www.schule-finowfurt.de\/site\/wp-content\/uploads\/2021\/10\/a7aacb58-3f49-4851-a5b4-6b7a00d37194-300x225.jpg\" width=\"300\" height=\"225\" alt=\"\" \/><\/a><\/div><div class=\"rl-gallery-item\"><a href=\"https:\/\/www.schule-finowfurt.de\/site\/wp-content\/uploads\/2021\/10\/a3a29cc6-83d4-4660-9887-ce652cd3b3c4.jpg\" title=\"\" data-rl_title=\"\" class=\"rl-gallery-link\" data-rl_caption=\"\" data-rel=\"lightbox-gallery-1\"><img loading=\"lazy\" decoding=\"async\" src=\"https:\/\/www.schule-finowfurt.de\/site\/wp-content\/uploads\/2021\/10\/a3a29cc6-83d4-4660-9887-ce652cd3b3c4-225x300.jpg\" width=\"225\" height=\"300\" alt=\"\" \/><\/a><\/div><div class=\"rl-gallery-item\"><a href=\"https:\/\/www.schule-finowfurt.de\/site\/wp-content\/uploads\/2021\/10\/55861504-94bd-46d9-9dcd-aa61b7535683.jpg\" title=\"\" data-rl_title=\"\" class=\"rl-gallery-link\" data-rl_caption=\"\" data-rel=\"lightbox-gallery-1\"><img loading=\"lazy\" decoding=\"async\" src=\"https:\/\/www.schule-finowfurt.de\/site\/wp-content\/uploads\/2021\/10\/55861504-94bd-46d9-9dcd-aa61b7535683-225x300.jpg\" width=\"225\" height=\"300\" alt=\"\" \/><\/a><\/div><div class=\"rl-gallery-item\"><a href=\"https:\/\/www.schule-finowfurt.de\/site\/wp-content\/uploads\/2021\/10\/688070f5-5be7-4b22-8baa-f1f1b3d75c4b.jpg\" title=\"\" data-rl_title=\"\" class=\"rl-gallery-link\" data-rl_caption=\"\" data-rel=\"lightbox-gallery-1\"><img loading=\"lazy\" decoding=\"async\" src=\"https:\/\/www.schule-finowfurt.de\/site\/wp-content\/uploads\/2021\/10\/688070f5-5be7-4b22-8baa-f1f1b3d75c4b-225x300.jpg\" width=\"225\" height=\"300\" alt=\"\" \/><\/a><\/div><div class=\"rl-gallery-item\"><a href=\"https:\/\/www.schule-finowfurt.de\/site\/wp-content\/uploads\/2021\/10\/71990d4e-47fe-4226-b19f-0e3d309968a2.jpg\" title=\"\" data-rl_title=\"\" class=\"rl-gallery-link\" data-rl_caption=\"\" data-rel=\"lightbox-gallery-1\"><img loading=\"lazy\" decoding=\"async\" src=\"https:\/\/www.schule-finowfurt.de\/site\/wp-content\/uploads\/2021\/10\/71990d4e-47fe-4226-b19f-0e3d309968a2-300x225.jpg\" width=\"300\" height=\"225\" alt=\"\" \/><\/a><\/div><div class=\"rl-gallery-item\"><a href=\"https:\/\/www.schule-finowfurt.de\/site\/wp-content\/uploads\/2021\/10\/52670cfc-77df-4578-8e34-499c29b501aa.jpg\" title=\"\" data-rl_title=\"\" class=\"rl-gallery-link\" data-rl_caption=\"\" data-rel=\"lightbox-gallery-1\"><img loading=\"lazy\" decoding=\"async\" src=\"https:\/\/www.schule-finowfurt.de\/site\/wp-content\/uploads\/2021\/10\/52670cfc-77df-4578-8e34-499c29b501aa-300x225.jpg\" width=\"300\" height=\"225\" alt=\"\" \/><\/a><\/div><div class=\"rl-gallery-item\"><a href=\"https:\/\/www.schule-finowfurt.de\/site\/wp-content\/uploads\/2021\/10\/27770fa6-ed09-4c9c-8b82-532eb8047515.jpg\" title=\"\" data-rl_title=\"\" class=\"rl-gallery-link\" data-rl_caption=\"\" data-rel=\"lightbox-gallery-1\"><img loading=\"lazy\" decoding=\"async\" src=\"https:\/\/www.schule-finowfurt.de\/site\/wp-content\/uploads\/2021\/10\/27770fa6-ed09-4c9c-8b82-532eb8047515-300x225.jpg\" width=\"300\" height=\"225\" alt=\"\" \/><\/a><\/div><div class=\"rl-gallery-item\"><a href=\"https:\/\/www.schule-finowfurt.de\/site\/wp-content\/uploads\/2021\/10\/2878d9d3-0a87-4952-a4f1-29946ec79319.jpg\" title=\"\" data-rl_title=\"\" class=\"rl-gallery-link\" data-rl_caption=\"\" data-rel=\"lightbox-gallery-1\"><img loading=\"lazy\" decoding=\"async\" src=\"https:\/\/www.schule-finowfurt.de\/site\/wp-content\/uploads\/2021\/10\/2878d9d3-0a87-4952-a4f1-29946ec79319-225x300.jpg\" width=\"225\" height=\"300\" alt=\"\" \/><\/a><\/div><div class=\"rl-gallery-item\"><a href=\"https:\/\/www.schule-finowfurt.de\/site\/wp-content\/uploads\/2021\/10\/857db520-c702-43f8-b5a0-b9cb8a8be155.jpg\" title=\"\" data-rl_title=\"\" class=\"rl-gallery-link\" data-rl_caption=\"\" data-rel=\"lightbox-gallery-1\"><img loading=\"lazy\" decoding=\"async\" src=\"https:\/\/www.schule-finowfurt.de\/site\/wp-content\/uploads\/2021\/10\/857db520-c702-43f8-b5a0-b9cb8a8be155-300x225.jpg\" width=\"300\" height=\"225\" alt=\"\" \/><\/a><\/div><div class=\"rl-gallery-item\"><a href=\"https:\/\/www.schule-finowfurt.de\/site\/wp-content\/uploads\/2021\/10\/0779a771-d7c7-4473-bcd6-72d10c067301.jpg\" title=\"\" data-rl_title=\"\" class=\"rl-gallery-link\" data-rl_caption=\"\" data-rel=\"lightbox-gallery-1\"><img loading=\"lazy\" decoding=\"async\" src=\"https:\/\/www.schule-finowfurt.de\/site\/wp-content\/uploads\/2021\/10\/0779a771-d7c7-4473-bcd6-72d10c067301-225x300.jpg\" width=\"225\" height=\"300\" alt=\"\" \/><\/a><\/div><div class=\"rl-gallery-item\"><a href=\"https:\/\/www.schule-finowfurt.de\/site\/wp-content\/uploads\/2021\/10\/680a6925-ba4b-411f-9309-d35b5c9367d0.jpg\" title=\"\" data-rl_title=\"\" class=\"rl-gallery-link\" data-rl_caption=\"\" data-rel=\"lightbox-gallery-1\"><img loading=\"lazy\" decoding=\"async\" src=\"https:\/\/www.schule-finowfurt.de\/site\/wp-content\/uploads\/2021\/10\/680a6925-ba4b-411f-9309-d35b5c9367d0-300x225.jpg\" width=\"300\" height=\"225\" alt=\"\" \/><\/a><\/div><div class=\"rl-gallery-item\"><a href=\"https:\/\/www.schule-finowfurt.de\/site\/wp-content\/uploads\/2021\/10\/376c39e1-b035-42dd-84d9-78f04b45a3ca.jpg\" title=\"\" data-rl_title=\"\" class=\"rl-gallery-link\" data-rl_caption=\"\" data-rel=\"lightbox-gallery-1\"><img loading=\"lazy\" decoding=\"async\" src=\"https:\/\/www.schule-finowfurt.de\/site\/wp-content\/uploads\/2021\/10\/376c39e1-b035-42dd-84d9-78f04b45a3ca-225x300.jpg\" width=\"225\" height=\"300\" alt=\"\" \/><\/a><\/div><div class=\"rl-gallery-item\"><a href=\"https:\/\/www.schule-finowfurt.de\/site\/wp-content\/uploads\/2021\/10\/358ec6f3-141e-4994-9ebb-fcaa8bf19d25.jpg\" title=\"\" data-rl_title=\"\" class=\"rl-gallery-link\" data-rl_caption=\"\" data-rel=\"lightbox-gallery-1\"><img loading=\"lazy\" decoding=\"async\" src=\"https:\/\/www.schule-finowfurt.de\/site\/wp-content\/uploads\/2021\/10\/358ec6f3-141e-4994-9ebb-fcaa8bf19d25-300x225.jpg\" width=\"300\" height=\"225\" alt=\"\" \/><\/a><\/div><div class=\"rl-gallery-item\"><a href=\"https:\/\/www.schule-finowfurt.de\/site\/wp-content\/uploads\/2021\/10\/236bdf7b-89cc-4a2a-b772-74eaed18202c.jpg\" title=\"\" data-rl_title=\"\" class=\"rl-gallery-link\" data-rl_caption=\"\" data-rel=\"lightbox-gallery-1\"><img loading=\"lazy\" decoding=\"async\" src=\"https:\/\/www.schule-finowfurt.de\/site\/wp-content\/uploads\/2021\/10\/236bdf7b-89cc-4a2a-b772-74eaed18202c-225x300.jpg\" width=\"225\" height=\"300\" alt=\"\" \/><\/a><\/div><div class=\"rl-gallery-item\"><a href=\"https:\/\/www.schule-finowfurt.de\/site\/wp-content\/uploads\/2021\/10\/97ec6ed5-e095-43a1-80cc-b67831b4c546.jpg\" title=\"\" data-rl_title=\"\" class=\"rl-gallery-link\" data-rl_caption=\"\" data-rel=\"lightbox-gallery-1\"><img loading=\"lazy\" decoding=\"async\" src=\"https:\/\/www.schule-finowfurt.de\/site\/wp-content\/uploads\/2021\/10\/97ec6ed5-e095-43a1-80cc-b67831b4c546-225x300.jpg\" width=\"225\" height=\"300\" alt=\"\" \/><\/a><\/div><div class=\"rl-gallery-item\"><a href=\"https:\/\/www.schule-finowfurt.de\/site\/wp-content\/uploads\/2021\/10\/80a3b573-5290-4411-a427-ed96412a0398.jpg\" title=\"\" data-rl_title=\"\" class=\"rl-gallery-link\" data-rl_caption=\"\" data-rel=\"lightbox-gallery-1\"><img loading=\"lazy\" decoding=\"async\" src=\"https:\/\/www.schule-finowfurt.de\/site\/wp-content\/uploads\/2021\/10\/80a3b573-5290-4411-a427-ed96412a0398-300x225.jpg\" width=\"300\" height=\"225\" alt=\"\" \/><\/a><\/div><div class=\"rl-gallery-item\"><a href=\"https:\/\/www.schule-finowfurt.de\/site\/wp-content\/uploads\/2021\/10\/76e38404-4116-49e9-a8ae-4c9bc0d7b5fc.jpg\" title=\"\" data-rl_title=\"\" class=\"rl-gallery-link\" data-rl_caption=\"\" data-rel=\"lightbox-gallery-1\"><img loading=\"lazy\" decoding=\"async\" src=\"https:\/\/www.schule-finowfurt.de\/site\/wp-content\/uploads\/2021\/10\/76e38404-4116-49e9-a8ae-4c9bc0d7b5fc-225x300.jpg\" width=\"225\" height=\"300\" alt=\"\" \/><\/a><\/div><div class=\"rl-gallery-item\"><a href=\"https:\/\/www.schule-finowfurt.de\/site\/wp-content\/uploads\/2021\/10\/68c72095-3ca7-44cc-8f65-2c73560fae2c.jpg\" title=\"\" data-rl_title=\"\" class=\"rl-gallery-link\" data-rl_caption=\"\" data-rel=\"lightbox-gallery-1\"><img loading=\"lazy\" decoding=\"async\" src=\"https:\/\/www.schule-finowfurt.de\/site\/wp-content\/uploads\/2021\/10\/68c72095-3ca7-44cc-8f65-2c73560fae2c-225x300.jpg\" width=\"225\" height=\"300\" alt=\"\" \/><\/a><\/div><div class=\"rl-gallery-item\"><a href=\"https:\/\/www.schule-finowfurt.de\/site\/wp-content\/uploads\/2021\/10\/61f44c29-eb13-4496-a4bf-c86e8fd65a00.jpg\" title=\"\" data-rl_title=\"\" class=\"rl-gallery-link\" data-rl_caption=\"\" data-rel=\"lightbox-gallery-1\"><img loading=\"lazy\" decoding=\"async\" src=\"https:\/\/www.schule-finowfurt.de\/site\/wp-content\/uploads\/2021\/10\/61f44c29-eb13-4496-a4bf-c86e8fd65a00-225x300.jpg\" width=\"225\" height=\"300\" alt=\"\" \/><\/a><\/div><div class=\"rl-gallery-item\"><a href=\"https:\/\/www.schule-finowfurt.de\/site\/wp-content\/uploads\/2021\/10\/22e3dbd7-62db-456f-b1f6-00751c239b09.jpg\" title=\"\" data-rl_title=\"\" class=\"rl-gallery-link\" data-rl_caption=\"\" data-rel=\"lightbox-gallery-1\"><img loading=\"lazy\" decoding=\"async\" src=\"https:\/\/www.schule-finowfurt.de\/site\/wp-content\/uploads\/2021\/10\/22e3dbd7-62db-456f-b1f6-00751c239b09-300x225.jpg\" width=\"300\" height=\"225\" alt=\"\" \/><\/a><\/div><div class=\"rl-gallery-item\"><a href=\"https:\/\/www.schule-finowfurt.de\/site\/wp-content\/uploads\/2021\/10\/17a2b251-1528-4568-8811-0473eb4105dd.jpg\" title=\"\" data-rl_title=\"\" class=\"rl-gallery-link\" data-rl_caption=\"\" data-rel=\"lightbox-gallery-1\"><img loading=\"lazy\" decoding=\"async\" src=\"https:\/\/www.schule-finowfurt.de\/site\/wp-content\/uploads\/2021\/10\/17a2b251-1528-4568-8811-0473eb4105dd-300x225.jpg\" width=\"300\" height=\"225\" alt=\"\" \/><\/a><\/div><div class=\"rl-gallery-item\"><a href=\"https:\/\/www.schule-finowfurt.de\/site\/wp-content\/uploads\/2021\/10\/9f3fc317-2646-4673-a179-339eff4b1739.jpg\" title=\"\" data-rl_title=\"\" class=\"rl-gallery-link\" data-rl_caption=\"\" data-rel=\"lightbox-gallery-1\"><img loading=\"lazy\" decoding=\"async\" src=\"https:\/\/www.schule-finowfurt.de\/site\/wp-content\/uploads\/2021\/10\/9f3fc317-2646-4673-a179-339eff4b1739-225x300.jpg\" width=\"225\" height=\"300\" alt=\"\" \/><\/a><\/div><div class=\"rl-gallery-item\"><a href=\"https:\/\/www.schule-finowfurt.de\/site\/wp-content\/uploads\/2021\/10\/7ecaaf9e-c7ca-47dc-ad2f-c4bdfa06a3ff.jpg\" title=\"\" data-rl_title=\"\" class=\"rl-gallery-link\" data-rl_caption=\"\" data-rel=\"lightbox-gallery-1\"><img loading=\"lazy\" decoding=\"async\" src=\"https:\/\/www.schule-finowfurt.de\/site\/wp-content\/uploads\/2021\/10\/7ecaaf9e-c7ca-47dc-ad2f-c4bdfa06a3ff-225x300.jpg\" width=\"225\" height=\"300\" alt=\"\" \/><\/a><\/div><div class=\"rl-gallery-item\"><a href=\"https:\/\/www.schule-finowfurt.de\/site\/wp-content\/uploads\/2021\/10\/7dea2b1c-85f4-4a0d-aea3-0ed2df85eb00.jpg\" title=\"\" data-rl_title=\"\" class=\"rl-gallery-link\" data-rl_caption=\"\" data-rel=\"lightbox-gallery-1\"><img loading=\"lazy\" decoding=\"async\" src=\"https:\/\/www.schule-finowfurt.de\/site\/wp-content\/uploads\/2021\/10\/7dea2b1c-85f4-4a0d-aea3-0ed2df85eb00-300x225.jpg\" width=\"300\" height=\"225\" alt=\"\" \/><\/a><\/div><div class=\"rl-gallery-item\"><a href=\"https:\/\/www.schule-finowfurt.de\/site\/wp-content\/uploads\/2021\/10\/7c44894e-dfaf-4c25-b47f-9f290289204c.jpg\" title=\"\" data-rl_title=\"\" class=\"rl-gallery-link\" data-rl_caption=\"\" data-rel=\"lightbox-gallery-1\"><img loading=\"lazy\" decoding=\"async\" src=\"https:\/\/www.schule-finowfurt.de\/site\/wp-content\/uploads\/2021\/10\/7c44894e-dfaf-4c25-b47f-9f290289204c-300x225.jpg\" width=\"300\" height=\"225\" alt=\"\" \/><\/a><\/div><div class=\"rl-gallery-item\"><a href=\"https:\/\/www.schule-finowfurt.de\/site\/wp-content\/uploads\/2021\/10\/06a130bc-7691-409e-900a-e1351feb1f49.jpg\" title=\"\" data-rl_title=\"\" class=\"rl-gallery-link\" data-rl_caption=\"\" data-rel=\"lightbox-gallery-1\"><img loading=\"lazy\" decoding=\"async\" src=\"https:\/\/www.schule-finowfurt.de\/site\/wp-content\/uploads\/2021\/10\/06a130bc-7691-409e-900a-e1351feb1f49-300x225.jpg\" width=\"300\" height=\"225\" alt=\"\" \/><\/a><\/div><div class=\"rl-gallery-item\"><a href=\"https:\/\/www.schule-finowfurt.de\/site\/wp-content\/uploads\/2021\/10\/5b622b88-a909-4dc2-b6a1-c58d04f27668.jpg\" title=\"\" data-rl_title=\"\" class=\"rl-gallery-link\" data-rl_caption=\"\" data-rel=\"lightbox-gallery-1\"><img loading=\"lazy\" decoding=\"async\" src=\"https:\/\/www.schule-finowfurt.de\/site\/wp-content\/uploads\/2021\/10\/5b622b88-a909-4dc2-b6a1-c58d04f27668-300x225.jpg\" width=\"300\" height=\"225\" alt=\"\" \/><\/a><\/div><div class=\"rl-gallery-item\"><a href=\"https:\/\/www.schule-finowfurt.de\/site\/wp-content\/uploads\/2021\/10\/4edb7fb9-495e-43e8-8492-b53a6f7f0a67.jpg\" title=\"\" data-rl_title=\"\" class=\"rl-gallery-link\" data-rl_caption=\"\" data-rel=\"lightbox-gallery-1\"><img loading=\"lazy\" decoding=\"async\" src=\"https:\/\/www.schule-finowfurt.de\/site\/wp-content\/uploads\/2021\/10\/4edb7fb9-495e-43e8-8492-b53a6f7f0a67-225x300.jpg\" width=\"225\" height=\"300\" alt=\"\" \/><\/a><\/div><div class=\"rl-gallery-item\"><a href=\"https:\/\/www.schule-finowfurt.de\/site\/wp-content\/uploads\/2021\/10\/4ea17906-5377-47c3-ad20-543b99a10d3b.jpg\" title=\"\" data-rl_title=\"\" class=\"rl-gallery-link\" data-rl_caption=\"\" data-rel=\"lightbox-gallery-1\"><img loading=\"lazy\" decoding=\"async\" src=\"https:\/\/www.schule-finowfurt.de\/site\/wp-content\/uploads\/2021\/10\/4ea17906-5377-47c3-ad20-543b99a10d3b-225x300.jpg\" width=\"225\" height=\"300\" alt=\"\" \/><\/a><\/div><div class=\"rl-gallery-item\"><a href=\"https:\/\/www.schule-finowfurt.de\/site\/wp-content\/uploads\/2021\/10\/4e4f4f97-18d7-4cb4-8b64-fb06cd90ee59.jpg\" title=\"\" data-rl_title=\"\" class=\"rl-gallery-link\" data-rl_caption=\"\" data-rel=\"lightbox-gallery-1\"><img loading=\"lazy\" decoding=\"async\" src=\"https:\/\/www.schule-finowfurt.de\/site\/wp-content\/uploads\/2021\/10\/4e4f4f97-18d7-4cb4-8b64-fb06cd90ee59-300x225.jpg\" width=\"300\" height=\"225\" alt=\"\" \/><\/a><\/div><div class=\"rl-gallery-item\"><a href=\"https:\/\/www.schule-finowfurt.de\/site\/wp-content\/uploads\/2021\/10\/4c756a69-4c4d-40c5-a9d8-91bf5cfbe956.jpg\" title=\"\" data-rl_title=\"\" class=\"rl-gallery-link\" data-rl_caption=\"\" data-rel=\"lightbox-gallery-1\"><img loading=\"lazy\" decoding=\"async\" src=\"https:\/\/www.schule-finowfurt.de\/site\/wp-content\/uploads\/2021\/10\/4c756a69-4c4d-40c5-a9d8-91bf5cfbe956-225x300.jpg\" width=\"225\" height=\"300\" alt=\"\" \/><\/a><\/div><div class=\"rl-gallery-item\"><a href=\"https:\/\/www.schule-finowfurt.de\/site\/wp-content\/uploads\/2021\/10\/3df6a304-4233-4bea-8954-67d39a64250f.jpg\" title=\"\" data-rl_title=\"\" class=\"rl-gallery-link\" data-rl_caption=\"\" data-rel=\"lightbox-gallery-1\"><img loading=\"lazy\" decoding=\"async\" src=\"https:\/\/www.schule-finowfurt.de\/site\/wp-content\/uploads\/2021\/10\/3df6a304-4233-4bea-8954-67d39a64250f-225x300.jpg\" width=\"225\" height=\"300\" alt=\"\" \/><\/a><\/div><div class=\"rl-gallery-item\"><a href=\"https:\/\/www.schule-finowfurt.de\/site\/wp-content\/uploads\/2021\/10\/3ab8d933-ea1b-4952-974d-8fbfbe65f1c1.jpg\" title=\"\" data-rl_title=\"\" class=\"rl-gallery-link\" data-rl_caption=\"\" data-rel=\"lightbox-gallery-1\"><img loading=\"lazy\" decoding=\"async\" src=\"https:\/\/www.schule-finowfurt.de\/site\/wp-content\/uploads\/2021\/10\/3ab8d933-ea1b-4952-974d-8fbfbe65f1c1-225x300.jpg\" width=\"225\" height=\"300\" alt=\"\" \/><\/a><\/div><div class=\"rl-gallery-item\"><a href=\"https:\/\/www.schule-finowfurt.de\/site\/wp-content\/uploads\/2021\/10\/0ee8d836-8efa-4fac-8a26-c4aef0fd25ac.jpg\" title=\"\" data-rl_title=\"\" class=\"rl-gallery-link\" data-rl_caption=\"\" data-rel=\"lightbox-gallery-1\"><img loading=\"lazy\" decoding=\"async\" src=\"https:\/\/www.schule-finowfurt.de\/site\/wp-content\/uploads\/2021\/10\/0ee8d836-8efa-4fac-8a26-c4aef0fd25ac-225x300.jpg\" width=\"225\" height=\"300\" alt=\"\" \/><\/a><\/div> <\/div> <\/div>\n","protected":false},"excerpt":{"rendered":"<p>Exkursion Solarexplorer 7 D Am Freitag, den 01.10.2021 fuhren wir, die Klasse 7 D, mit dem Bus der BBG nach<\/p>\n","protected":false},"author":1,"featured_media":0,"parent":0,"menu_order":0,"comment_status":"closed","ping_status":"closed","template":"","meta":{"footnotes":""},"class_list":["post-2796","page","type-page","status-publish","hentry"],"_links":{"self":[{"href":"https:\/\/www.schule-finowfurt.de\/site\/index.php?rest_route=\/wp\/v2\/pages\/2796","targetHints":{"allow":["GET"]}}],"collection":[{"href":"https:\/\/www.schule-finowfurt.de\/site\/index.php?rest_route=\/wp\/v2\/pages"}],"about":[{"href":"https:\/\/www.schule-finowfurt.de\/site\/index.php?rest_route=\/wp\/v2\/types\/page"}],"author":[{"embeddable":true,"href":"https:\/\/www.schule-finowfurt.de\/site\/index.php?rest_route=\/wp\/v2\/users\/1"}],"replies":[{"embeddable":true,"href":"https:\/\/www.schule-finowfurt.de\/site\/index.php?rest_route=%2Fwp%2Fv2%2Fcomments&post=2796"}],"version-history":[{"count":2,"href":"https:\/\/www.schule-finowfurt.de\/site\/index.php?rest_route=\/wp\/v2\/pages\/2796\/revisions"}],"predecessor-version":[{"id":2844,"href":"https:\/\/www.schule-finowfurt.de\/site\/index.php?rest_route=\/wp\/v2\/pages\/2796\/revisions\/2844"}],"wp:attachment":[{"href":"https:\/\/www.schule-finowfurt.de\/site\/index.php?rest_route=%2Fwp%2Fv2%2Fmedia&parent=2796"}],"curies":[{"name":"wp","href":"https:\/\/api.w.org\/{rel}","templated":true}]}}