{"id":297,"date":"2018-05-31T14:02:14","date_gmt":"2018-05-31T12:02:14","guid":{"rendered":"http:\/\/www.schule-finowfurt.de\/site\/?page_id=297"},"modified":"2026-04-15T18:57:10","modified_gmt":"2026-04-15T16:57:10","slug":"schulchronik","status":"publish","type":"page","link":"https:\/\/www.schule-finowfurt.de\/site\/?page_id=297","title":{"rendered":"Schulchronik"},"content":{"rendered":"<div class=\"art-box art-sheet\">\n<div class=\"art-box-body art-sheet-body\">\n<div class=\"art-layout-wrapper\">\n<div class=\"art-content-layout\">\n<div class=\"art-content-layout-row\">\n<div class=\"art-layout-cell art-content\">\n<div class=\"region region-content\">\n<div class=\"region region-content\">\n<div id=\"block-system-main\" class=\"block block-system\">\n<div id=\"node-61\" class=\"node node-page\">\n<div class=\"art-box art-post\">\n<div class=\"art-box-body art-post-body\">\n<div class=\"art-post-inner art-article\">\n<div class=\"art-postcontent\">\n<div class=\"field field-name-body field-type-text-with-summary field-label-hidden\">\n<div class=\"field-items\">\n<div class=\"field-item even\">\n<h4><u>Schulunterricht in Steinfurth<\/u><\/h4>\n<p>Nach dem Biesenthaler Amtsregister besa\u00df Steinfurth schon 1595 eine Schule, doch fehlen n\u00e4here Aussagen dazu.<\/p>\n<p>Am 27.02.1736 ist der Schulmeister Martin Schulze im Alter von 72 Jahren verstorben und sein Nachfolger wurde Christ-Friedrich Lindenberg, der 1741 nach Bergedorf ging. Ihm folgte zun\u00e4chst Joh. Friedrich Schultze, dann 1746 K\u00fcster Hasenbrick.<\/p>\n<p>Joh. Friedrich Kulicke war 47 Jahre Schullehrer in Steinfurth. Am 21. Januar 1806 wurde sein Sohn Karl Friedrich im Alter von 31 Jahren zum Nachfolger ernannt.<\/p>\n<p>Im Jahre 1803 brannte das Schulhaus ab und das neue, gegen\u00fcber vom Kirchhof, wurde am 27.09.1805 gerichtet und am 12.10. vollendet.<\/p>\n<p>Zur Zeit des Lehrers Keiling wurde in den Jahren 1894\/95 das neue Schulhaus an der Hauptstra\u00dfe gebaut und am 13.11.1895 eingeweiht.<\/p>\n<p>&nbsp;<\/p>\n<h4><u>Schulunterricht in Sch\u00f6pfurth<\/u><\/h4>\n<p>Nach einer Notiz in den Akten des Geheimen Staatsarchivs wurde in Jahre 1715 der erste Schulhalter in Sch\u00f6pfurth eingesetzt.<\/p>\n<p>Am 12.03.1793 schrieb der Prediger L\u00fcdenwald, dass die Gemeinde seit dem Tode des Schulhalters Kr\u00fcger (1749-80) keinen eigenen Schulhalter hat, weil kein Schulhaus vorhanden war und Kr\u00fcger in seiner eigenen Wohnung Schule gehalten hat. Die Kinder wurden teils nach Steinfurth in die Schule geschickt, was nicht ohne Streit blieb.<\/p>\n<p>Im Jahre 1801 wurde dann ein h\u00f6lzernes Schulhaus erbaut und ein Schneidermeister mit dem Namen Schatzschneider eingesetzt.<\/p>\n<p>Im Jahre 1815 erfolgte wiederum die Vereinigung der Schulen Sch\u00f6pfurth und Steinfurth im letzteren Ort, womit der bisherige Schulhalter Rauzmann abtrat.<\/p>\n<p>Im Jahre 1860 wurde das Schulhaus an der Hauptstra\u00dfe errichtet. 1889 gab Rieck sein Amt an seinen Schwiegersohn Giese ab, der 1910 zum Hauptlehrer ernannt wurde und am 19.05.1918 gestorben ist. Sein Nachfolger wurde Hauptlehrer Bach, der seit 1915 zweiter Lehrer war. Er wohnte sp\u00e4ter im Schulhaus.<\/p>\n<p>Im Oktober 1897 wurde ein neues Schulhaus eingeweiht, das 1912 durch den Anbau eines Seitenfl\u00fcgels vergr\u00f6\u00dfert wurde.<\/p>\n<p>&nbsp;<\/p>\n<h2><u>Rektoren, Direktoren bzw. Schulleiter<\/u><\/h2>\n<p>19&#8230; &#8211; 1945\u00a0 \u00a0 \u00a0 \u00a0Herr K\u00fchn, Herr Pahl, Herr Bach<\/p>\n<p>1945 &#8211; 1950\u00a0\u00a0\u00a0\u00a0 Herr Jaiser (Herr Gronau, Herr Hesse ?)<\/p>\n<p>1950 &#8211; 1952\u00a0\u00a0\u00a0\u00a0 Herr Olias<\/p>\n<p>1952 &#8211; 1964\u00a0\u00a0\u00a0\u00a0 Herr Hohnroth<\/p>\n<p>1964 &#8211; 1967\u00a0\u00a0\u00a0\u00a0 Herr K\u00e4mpfe<\/p>\n<p>1967 &#8211; 1970\u00a0\u00a0\u00a0\u00a0 Frau K\u00e4mpfe<\/p>\n<p>1970 &#8211; 1972\u00a0\u00a0\u00a0\u00a0 Herr Litschko<\/p>\n<p>1972 &#8211; 1985\u00a0\u00a0\u00a0\u00a0 Herr Z\u00e4hler<\/p>\n<p>1985 &#8211; 1987\u00a0\u00a0\u00a0\u00a0 Herr Kosanke<\/p>\n<p>1987 &#8211; 1995\u00a0\u00a0\u00a0\u00a0 Herr Z\u00e4hler<\/p>\n<p>1996 &#8211; 2018\u00a0 \u00a0 \u00a0Frau Kosanke<\/p>\n<p>2018 &#8211; 2021\u00a0 \u00a0 \u00a0Herr Tappert<\/p>\n<p>seit 2021\u00a0 \u00a0 \u00a0 \u00a0 \u00a0Frau Gehrke-Witthun<\/p>\n<\/div>\n<\/div>\n<\/div>\n<\/div>\n<div class=\"cleared\"><\/div>\n<\/div>\n<div class=\"cleared\"><\/div>\n<\/div>\n<\/div>\n<\/div>\n<\/div>\n<\/div>\n<\/div>\n<\/div>\n<\/div>\n<\/div>\n<\/div>\n<div class=\"cleared\"><\/div>\n<div class=\"art-footer\">\n<div class=\"art-footer-body\">\n<div class=\"art-footer-text\"><\/div>\n<div class=\"cleared\"><\/div>\n<\/div>\n<\/div>\n<div class=\"cleared\"><\/div>\n<\/div>\n<\/div>\n<div class=\"cleared\"><\/div>\n","protected":false},"excerpt":{"rendered":"<p>Schulunterricht in Steinfurth Nach dem Biesenthaler Amtsregister besa\u00df Steinfurth schon 1595 eine Schule, doch fehlen n\u00e4here Aussagen dazu. Am 27.02.1736<\/p>\n","protected":false},"author":1,"featured_media":0,"parent":0,"menu_order":0,"comment_status":"closed","ping_status":"closed","template":"","meta":{"footnotes":""},"class_list":["post-297","page","type-page","status-publish","hentry"],"_links":{"self":[{"href":"https:\/\/www.schule-finowfurt.de\/site\/index.php?rest_route=\/wp\/v2\/pages\/297","targetHints":{"allow":["GET"]}}],"collection":[{"href":"https:\/\/www.schule-finowfurt.de\/site\/index.php?rest_route=\/wp\/v2\/pages"}],"about":[{"href":"https:\/\/www.schule-finowfurt.de\/site\/index.php?rest_route=\/wp\/v2\/types\/page"}],"author":[{"embeddable":true,"href":"https:\/\/www.schule-finowfurt.de\/site\/index.php?rest_route=\/wp\/v2\/users\/1"}],"replies":[{"embeddable":true,"href":"https:\/\/www.schule-finowfurt.de\/site\/index.php?rest_route=%2Fwp%2Fv2%2Fcomments&post=297"}],"version-history":[{"count":3,"href":"https:\/\/www.schule-finowfurt.de\/site\/index.php?rest_route=\/wp\/v2\/pages\/297\/revisions"}],"predecessor-version":[{"id":4742,"href":"https:\/\/www.schule-finowfurt.de\/site\/index.php?rest_route=\/wp\/v2\/pages\/297\/revisions\/4742"}],"wp:attachment":[{"href":"https:\/\/www.schule-finowfurt.de\/site\/index.php?rest_route=%2Fwp%2Fv2%2Fmedia&parent=297"}],"curies":[{"name":"wp","href":"https:\/\/api.w.org\/{rel}","templated":true}]}}