{"id":3041,"date":"2022-05-23T22:09:58","date_gmt":"2022-05-23T20:09:58","guid":{"rendered":"https:\/\/www.schule-finowfurt.de\/site\/?page_id=3041"},"modified":"2025-05-06T20:54:50","modified_gmt":"2025-05-06T18:54:50","slug":"stellenangebote","status":"publish","type":"page","link":"https:\/\/www.schule-finowfurt.de\/site\/?page_id=3041","title":{"rendered":"Stellenangebote"},"content":{"rendered":"<p><strong>Wir suchen:<\/strong><\/p>\n<ul>\n<li><strong>1 Lehrkraft f\u00fcr den SEK 1- Bereich <\/strong>(5. &#8211; 10. Klasse) mit den F\u00e4chern <strong>Mathe und Physik<\/strong>\u00a0zur Festeinstellung in Vollzeit oder auf Stundenbasis (andere F\u00e4cherkombinationen sind auch m\u00f6glich)<\/li>\n<li><strong>1 Lehrkraft f\u00fcr den Grundschul- und den SEK 1- Bereich<\/strong> (1. &#8211; 10. Klasse) mit dem Fach <strong>Englisch<\/strong> zur Festeinstellung in Vollzeit oder auf Stundenbasis (alle F\u00e4cherkombinationen sind m\u00f6glich)<\/li>\n<\/ul>\n<p>&nbsp;<\/p>\n<p><strong>Wir bieten Ihnen:<\/strong><\/p>\n<ul>\n<li>die M\u00f6glichkeit, Gestaltungsspielr\u00e4ume in unserer Schule mit Ihren eigenen Ideen und Visionen zu f\u00fcllen<\/li>\n<li>ein innovatives Schulkonzept, dass Ihnen M\u00f6glichkeiten zur Weiterbildung bietet<\/li>\n<li>eine konstruktive, wertsch\u00e4tzende Arbeitsatmosph\u00e4re im famili\u00e4ren Kollegium<\/li>\n<\/ul>\n<p>&nbsp;<\/p>\n<p><strong>Wir w\u00fcnschen uns:<\/strong><\/p>\n<ul>\n<li>ein erfolgreich abgeschlossenes 1. Staatsexamen f\u00fcr das Lehramt an Grund-, Regelschule oder Gymnasium (2.Staatsexamen\/Masterabschluss w\u00fcnschenswert)<\/li>\n<li>Interesse an der Weiterentwicklung und Umsetzung eines innovativen Konzeptes, Engagement sowie Teamgeist<\/li>\n<li>Begeisterung f\u00fcr die Arbeit mit Kindern und Jugendlichen<\/li>\n<li>Bereitschaft zur Fortbildung<\/li>\n<li>Identifikation mit den Zielen und Aufgaben unserer Schule<\/li>\n<\/ul>\n<p>&nbsp;<\/p>\n<p><strong>Gern bieten wir im Vorfeld die M<\/strong><strong>\u00f6<\/strong><strong>glichkeit von Hospitationen an.<\/strong><\/p>\n<p><strong>Die Stellen sind auch zur Besetzung f\u00fcr Referendariatsanw\u00e4<\/strong><strong>rter\/innen <\/strong><strong>oder Seiteneinsteiger\/in offen.<\/strong><\/p>\n<p><strong>Wir freuen uns auf Ihre Bewerbung und darauf, Sie pers<\/strong><strong>\u00f6<\/strong><strong>nlich kennenzulernen.<\/strong><\/p>\n<p><strong>Bitte senden\u00a0Sie uns Ihre aussagekr\u00e4ftigen Bewerbungsunterlagen<\/strong><\/p>\n<p><strong>per E-Mail <\/strong><\/p>\n<p><a href=\"mailto:schule.finowfurt@lk.brandenburg.de\">schule.finowfurt@lk.brandenburg.de<\/a><\/p>\n<p>&nbsp;<\/p>\n<p><strong>oder per Post an<\/strong><\/p>\n<p>Schule Finowfurt<\/p>\n<p>Spechthausener Str. 1-3<\/p>\n<p>OT Finowfurt<\/p>\n<p>16244 Schorfheide<\/p>\n<p>&nbsp;<\/p>\n<p><strong>oder rufen Sie uns an<\/strong><\/p>\n<p>Tel.: 03335\/7465<\/p>\n<p>&nbsp;<\/p>\n<p style=\"text-align: right;\"><strong style=\"font-size: 1.125rem;\">A. Gehrke-Witthuhn<\/strong><\/p>\n<p style=\"text-align: right;\"><strong>Schulleiterin<\/strong><\/p>\n","protected":false},"excerpt":{"rendered":"<p>Wir suchen: 1 Lehrkraft f\u00fcr den SEK 1- Bereich (5. &#8211; 10. Klasse) mit den F\u00e4chern Mathe und Physik\u00a0zur Festeinstellung<\/p>\n","protected":false},"author":1,"featured_media":0,"parent":0,"menu_order":0,"comment_status":"closed","ping_status":"closed","template":"","meta":{"footnotes":""},"class_list":["post-3041","page","type-page","status-publish","hentry"],"_links":{"self":[{"href":"https:\/\/www.schule-finowfurt.de\/site\/index.php?rest_route=\/wp\/v2\/pages\/3041","targetHints":{"allow":["GET"]}}],"collection":[{"href":"https:\/\/www.schule-finowfurt.de\/site\/index.php?rest_route=\/wp\/v2\/pages"}],"about":[{"href":"https:\/\/www.schule-finowfurt.de\/site\/index.php?rest_route=\/wp\/v2\/types\/page"}],"author":[{"embeddable":true,"href":"https:\/\/www.schule-finowfurt.de\/site\/index.php?rest_route=\/wp\/v2\/users\/1"}],"replies":[{"embeddable":true,"href":"https:\/\/www.schule-finowfurt.de\/site\/index.php?rest_route=%2Fwp%2Fv2%2Fcomments&post=3041"}],"version-history":[{"count":11,"href":"https:\/\/www.schule-finowfurt.de\/site\/index.php?rest_route=\/wp\/v2\/pages\/3041\/revisions"}],"predecessor-version":[{"id":4456,"href":"https:\/\/www.schule-finowfurt.de\/site\/index.php?rest_route=\/wp\/v2\/pages\/3041\/revisions\/4456"}],"wp:attachment":[{"href":"https:\/\/www.schule-finowfurt.de\/site\/index.php?rest_route=%2Fwp%2Fv2%2Fmedia&parent=3041"}],"curies":[{"name":"wp","href":"https:\/\/api.w.org\/{rel}","templated":true}]}}