{"id":339,"date":"2018-05-31T14:46:53","date_gmt":"2018-05-31T12:46:53","guid":{"rendered":"http:\/\/www.schule-finowfurt.de\/site\/?page_id=339"},"modified":"2025-03-12T19:00:20","modified_gmt":"2025-03-12T18:00:20","slug":"100-tage-ball-der-schule-finowfurt","status":"publish","type":"page","link":"https:\/\/www.schule-finowfurt.de\/site\/?page_id=339","title":{"rendered":"100-Tage-Ball der Schule Finowfurt"},"content":{"rendered":"<h4 class=\"art-postheader\">100-Tage-Ball der Schule Finowfurt 2016<\/h4>\n<p><img loading=\"lazy\" decoding=\"async\" class=\"alignnone wp-image-340 size-large\" src=\"https:\/\/www.schule-finowfurt.de\/site\/wp-content\/uploads\/2018\/05\/100-Tage-Ball-2016-1024x615.jpg\" alt=\"\" width=\"810\" height=\"486\" srcset=\"https:\/\/www.schule-finowfurt.de\/site\/wp-content\/uploads\/2018\/05\/100-Tage-Ball-2016.jpg 1024w, https:\/\/www.schule-finowfurt.de\/site\/wp-content\/uploads\/2018\/05\/100-Tage-Ball-2016-300x180.jpg 300w, https:\/\/www.schule-finowfurt.de\/site\/wp-content\/uploads\/2018\/05\/100-Tage-Ball-2016-768x461.jpg 768w\" sizes=\"auto, (max-width: 810px) 100vw, 810px\" \/><\/p>\n<p class=\"rtejustify\">Seit Jahresbeginn haben sich die Sch\u00fclerinnen und Sch\u00fcler der drei 10. Klassen auf diesen Tag vorbereitet. Unter fachkundiger Anleitung von Julia und Daniel Radicke vom Sportverein Motor Eberswalde e. V., Abteilung Tanzen, wurde jeden Freitag in der Turnhalle flei\u00dfig trainiert. Am 8. April war es dann so weit. Frau Kosanke er\u00f6ffnete die Veranstaltung und wies darauf hin, dass es bereits der 20. Ball ist und eine sch\u00f6ne Tradition. Ins Leben gerufen wurde er von der Musiklehrerin Frau Graunke, die jahrelang den Sch\u00fclern der 10. Klassen die Walzerschritte beibrachte. Sie gab dem Ball auch den Namen. Es verbleiben noch 100 Tage bis zum Ende der Schulzeit an der Schule Finowfurt. Im Haus Schw\u00e4rzetal zeigten die Teilnehmer in einem spannenden Wettbewerb vor Eltern, Verwandten, Freunden und Lehrern, was sie in den letzten drei Monaten gelernt hatten. Zur Auff\u00fchrung kamen Walzer, Tango und\u00a0 Discofox. Herr Zaumseil, Klassenlehrer der 10b, moderierte souver\u00e4n die Veranstaltung, denn er nahm selbst an allen \u00dcbungsstunden teil. Aufregend war es bis zur letzten Minute. Drei Tanzlehrer fungierten als Jury und ermittelten das Siegerpaar. Tanzk\u00f6nigin und Tanzk\u00f6nig 2016 wurden Sarah Dietzel und Christopher M\u00fccke.<\/p>\n<p class=\"rtejustify\">Neu im Ablauf ist auch die Wahl des Publikumspreises. Die G\u00e4ste hatten die M\u00f6glichkeit, ihr Lieblingspaar auszuw\u00e4hlen. In diesem Jahr ging der Preis an Sara Nemitz und Julia Herzog. Offenbar hatten sie die gr\u00f6\u00dfte Fangemeinde dabei.<\/p>\n<p class=\"rtejustify\">Im vergangenen Schuljahr haben Julia und Daniel Radicke die Vorbereitung der Sch\u00fcler auf den Ball \u00fcbernommen. In diesem Zusammenhang wurde auch der Ablauf des Wettbewerbs ver\u00e4ndert. So war auch die Vorf\u00fchrung der drei T\u00e4nze durch das Turniertanzpaar eine Augenweide.<\/p>\n<p class=\"rtejustify\">Die netten Worte der Eltern, G\u00e4ste und Sch\u00fcler sagen uns, dass der 100-Tage-Ball noch lange Bestandteil der Schule Finowfurt bleiben muss.<\/p>\n<p class=\"rtejustify\">Ebenso lange wie es den 100-Tage-Ball gibt, w\u00e4hrt auch die Zusammenarbeit mit DJ Jogi. Auch in diesem Jahr hat er mit seiner Musik den Nerv der Teilnehmer getroffen. Bis zur letzten Minute wurde ausgelassen getanzt und gefeiert.<\/p>\n<p class=\"rtejustify\"><em>P. Scholler<\/em><\/p>\n","protected":false},"excerpt":{"rendered":"<p>100-Tage-Ball der Schule Finowfurt 2016 Seit Jahresbeginn haben sich die Sch\u00fclerinnen und Sch\u00fcler der drei 10. Klassen auf diesen Tag<\/p>\n","protected":false},"author":1,"featured_media":0,"parent":0,"menu_order":0,"comment_status":"closed","ping_status":"closed","template":"","meta":{"footnotes":""},"class_list":["post-339","page","type-page","status-publish","hentry"],"_links":{"self":[{"href":"https:\/\/www.schule-finowfurt.de\/site\/index.php?rest_route=\/wp\/v2\/pages\/339","targetHints":{"allow":["GET"]}}],"collection":[{"href":"https:\/\/www.schule-finowfurt.de\/site\/index.php?rest_route=\/wp\/v2\/pages"}],"about":[{"href":"https:\/\/www.schule-finowfurt.de\/site\/index.php?rest_route=\/wp\/v2\/types\/page"}],"author":[{"embeddable":true,"href":"https:\/\/www.schule-finowfurt.de\/site\/index.php?rest_route=\/wp\/v2\/users\/1"}],"replies":[{"embeddable":true,"href":"https:\/\/www.schule-finowfurt.de\/site\/index.php?rest_route=%2Fwp%2Fv2%2Fcomments&post=339"}],"version-history":[{"count":2,"href":"https:\/\/www.schule-finowfurt.de\/site\/index.php?rest_route=\/wp\/v2\/pages\/339\/revisions"}],"predecessor-version":[{"id":4226,"href":"https:\/\/www.schule-finowfurt.de\/site\/index.php?rest_route=\/wp\/v2\/pages\/339\/revisions\/4226"}],"wp:attachment":[{"href":"https:\/\/www.schule-finowfurt.de\/site\/index.php?rest_route=%2Fwp%2Fv2%2Fmedia&parent=339"}],"curies":[{"name":"wp","href":"https:\/\/api.w.org\/{rel}","templated":true}]}}