{"id":4193,"date":"2025-03-12T18:19:58","date_gmt":"2025-03-12T17:19:58","guid":{"rendered":"https:\/\/www.schule-finowfurt.de\/site\/?page_id=4193"},"modified":"2025-03-13T15:50:56","modified_gmt":"2025-03-13T14:50:56","slug":"archiv","status":"publish","type":"page","link":"https:\/\/www.schule-finowfurt.de\/site\/?page_id=4193","title":{"rendered":"Archiv"},"content":{"rendered":"<p>Die Website der Schule ver\u00f6ffentlicht Beitr\u00e4ge \u00fcber zehn Jahren. Hier finden Sie nach Jahren geordnet Beitr\u00e4ge, die 2020 und fr\u00fcher online gestellt wurden.<\/p>\n","protected":false},"excerpt":{"rendered":"<p>Die Website der Schule ver\u00f6ffentlicht Beitr\u00e4ge \u00fcber zehn Jahren. Hier finden Sie nach Jahren geordnet Beitr\u00e4ge, die 2020 und fr\u00fcher<\/p>\n","protected":false},"author":1,"featured_media":0,"parent":0,"menu_order":0,"comment_status":"closed","ping_status":"closed","template":"","meta":{"footnotes":""},"class_list":["post-4193","page","type-page","status-publish","hentry"],"_links":{"self":[{"href":"https:\/\/www.schule-finowfurt.de\/site\/index.php?rest_route=\/wp\/v2\/pages\/4193","targetHints":{"allow":["GET"]}}],"collection":[{"href":"https:\/\/www.schule-finowfurt.de\/site\/index.php?rest_route=\/wp\/v2\/pages"}],"about":[{"href":"https:\/\/www.schule-finowfurt.de\/site\/index.php?rest_route=\/wp\/v2\/types\/page"}],"author":[{"embeddable":true,"href":"https:\/\/www.schule-finowfurt.de\/site\/index.php?rest_route=\/wp\/v2\/users\/1"}],"replies":[{"embeddable":true,"href":"https:\/\/www.schule-finowfurt.de\/site\/index.php?rest_route=%2Fwp%2Fv2%2Fcomments&post=4193"}],"version-history":[{"count":4,"href":"https:\/\/www.schule-finowfurt.de\/site\/index.php?rest_route=\/wp\/v2\/pages\/4193\/revisions"}],"predecessor-version":[{"id":4293,"href":"https:\/\/www.schule-finowfurt.de\/site\/index.php?rest_route=\/wp\/v2\/pages\/4193\/revisions\/4293"}],"wp:attachment":[{"href":"https:\/\/www.schule-finowfurt.de\/site\/index.php?rest_route=%2Fwp%2Fv2%2Fmedia&parent=4193"}],"curies":[{"name":"wp","href":"https:\/\/api.w.org\/{rel}","templated":true}]}}