{"id":4222,"date":"2025-03-12T18:59:19","date_gmt":"2025-03-12T17:59:19","guid":{"rendered":"https:\/\/www.schule-finowfurt.de\/site\/?page_id=4222"},"modified":"2025-03-12T18:59:19","modified_gmt":"2025-03-12T17:59:19","slug":"100-tage-ball","status":"publish","type":"page","link":"https:\/\/www.schule-finowfurt.de\/site\/?page_id=4222","title":{"rendered":"100-Tage-Ball"},"content":{"rendered":"<p>100 Tage vor ihrem letzten Schultag feiern die Sch\u00fclerinnen und Sch\u00fcler der 10. Klassen gemeinsam mit ihren Eltern und den Lehrkr\u00e4ften der Schule Finowfurt den 100-Tage-Ball.<\/p>\n","protected":false},"excerpt":{"rendered":"<p>100 Tage vor ihrem letzten Schultag feiern die Sch\u00fclerinnen und Sch\u00fcler der 10. Klassen gemeinsam mit ihren Eltern und den<\/p>\n","protected":false},"author":1,"featured_media":0,"parent":0,"menu_order":0,"comment_status":"closed","ping_status":"closed","template":"","meta":{"footnotes":""},"class_list":["post-4222","page","type-page","status-publish","hentry"],"_links":{"self":[{"href":"https:\/\/www.schule-finowfurt.de\/site\/index.php?rest_route=\/wp\/v2\/pages\/4222","targetHints":{"allow":["GET"]}}],"collection":[{"href":"https:\/\/www.schule-finowfurt.de\/site\/index.php?rest_route=\/wp\/v2\/pages"}],"about":[{"href":"https:\/\/www.schule-finowfurt.de\/site\/index.php?rest_route=\/wp\/v2\/types\/page"}],"author":[{"embeddable":true,"href":"https:\/\/www.schule-finowfurt.de\/site\/index.php?rest_route=\/wp\/v2\/users\/1"}],"replies":[{"embeddable":true,"href":"https:\/\/www.schule-finowfurt.de\/site\/index.php?rest_route=%2Fwp%2Fv2%2Fcomments&post=4222"}],"version-history":[{"count":1,"href":"https:\/\/www.schule-finowfurt.de\/site\/index.php?rest_route=\/wp\/v2\/pages\/4222\/revisions"}],"predecessor-version":[{"id":4224,"href":"https:\/\/www.schule-finowfurt.de\/site\/index.php?rest_route=\/wp\/v2\/pages\/4222\/revisions\/4224"}],"wp:attachment":[{"href":"https:\/\/www.schule-finowfurt.de\/site\/index.php?rest_route=%2Fwp%2Fv2%2Fmedia&parent=4222"}],"curies":[{"name":"wp","href":"https:\/\/api.w.org\/{rel}","templated":true}]}}