{"id":4309,"date":"2025-03-13T16:15:57","date_gmt":"2025-03-13T15:15:57","guid":{"rendered":"https:\/\/www.schule-finowfurt.de\/site\/?page_id=4309"},"modified":"2025-03-13T16:15:57","modified_gmt":"2025-03-13T15:15:57","slug":"arbeitsgemeinschaften-ag","status":"publish","type":"page","link":"https:\/\/www.schule-finowfurt.de\/site\/?page_id=4309","title":{"rendered":"Arbeitsgemeinschaften (AG)"},"content":{"rendered":"<p>Hier finden Sie Beitr\u00e4ge \u00fcber die Arbeitsgemeinschaften, die an der Schule Finowfurt f\u00fcr die 7. und 8. Klassen angeboten werden.<\/p>\n","protected":false},"excerpt":{"rendered":"<p>Hier finden Sie Beitr\u00e4ge \u00fcber die Arbeitsgemeinschaften, die an der Schule Finowfurt f\u00fcr die 7. und 8. Klassen angeboten werden.<\/p>\n","protected":false},"author":1,"featured_media":0,"parent":0,"menu_order":0,"comment_status":"closed","ping_status":"closed","template":"","meta":{"footnotes":""},"class_list":["post-4309","page","type-page","status-publish","hentry"],"_links":{"self":[{"href":"https:\/\/www.schule-finowfurt.de\/site\/index.php?rest_route=\/wp\/v2\/pages\/4309","targetHints":{"allow":["GET"]}}],"collection":[{"href":"https:\/\/www.schule-finowfurt.de\/site\/index.php?rest_route=\/wp\/v2\/pages"}],"about":[{"href":"https:\/\/www.schule-finowfurt.de\/site\/index.php?rest_route=\/wp\/v2\/types\/page"}],"author":[{"embeddable":true,"href":"https:\/\/www.schule-finowfurt.de\/site\/index.php?rest_route=\/wp\/v2\/users\/1"}],"replies":[{"embeddable":true,"href":"https:\/\/www.schule-finowfurt.de\/site\/index.php?rest_route=%2Fwp%2Fv2%2Fcomments&post=4309"}],"version-history":[{"count":1,"href":"https:\/\/www.schule-finowfurt.de\/site\/index.php?rest_route=\/wp\/v2\/pages\/4309\/revisions"}],"predecessor-version":[{"id":4311,"href":"https:\/\/www.schule-finowfurt.de\/site\/index.php?rest_route=\/wp\/v2\/pages\/4309\/revisions\/4311"}],"wp:attachment":[{"href":"https:\/\/www.schule-finowfurt.de\/site\/index.php?rest_route=%2Fwp%2Fv2%2Fmedia&parent=4309"}],"curies":[{"name":"wp","href":"https:\/\/api.w.org\/{rel}","templated":true}]}}