{"id":466,"date":"2018-05-31T20:56:14","date_gmt":"2018-05-31T18:56:14","guid":{"rendered":"http:\/\/www.schule-finowfurt.de\/site\/?page_id=466"},"modified":"2018-05-31T20:56:14","modified_gmt":"2018-05-31T18:56:14","slug":"blaeserklasse","status":"publish","type":"page","link":"https:\/\/www.schule-finowfurt.de\/site\/?page_id=466","title":{"rendered":"Bl\u00e4serklasse"},"content":{"rendered":"<div class=\"art-layout-wrapper\">\n<div class=\"art-content-layout\">\n<div class=\"art-content-layout-row\">\n<div class=\"art-layout-cell art-content\">\n<div class=\"region region-content\">\n<div class=\"region region-content\">\n<div id=\"block-system-main\" class=\"block block-system\">\n<div id=\"node-69\" class=\"node node-media-gallery\">\n<div class=\"art-box art-post\">\n<div class=\"art-box-body art-post-body\">\n<div class=\"art-post-inner art-article\">\n<div class=\"art-postcontent\">\n<div class=\"field field-name-media-gallery-description field-type-text-long field-label-hidden\">\n<div class=\"field-items\">\n<div class=\"field-item even\">\n<p>Vier Jahre hei\u00dft es nun schon an unserer Schule &#8222;Klasse! Musik&#8220;.<\/p>\n<p>Jeweils Dienstag und Donnerstag hallt es durch die Schule: Bl\u00e4serklassenprobe! In Zusammenarbeit mit Elke und Peter St\u00fcbner von der Musikschule Barnim und der Musiklehrerin Claudia Strahl erlernen nun schon 92\u00a0Sch\u00fcler ein Blasinstrument im Rahmen des Musikunterrichts.<\/p>\n<p>Bei vielen Auftritten stellten die jungen Musiker ihr K\u00f6nnen unter Beweis und sorgten immer wieder f\u00fcr Begeisterung. Highlights sind die allt\u00e4glichen Bl\u00e4serklassentreffen in Boitzenburg, Auftritte beim Finowfurter Fl\u00f6\u00dferfest, beim Eberswalder Stadtfest oder Auftritte f\u00fcr die Eltern in der neuen Schulaula.<\/p>\n<\/div>\n<\/div>\n<\/div>\n<\/div>\n<\/div>\n<\/div>\n<\/div>\n<\/div>\n<\/div>\n<\/div>\n<\/div>\n<\/div>\n<\/div>\n<\/div>\n<\/div>\n","protected":false},"excerpt":{"rendered":"<p>Vier Jahre hei\u00dft es nun schon an unserer Schule &#8222;Klasse! Musik&#8220;. Jeweils Dienstag und Donnerstag hallt es durch die Schule:<\/p>\n","protected":false},"author":1,"featured_media":0,"parent":0,"menu_order":0,"comment_status":"closed","ping_status":"closed","template":"","meta":{"footnotes":""},"class_list":["post-466","page","type-page","status-publish","hentry"],"_links":{"self":[{"href":"https:\/\/www.schule-finowfurt.de\/site\/index.php?rest_route=\/wp\/v2\/pages\/466","targetHints":{"allow":["GET"]}}],"collection":[{"href":"https:\/\/www.schule-finowfurt.de\/site\/index.php?rest_route=\/wp\/v2\/pages"}],"about":[{"href":"https:\/\/www.schule-finowfurt.de\/site\/index.php?rest_route=\/wp\/v2\/types\/page"}],"author":[{"embeddable":true,"href":"https:\/\/www.schule-finowfurt.de\/site\/index.php?rest_route=\/wp\/v2\/users\/1"}],"replies":[{"embeddable":true,"href":"https:\/\/www.schule-finowfurt.de\/site\/index.php?rest_route=%2Fwp%2Fv2%2Fcomments&post=466"}],"version-history":[{"count":1,"href":"https:\/\/www.schule-finowfurt.de\/site\/index.php?rest_route=\/wp\/v2\/pages\/466\/revisions"}],"predecessor-version":[{"id":467,"href":"https:\/\/www.schule-finowfurt.de\/site\/index.php?rest_route=\/wp\/v2\/pages\/466\/revisions\/467"}],"wp:attachment":[{"href":"https:\/\/www.schule-finowfurt.de\/site\/index.php?rest_route=%2Fwp%2Fv2%2Fmedia&parent=466"}],"curies":[{"name":"wp","href":"https:\/\/api.w.org\/{rel}","templated":true}]}}