{"id":824,"date":"2018-05-31T21:38:18","date_gmt":"2018-05-31T19:38:18","guid":{"rendered":"http:\/\/www.schule-finowfurt.de\/site\/?page_id=824"},"modified":"2018-05-31T21:42:21","modified_gmt":"2018-05-31T19:42:21","slug":"6-internationales-treffen-in-bulgarien","status":"publish","type":"page","link":"https:\/\/www.schule-finowfurt.de\/site\/?page_id=824","title":{"rendered":"6. Internationales Treffen in Bulgarien"},"content":{"rendered":"<h4 class=\"rtecenter\"><strong>Auf gro\u00dfer Fahrt \/ Scheiden tut weh<br \/>\nComenius Projekt f\u00fchrt Sch\u00fcler und Lehrer der Schule Finowfurt nach Bulgarien<\/strong><\/h4>\n<p class=\"rtejustify\">Im Rahmen des von der EU gef\u00f6rderten internationalen Comenius \u2013 Austauschprogramms startete eine Delegation der Schule Finowfurt am 27. April die letzte Fahrt, die nach Dobrich in Bulgarien ging. Zoe aus einer 8. Klasse hat ihre Eindr\u00fccke festgehalten.<br \/>\n\u201eEine Woche lang konnten wir mit einem vollgepackten Programm die Gepflogenheiten und Lebensweise unserer bulgarischen Freunde bewundern. Zusammen mit den polnischen Partnersch\u00fclern und\u00a0 \u2013lehrern, mit denen wir uns am Flughafen trafen, fuhren wir von Bukarest mit einem Bus nach Dobrich. Gegen 20.00 Uhr konnten wir endlich von unseren Gastfamilien begr\u00fc\u00dft und freundlich empfangen werden. Meine Gastschwester und ich teilten uns f\u00fcr diesen Zeitraum ein Zimmer, sie hatte sogar extra f\u00fcr mich einen ihrer Schr\u00e4nke leer ger\u00e4umt, fand ich total nett. Vor dem\u00a0 Abendessen \u00fcbergab ich die mitgebrachten Gastgeschenke, sie freuten sich sehr.<br \/>\nAm n\u00e4chsten Morgen trafen sich alle sechs Nationen: die T\u00fcrken, Polen, Griechen, Norweger, Bulgaren und wir in der Schule unserer Gastgeber. Auf dem Programm stand\u201eopening, visit to our school, students activities\u201c. (Er\u00f6ffnung des Projekts, Besuch der bulgarischen Schule, Sch\u00fcleraktivit\u00e4ten). Unsere bulgarischen Freunde haben ein Programm f\u00fcr uns vorgef\u00fchrt mit einer Rede, Tanz und Gesang. Anschlie\u00dfend besch\u00e4ftigten wir uns mit dem Thema \u201eWie wir uns die Stra\u00dfen in 20 Jahren vorstellen\u201c. In einem Restaurant bekamen wir ein 4 G\u00e4nge Men\u00fc geboten.\u00a0 Danach besuchten wir ein Museum in Dobrich und besichtigten die Altstadt und die St. George Church.<br \/>\nAm Mittwoch stand eine Fahrt ans Schwarze Meer an. Dort gab es einen wundersch\u00f6nen Ausblick auf das\u00a0 Meer, die Klippen zu sehen, es war einfach mal der Hammer. Zus\u00e4tzlich wurde uns noch von einem bulgarischen Sch\u00fcler ein kurzer Vortrag geboten. Danach ging es an den Goldstrand. Laut meiner Gastfamilie, soll der Goldstrand der sch\u00f6nste Ort der Welt sein. Auch der Besuch des Botanischen Gartens in Balchik war sehr interessant. Abends wurde zum Abendbrot bei meiner Gastfamilie gegrillt und wir sa\u00dfen alle lange zusammen und unterhielten uns.<br \/>\nAm Donnerstag ging es nach Varna zu einer Delfinshow. Ich war total aufgeregt. Die Show war sehr unterhaltsam und die Delfine sind sehr intelligente Tiere. Sie haben so viele Tricks vorgef\u00fchrt, dass wir gestaunt haben und manchmal mit offenem Mund da sa\u00dfen.<br \/>\nSchlie\u00dflich war der Abschiedsabend angesagt. Die bulgarischen Sch\u00fcler und Lehrer haben uns ein sch\u00f6nes Programm aufgef\u00fchrt, alle sechs Nationen haben zusammen getanzt, gesungen, es wurden Geschenke und Urkunden \u00fcbergeben. Wir alle hatten sehr viel Spa\u00df miteinander und h\u00e4tten gerne noch viel l\u00e4nger zusammen gefeiert. Aber leider stand schon die Heimreise am n\u00e4chsten Tag an.<br \/>\nIch bin sehr froh, dass ich mich f\u00fcr dieses Comenius Projekt Bulgarien beworben habe und ausgew\u00e4hlt wurde. Diese Reise war f\u00fcr mich eine weitere Lebenserfahrung und \u2013bereicherung. Dank dieses Projektes konnte ich ein neues Land, eine andere Nationalit\u00e4t hautnah kennenlernen, wie diese Menschen dort leben, wie die Schule dort ist und wie der Alltag in Bulgarien abl\u00e4uft. In bestimmten Momenten ist mir bewusst geworden, wie gut ich es doch zu Hause habe und dass ich das viel mehr sch\u00e4tzen sollte.\u201c<\/p>\n<p class=\"rtejustify\">Zoe Mehlfeld<br \/>\nKlasse 8<br \/>\nSchule Finowfurt<\/p>\n<div class=\"rl-gallery-container rl-loading\" id=\"rl-gallery-container-1\" data-gallery_id=\"826\"> <div class=\"rl-gallery rl-basicgrid-gallery \" id=\"rl-gallery-1\" data-gallery_no=\"1\"> <div class=\"rl-gallery-item\"><a href=\"https:\/\/www.schule-finowfurt.de\/site\/wp-content\/uploads\/2018\/05\/Forstbotanischergarten-6.jpg\" title=\"\" data-rl_title=\"\" class=\"rl-gallery-link\" data-rl_caption=\"\" data-rel=\"lightbox-gallery-1\"><img loading=\"lazy\" decoding=\"async\" src=\"https:\/\/www.schule-finowfurt.de\/site\/wp-content\/uploads\/2018\/05\/Forstbotanischergarten-6-225x300.jpg\" width=\"225\" height=\"300\" alt=\"\" \/><\/a><\/div><div class=\"rl-gallery-item\"><a href=\"https:\/\/www.schule-finowfurt.de\/site\/wp-content\/uploads\/2018\/05\/Grenz\u00fcbergang-Bulgarien.jpg\" title=\"\" data-rl_title=\"\" class=\"rl-gallery-link\" data-rl_caption=\"\" data-rel=\"lightbox-gallery-1\"><img loading=\"lazy\" decoding=\"async\" src=\"https:\/\/www.schule-finowfurt.de\/site\/wp-content\/uploads\/2018\/05\/Grenz\u00fcbergang-Bulgarien-225x300.jpg\" width=\"225\" height=\"300\" alt=\"\" \/><\/a><\/div><div class=\"rl-gallery-item\"><a href=\"https:\/\/www.schule-finowfurt.de\/site\/wp-content\/uploads\/2018\/05\/letzter-Abend-2.jpg\" title=\"\" data-rl_title=\"\" class=\"rl-gallery-link\" data-rl_caption=\"\" data-rel=\"lightbox-gallery-1\"><img loading=\"lazy\" decoding=\"async\" src=\"https:\/\/www.schule-finowfurt.de\/site\/wp-content\/uploads\/2018\/05\/letzter-Abend-2-300x225.jpg\" width=\"300\" height=\"225\" alt=\"\" \/><\/a><\/div><div class=\"rl-gallery-item\"><a href=\"https:\/\/www.schule-finowfurt.de\/site\/wp-content\/uploads\/2018\/05\/received_716210675154104.jpeg\" title=\"\" data-rl_title=\"\" class=\"rl-gallery-link\" data-rl_caption=\"\" data-rel=\"lightbox-gallery-1\"><img loading=\"lazy\" decoding=\"async\" src=\"https:\/\/www.schule-finowfurt.de\/site\/wp-content\/uploads\/2018\/05\/received_716210675154104-300x169.jpeg\" width=\"300\" height=\"169\" alt=\"\" \/><\/a><\/div><div class=\"rl-gallery-item\"><a href=\"https:\/\/www.schule-finowfurt.de\/site\/wp-content\/uploads\/2018\/05\/received_897896370254131.jpeg\" title=\"\" data-rl_title=\"\" class=\"rl-gallery-link\" data-rl_caption=\"\" data-rel=\"lightbox-gallery-1\"><img loading=\"lazy\" decoding=\"async\" src=\"https:\/\/www.schule-finowfurt.de\/site\/wp-content\/uploads\/2018\/05\/received_897896370254131-300x200.jpeg\" width=\"300\" height=\"200\" alt=\"\" \/><\/a><\/div><div class=\"rl-gallery-item\"><a href=\"https:\/\/www.schule-finowfurt.de\/site\/wp-content\/uploads\/2018\/05\/4.jpg\" title=\"\" data-rl_title=\"\" class=\"rl-gallery-link\" data-rl_caption=\"\" data-rel=\"lightbox-gallery-1\"><img loading=\"lazy\" decoding=\"async\" src=\"https:\/\/www.schule-finowfurt.de\/site\/wp-content\/uploads\/2018\/05\/4-300x225.jpg\" width=\"300\" height=\"225\" alt=\"\" \/><\/a><\/div><div class=\"rl-gallery-item\"><a href=\"https:\/\/www.schule-finowfurt.de\/site\/wp-content\/uploads\/2018\/05\/10.jpg\" title=\"\" data-rl_title=\"\" class=\"rl-gallery-link\" data-rl_caption=\"\" data-rel=\"lightbox-gallery-1\"><img loading=\"lazy\" decoding=\"async\" src=\"https:\/\/www.schule-finowfurt.de\/site\/wp-content\/uploads\/2018\/05\/10-300x200.jpg\" width=\"300\" height=\"200\" alt=\"\" \/><\/a><\/div><div class=\"rl-gallery-item\"><a href=\"https:\/\/www.schule-finowfurt.de\/site\/wp-content\/uploads\/2018\/05\/Ausblick-aufs-Meer-von-der-alten-Stadt-5.jpg\" title=\"\" data-rl_title=\"\" class=\"rl-gallery-link\" data-rl_caption=\"\" data-rel=\"lightbox-gallery-1\"><img loading=\"lazy\" decoding=\"async\" src=\"https:\/\/www.schule-finowfurt.de\/site\/wp-content\/uploads\/2018\/05\/Ausblick-aufs-Meer-von-der-alten-Stadt-5-300x225.jpg\" width=\"300\" height=\"225\" alt=\"\" \/><\/a><\/div><div class=\"rl-gallery-item\"><a href=\"https:\/\/www.schule-finowfurt.de\/site\/wp-content\/uploads\/2018\/05\/David-Joana-Janice-und.....jpg\" title=\"\" data-rl_title=\"\" class=\"rl-gallery-link\" data-rl_caption=\"\" data-rel=\"lightbox-gallery-1\"><img loading=\"lazy\" decoding=\"async\" src=\"https:\/\/www.schule-finowfurt.de\/site\/wp-content\/uploads\/2018\/05\/David-Joana-Janice-und....-300x225.jpg\" width=\"300\" height=\"225\" alt=\"\" \/><\/a><\/div><div class=\"rl-gallery-item\"><a href=\"https:\/\/www.schule-finowfurt.de\/site\/wp-content\/uploads\/2018\/05\/Delfinshow.jpg\" title=\"\" data-rl_title=\"\" class=\"rl-gallery-link\" data-rl_caption=\"\" data-rel=\"lightbox-gallery-1\"><img loading=\"lazy\" decoding=\"async\" src=\"https:\/\/www.schule-finowfurt.de\/site\/wp-content\/uploads\/2018\/05\/Delfinshow-300x225.jpg\" width=\"300\" height=\"225\" alt=\"\" \/><\/a><\/div><div class=\"rl-gallery-item\"><a href=\"https:\/\/www.schule-finowfurt.de\/site\/wp-content\/uploads\/2018\/05\/DSCN0237.jpg\" title=\"\" data-rl_title=\"\" class=\"rl-gallery-link\" data-rl_caption=\"\" data-rel=\"lightbox-gallery-1\"><img loading=\"lazy\" decoding=\"async\" src=\"https:\/\/www.schule-finowfurt.de\/site\/wp-content\/uploads\/2018\/05\/DSCN0237-300x225.jpg\" width=\"300\" height=\"225\" alt=\"\" \/><\/a><\/div><div class=\"rl-gallery-item\"><a href=\"https:\/\/www.schule-finowfurt.de\/site\/wp-content\/uploads\/2018\/05\/DSCN0251.jpg\" title=\"\" data-rl_title=\"\" class=\"rl-gallery-link\" data-rl_caption=\"\" data-rel=\"lightbox-gallery-1\"><img loading=\"lazy\" decoding=\"async\" src=\"https:\/\/www.schule-finowfurt.de\/site\/wp-content\/uploads\/2018\/05\/DSCN0251-300x225.jpg\" width=\"300\" height=\"225\" alt=\"\" \/><\/a><\/div><div class=\"rl-gallery-item\"><a href=\"https:\/\/www.schule-finowfurt.de\/site\/wp-content\/uploads\/2018\/05\/DSCN0284.jpg\" title=\"\" data-rl_title=\"\" class=\"rl-gallery-link\" data-rl_caption=\"\" data-rel=\"lightbox-gallery-1\"><img loading=\"lazy\" decoding=\"async\" src=\"https:\/\/www.schule-finowfurt.de\/site\/wp-content\/uploads\/2018\/05\/DSCN0284-300x225.jpg\" width=\"300\" height=\"225\" alt=\"\" \/><\/a><\/div><div class=\"rl-gallery-item\"><a href=\"https:\/\/www.schule-finowfurt.de\/site\/wp-content\/uploads\/2018\/05\/DSCN0291.jpg\" title=\"\" data-rl_title=\"\" class=\"rl-gallery-link\" data-rl_caption=\"\" data-rel=\"lightbox-gallery-1\"><img loading=\"lazy\" decoding=\"async\" src=\"https:\/\/www.schule-finowfurt.de\/site\/wp-content\/uploads\/2018\/05\/DSCN0291-300x225.jpg\" width=\"300\" height=\"225\" alt=\"\" \/><\/a><\/div><div class=\"rl-gallery-item\"><a href=\"https:\/\/www.schule-finowfurt.de\/site\/wp-content\/uploads\/2018\/05\/DSCN0294.jpg\" title=\"\" data-rl_title=\"\" class=\"rl-gallery-link\" data-rl_caption=\"\" data-rel=\"lightbox-gallery-1\"><img loading=\"lazy\" decoding=\"async\" src=\"https:\/\/www.schule-finowfurt.de\/site\/wp-content\/uploads\/2018\/05\/DSCN0294-300x225.jpg\" width=\"300\" height=\"225\" alt=\"\" \/><\/a><\/div><div class=\"rl-gallery-item\"><a href=\"https:\/\/www.schule-finowfurt.de\/site\/wp-content\/uploads\/2018\/05\/DSCN0311.jpg\" title=\"\" data-rl_title=\"\" class=\"rl-gallery-link\" data-rl_caption=\"\" data-rel=\"lightbox-gallery-1\"><img loading=\"lazy\" decoding=\"async\" src=\"https:\/\/www.schule-finowfurt.de\/site\/wp-content\/uploads\/2018\/05\/DSCN0311-300x225.jpg\" width=\"300\" height=\"225\" alt=\"\" \/><\/a><\/div> <\/div> <\/div>\n<p>&nbsp;<\/p>\n","protected":false},"excerpt":{"rendered":"<p>Auf gro\u00dfer Fahrt \/ Scheiden tut weh Comenius Projekt f\u00fchrt Sch\u00fcler und Lehrer der Schule Finowfurt nach Bulgarien Im Rahmen<\/p>\n","protected":false},"author":1,"featured_media":0,"parent":0,"menu_order":0,"comment_status":"closed","ping_status":"closed","template":"","meta":{"footnotes":""},"class_list":["post-824","page","type-page","status-publish","hentry"],"_links":{"self":[{"href":"https:\/\/www.schule-finowfurt.de\/site\/index.php?rest_route=\/wp\/v2\/pages\/824","targetHints":{"allow":["GET"]}}],"collection":[{"href":"https:\/\/www.schule-finowfurt.de\/site\/index.php?rest_route=\/wp\/v2\/pages"}],"about":[{"href":"https:\/\/www.schule-finowfurt.de\/site\/index.php?rest_route=\/wp\/v2\/types\/page"}],"author":[{"embeddable":true,"href":"https:\/\/www.schule-finowfurt.de\/site\/index.php?rest_route=\/wp\/v2\/users\/1"}],"replies":[{"embeddable":true,"href":"https:\/\/www.schule-finowfurt.de\/site\/index.php?rest_route=%2Fwp%2Fv2%2Fcomments&post=824"}],"version-history":[{"count":2,"href":"https:\/\/www.schule-finowfurt.de\/site\/index.php?rest_route=\/wp\/v2\/pages\/824\/revisions"}],"predecessor-version":[{"id":843,"href":"https:\/\/www.schule-finowfurt.de\/site\/index.php?rest_route=\/wp\/v2\/pages\/824\/revisions\/843"}],"wp:attachment":[{"href":"https:\/\/www.schule-finowfurt.de\/site\/index.php?rest_route=%2Fwp%2Fv2%2Fmedia&parent=824"}],"curies":[{"name":"wp","href":"https:\/\/api.w.org\/{rel}","templated":true}]}}